{"id":2994,"date":"2024-03-13T05:10:48","date_gmt":"2024-03-13T05:10:48","guid":{"rendered":"https:\/\/hoerdesign-neu.ch.xn--hrdesign-n4a.ch\/?page_id=2994"},"modified":"2024-03-25T20:14:22","modified_gmt":"2024-03-25T20:14:22","slug":"fernanpassung","status":"publish","type":"page","link":"https:\/\/hoerdesign.ch\/en\/fernanpassung\/","title":{"rendered":"remote fitting"},"content":{"rendered":"<div data-elementor-type=\"wp-page\" data-elementor-id=\"2994\" class=\"elementor elementor-2994\" data-elementor-post-type=\"page\">\n\t\t\t\t\t\t<section class=\"elementor-section elementor-top-section elementor-element elementor-element-0970117 elementor-section-boxed elementor-section-height-default elementor-section-height-default\" data-id=\"0970117\" data-element_type=\"section\" data-e-type=\"section\">\n\t\t\t\t\t\t<div class=\"elementor-container elementor-column-gap-default\">\n\t\t\t\t\t<div class=\"elementor-column elementor-col-100 elementor-top-column elementor-element elementor-element-38efe97\" data-id=\"38efe97\" data-element_type=\"column\" data-e-type=\"column\">\n\t\t\t<div class=\"elementor-widget-wrap elementor-element-populated\">\n\t\t\t\t\t\t<div class=\"elementor-element elementor-element-cc1185f elementor-widget elementor-widget-spacer\" data-id=\"cc1185f\" data-element_type=\"widget\" data-e-type=\"widget\" data-widget_type=\"spacer.default\">\n\t\t\t\t<div class=\"elementor-widget-container\">\n\t\t\t\t\t\t\t<div class=\"elementor-spacer\">\n\t\t\t<div class=\"elementor-spacer-inner\"><\/div>\n\t\t<\/div>\n\t\t\t\t\t\t<\/div>\n\t\t\t\t<\/div>\n\t\t\t\t<section class=\"elementor-section elementor-inner-section elementor-element elementor-element-d2e7424 elementor-section-boxed elementor-section-height-default elementor-section-height-default\" data-id=\"d2e7424\" data-element_type=\"section\" data-e-type=\"section\">\n\t\t\t\t\t\t<div class=\"elementor-container elementor-column-gap-default\">\n\t\t\t\t\t<div class=\"elementor-column elementor-col-50 elementor-inner-column elementor-element elementor-element-845f2f3\" data-id=\"845f2f3\" data-element_type=\"column\" data-e-type=\"column\">\n\t\t\t<div class=\"elementor-widget-wrap elementor-element-populated\">\n\t\t\t\t\t\t<div class=\"elementor-element elementor-element-8cecd1b elementor-widget elementor-widget-heading\" data-id=\"8cecd1b\" data-element_type=\"widget\" data-e-type=\"widget\" data-widget_type=\"heading.default\">\n\t\t\t\t<div class=\"elementor-widget-container\">\n\t\t\t\t\t<h3 class=\"elementor-heading-title elementor-size-default\">remote fitting<\/h3>\t\t\t\t<\/div>\n\t\t\t\t<\/div>\n\t\t\t\t\t<\/div>\n\t\t<\/div>\n\t\t\t\t<div class=\"elementor-column elementor-col-50 elementor-inner-column elementor-element elementor-element-375c6e7\" data-id=\"375c6e7\" data-element_type=\"column\" data-e-type=\"column\">\n\t\t\t<div class=\"elementor-widget-wrap elementor-element-populated\">\n\t\t\t\t\t\t<div class=\"elementor-element elementor-element-1328eb5 elementor-view-default elementor-widget elementor-widget-icon\" data-id=\"1328eb5\" data-element_type=\"widget\" data-e-type=\"widget\" data-widget_type=\"icon.default\">\n\t\t\t\t<div class=\"elementor-widget-container\">\n\t\t\t\t\t\t\t<div class=\"elementor-icon-wrapper\">\n\t\t\t<div class=\"elementor-icon\">\n\t\t\t<svg aria-hidden=\"true\" class=\"e-font-icon-svg e-fas-cloud\" viewbox=\"0 0 640 512\" xmlns=\"http:\/\/www.w3.org\/2000\/svg\"><path d=\"M537.6 226.6c4.1-10.7 6.4-22.4 6.4-34.6 0-53-43-96-96-96-19.7 0-38.1 6-53.3 16.2C367 64.2 315.3 32 256 32c-88.4 0-160 71.6-160 160 0 2.7.1 5.4.2 8.1C40.2 219.8 0 273.2 0 336c0 79.5 64.5 144 144 144h368c70.7 0 128-57.3 128-128 0-61.9-44-113.6-102.4-125.4z\"><\/path><\/svg>\t\t\t<\/div>\n\t\t<\/div>\n\t\t\t\t\t\t<\/div>\n\t\t\t\t<\/div>\n\t\t\t\t\t<\/div>\n\t\t<\/div>\n\t\t\t\t\t<\/div>\n\t\t<\/section>\n\t\t\t\t<div class=\"elementor-element elementor-element-f10013a elementor-widget elementor-widget-text-editor\" data-id=\"f10013a\" data-element_type=\"widget\" data-e-type=\"widget\" data-widget_type=\"text-editor.default\">\n\t\t\t\t<div class=\"elementor-widget-container\">\n\t\t\t\t\t\t\t\t\t<h4><strong>What does fitting and remote fitting mean?<\/strong><\/h4><p>Fitting refers to the programming of hearing aids. The specialist adjusts the hearing aids using a computer. Remote fitting means that these settings can also be adjusted over longer distances using a smartphone.<\/p>\t\t\t\t\t\t\t\t<\/div>\n\t\t\t\t<\/div>\n\t\t\t\t<div class=\"elementor-element elementor-element-b065f2a elementor-widget elementor-widget-image\" data-id=\"b065f2a\" data-element_type=\"widget\" data-e-type=\"widget\" data-widget_type=\"image.default\">\n\t\t\t\t<div class=\"elementor-widget-container\">\n\t\t\t\t\t\t\t\t\t\t\t\t\t\t\t<img fetchpriority=\"high\" decoding=\"async\" width=\"750\" height=\"316\" src=\"https:\/\/hoerdesign.ch\/wp-content\/uploads\/2024\/03\/AdobeStock_422169803-scaled-1-1024x432.jpeg\" class=\"attachment-large size-large wp-image-2996\" alt=\"\" srcset=\"https:\/\/hoerdesign.ch\/wp-content\/uploads\/2024\/03\/AdobeStock_422169803-scaled-1-1024x432.jpeg 1024w, https:\/\/hoerdesign.ch\/wp-content\/uploads\/2024\/03\/AdobeStock_422169803-scaled-1-300x127.jpeg 300w, https:\/\/hoerdesign.ch\/wp-content\/uploads\/2024\/03\/AdobeStock_422169803-scaled-1-768x324.jpeg 768w, https:\/\/hoerdesign.ch\/wp-content\/uploads\/2024\/03\/AdobeStock_422169803-scaled-1-1536x648.jpeg 1536w, https:\/\/hoerdesign.ch\/wp-content\/uploads\/2024\/03\/AdobeStock_422169803-scaled-1-2048x864.jpeg 2048w, https:\/\/hoerdesign.ch\/wp-content\/uploads\/2024\/03\/AdobeStock_422169803-scaled-1-1568x662.jpeg 1568w\" sizes=\"(max-width: 750px) 100vw, 750px\" style=\"width:100%;height:42.19%;max-width:2560px\" \/>\t\t\t\t\t\t\t\t\t\t\t\t\t\t\t<\/div>\n\t\t\t\t<\/div>\n\t\t\t\t<div class=\"elementor-element elementor-element-54c0642 elementor-widget elementor-widget-text-editor\" data-id=\"54c0642\" data-element_type=\"widget\" data-e-type=\"widget\" data-widget_type=\"text-editor.default\">\n\t\t\t\t<div class=\"elementor-widget-container\">\n\t\t\t\t\t\t\t\t\t<h4><strong>What does remote fitting cost?<\/strong><\/h4><p>H\u00f6rdesign also offers a free 30-day trial period for this type of adjustment. It's important that you attend 1-2 visits to the store in person. Additional appointments can be held over the phone or via video conference. You don't need anything extra for these sessions. It doesn't matter where you are located. A good internet connection and a newer generation smartphone are essential.<\/p>\t\t\t\t\t\t\t\t<\/div>\n\t\t\t\t<\/div>\n\t\t\t\t<div class=\"elementor-element elementor-element-a623848 elementor-widget elementor-widget-text-editor\" data-id=\"a623848\" data-element_type=\"widget\" data-e-type=\"widget\" data-widget_type=\"text-editor.default\">\n\t\t\t\t<div class=\"elementor-widget-container\">\n\t\t\t\t\t\t\t\t\t<h4><strong>Do I never have to come into the store?<\/strong><\/h4><p>2 appointments at the specialty store are recommended. It's important that the hearing aid is correctly fitted to the ear so that it's 100% invisible. Further adjustments to the mini hearing aids can be done online and also outside of store hours.<\/p>\t\t\t\t\t\t\t\t<\/div>\n\t\t\t\t<\/div>\n\t\t\t\t<div class=\"elementor-element elementor-element-7aaf911 elementor-widget elementor-widget-text-editor\" data-id=\"7aaf911\" data-element_type=\"widget\" data-e-type=\"widget\" data-widget_type=\"text-editor.default\">\n\t\t\t\t<div class=\"elementor-widget-container\">\n\t\t\t\t\t\t\t\t\t<h4><strong>Is a combination of remote fitting and store visits possible?<\/strong><\/h4><p>Yes, combining both is actually recommended. This way, we can conduct measurements in the store and make minor adjustments online as well. We're happy to save you time.<\/p>\t\t\t\t\t\t\t\t<\/div>\n\t\t\t\t<\/div>\n\t\t\t\t<div class=\"elementor-element elementor-element-de9c920 elementor-widget elementor-widget-text-editor\" data-id=\"de9c920\" data-element_type=\"widget\" data-e-type=\"widget\" data-widget_type=\"text-editor.default\">\n\t\t\t\t<div class=\"elementor-widget-container\">\n\t\t\t\t\t\t\t\t\t<h4><strong>Conclusion:<\/strong><\/h4><p>With remote fitting, new possibilities are available for hearing aid wearers. Time-consuming adjustments are no longer necessary. The new technology in hearing aids allows us to adjust them anywhere in the world. This gives you added security as we accompany you continuously. Of course, H\u00f6rdesign is always there for you at Neugasse in Zug. A good internet connection and a latest-generation smartphone are needed to make adjustments to the hearing aid. It doesn't matter whether you're on vacation, on the other side of the world, at work, or in the beautiful mountains. The app's notebook quickly guides you to hearing success. Conclusion: You don't compromise on the quality of the hearing aids, and we're available for you 24\/7 via WhatsApp. A response is guaranteed within 12 hours.<\/p>\t\t\t\t\t\t\t\t<\/div>\n\t\t\t\t<\/div>\n\t\t\t\t<div class=\"elementor-element elementor-element-d8396cf elementor-widget elementor-widget-text-editor\" data-id=\"d8396cf\" data-element_type=\"widget\" data-e-type=\"widget\" data-widget_type=\"text-editor.default\">\n\t\t\t\t<div class=\"elementor-widget-container\">\n\t\t\t\t\t\t\t\t\t<h4>Do you have any more questions for us?<\/h4><h4>\u00a0<\/h4><h4><strong>Give us a call!<\/strong><\/h4>\t\t\t\t\t\t\t\t<\/div>\n\t\t\t\t<\/div>\n\t\t\t\t\t<\/div>\n\t\t<\/div>\n\t\t\t\t\t<\/div>\n\t\t<\/section>\n\t\t\t\t<\/div>","protected":false},"excerpt":{"rendered":"<p>Fernanpassung Was bedeutet Anpassung und Fernanpassung? Anpassung ist die Beschreibung f\u00fcr die Programmierung von H\u00f6rger\u00e4ten. Dabei stellt der Fachmann die H\u00f6rger\u00e4te mit Hilfe eines Computers ein. Die Fernanpassung bedeutet, dass diese Einstellungen im H\u00f6rger\u00e4t auch \u00fcber gr\u00f6ssere Distanzen m\u00f6glich sind mit Hilfe eines Smartphones. Was kostet die Fernanpassung? Auch bei dieser Art der Anpassung bietet&hellip; <a class=\"more-link\" href=\"https:\/\/hoerdesign.ch\/en\/fernanpassung\/\">Continue reading <span class=\"screen-reader-text\">remote fitting<\/span><\/a><\/p>","protected":false},"author":1,"featured_media":0,"parent":0,"menu_order":0,"comment_status":"closed","ping_status":"closed","template":"","meta":{"_surecart_dashboard_logo_width":"180px","_surecart_dashboard_show_logo":true,"_surecart_dashboard_navigation_orders":true,"_surecart_dashboard_navigation_invoices":true,"_surecart_dashboard_navigation_subscriptions":true,"_surecart_dashboard_navigation_downloads":true,"_surecart_dashboard_navigation_billing":true,"_surecart_dashboard_navigation_account":true,"footnotes":""},"class_list":["post-2994","page","type-page","status-publish","hentry","entry"],"yoast_head":"<!-- This site is optimized with the Yoast SEO plugin v27.5 - https:\/\/yoast.com\/product\/yoast-seo-wordpress\/ -->\n<title>Die Ohren kennen keine Distanz<\/title>\n<meta name=\"description\" content=\"Sie sind zu weit weg und doch m\u00f6chten Sie die passende Qualit\u00e4t von uns? Fragen Sie uns an f\u00fcr eine H\u00f6rger\u00e4teeinstellung per Fernwartung.\" \/>\n<meta name=\"robots\" content=\"index, follow, max-snippet:-1, max-image-preview:large, max-video-preview:-1\" \/>\n<link rel=\"canonical\" href=\"https:\/\/hoerdesign.ch\/en\/fernanpassung\/\" \/>\n<meta property=\"og:locale\" content=\"en_GB\" \/>\n<meta property=\"og:type\" content=\"article\" \/>\n<meta property=\"og:title\" content=\"Die Ohren kennen keine Distanz\" \/>\n<meta property=\"og:description\" content=\"Sie sind zu weit weg und doch m\u00f6chten Sie die passende Qualit\u00e4t von uns? Fragen Sie uns an f\u00fcr eine H\u00f6rger\u00e4teeinstellung per Fernwartung.\" \/>\n<meta property=\"og:url\" content=\"https:\/\/hoerdesign.ch\/en\/fernanpassung\/\" \/>\n<meta property=\"og:site_name\" content=\"H\u00f6rdesign GmbH\" \/>\n<meta property=\"article:publisher\" content=\"https:\/\/www.facebook.com\/hoerdesigninzug\" \/>\n<meta property=\"article:modified_time\" content=\"2024-03-25T20:14:22+00:00\" \/>\n<meta property=\"og:image\" content=\"https:\/\/hoerdesign.ch\/wp-content\/uploads\/2024\/03\/AdobeStock_422169803-scaled-1-1024x432.jpeg\" \/>\n<meta name=\"twitter:card\" content=\"summary_large_image\" \/>\n<meta name=\"twitter:label1\" content=\"Estimated reading time\" \/>\n\t<meta name=\"twitter:data1\" content=\"3 minutes\" \/>\n<script type=\"application\/ld+json\" class=\"yoast-schema-graph\">{\"@context\":\"https:\\\/\\\/schema.org\",\"@graph\":[{\"@type\":\"WebPage\",\"@id\":\"https:\\\/\\\/hoerdesign.ch\\\/fernanpassung\\\/\",\"url\":\"https:\\\/\\\/hoerdesign.ch\\\/fernanpassung\\\/\",\"name\":\"Die Ohren kennen keine Distanz\",\"isPartOf\":{\"@id\":\"https:\\\/\\\/hoerdesign.ch\\\/#website\"},\"primaryImageOfPage\":{\"@id\":\"https:\\\/\\\/hoerdesign.ch\\\/fernanpassung\\\/#primaryimage\"},\"image\":{\"@id\":\"https:\\\/\\\/hoerdesign.ch\\\/fernanpassung\\\/#primaryimage\"},\"thumbnailUrl\":\"https:\\\/\\\/hoerdesign.ch\\\/wp-content\\\/uploads\\\/2024\\\/03\\\/AdobeStock_422169803-scaled-1-1024x432.jpeg\",\"datePublished\":\"2024-03-13T05:10:48+00:00\",\"dateModified\":\"2024-03-25T20:14:22+00:00\",\"description\":\"Sie sind zu weit weg und doch m\u00f6chten Sie die passende Qualit\u00e4t von uns? Fragen Sie uns an f\u00fcr eine H\u00f6rger\u00e4teeinstellung per Fernwartung.\",\"breadcrumb\":{\"@id\":\"https:\\\/\\\/hoerdesign.ch\\\/fernanpassung\\\/#breadcrumb\"},\"inLanguage\":\"en-GB\",\"potentialAction\":[{\"@type\":\"ReadAction\",\"target\":[\"https:\\\/\\\/hoerdesign.ch\\\/fernanpassung\\\/\"]}]},{\"@type\":\"ImageObject\",\"inLanguage\":\"en-GB\",\"@id\":\"https:\\\/\\\/hoerdesign.ch\\\/fernanpassung\\\/#primaryimage\",\"url\":\"https:\\\/\\\/hoerdesign.ch\\\/wp-content\\\/uploads\\\/2024\\\/03\\\/AdobeStock_422169803-scaled-1-1024x432.jpeg\",\"contentUrl\":\"https:\\\/\\\/hoerdesign.ch\\\/wp-content\\\/uploads\\\/2024\\\/03\\\/AdobeStock_422169803-scaled-1-1024x432.jpeg\"},{\"@type\":\"BreadcrumbList\",\"@id\":\"https:\\\/\\\/hoerdesign.ch\\\/fernanpassung\\\/#breadcrumb\",\"itemListElement\":[{\"@type\":\"ListItem\",\"position\":1,\"name\":\"Startseite\",\"item\":\"https:\\\/\\\/hoerdesign.ch\\\/\"},{\"@type\":\"ListItem\",\"position\":2,\"name\":\"Fernanpassung\"}]},{\"@type\":\"WebSite\",\"@id\":\"https:\\\/\\\/hoerdesign.ch\\\/#website\",\"url\":\"https:\\\/\\\/hoerdesign.ch\\\/\",\"name\":\"H\u00f6rdesign GmbH\",\"description\":\"Mehr h\u00f6ren. Mehr erleben\",\"publisher\":{\"@id\":\"https:\\\/\\\/hoerdesign.ch\\\/#organization\"},\"potentialAction\":[{\"@type\":\"SearchAction\",\"target\":{\"@type\":\"EntryPoint\",\"urlTemplate\":\"https:\\\/\\\/hoerdesign.ch\\\/?s={search_term_string}\"},\"query-input\":{\"@type\":\"PropertyValueSpecification\",\"valueRequired\":true,\"valueName\":\"search_term_string\"}}],\"inLanguage\":\"en-GB\"},{\"@type\":\"Organization\",\"@id\":\"https:\\\/\\\/hoerdesign.ch\\\/#organization\",\"name\":\"H\u00f6rdesign GmbH\",\"url\":\"https:\\\/\\\/hoerdesign.ch\\\/\",\"logo\":{\"@type\":\"ImageObject\",\"inLanguage\":\"en-GB\",\"@id\":\"https:\\\/\\\/hoerdesign.ch\\\/#\\\/schema\\\/logo\\\/image\\\/\",\"url\":\"https:\\\/\\\/hoerdesign.ch\\\/wp-content\\\/uploads\\\/2023\\\/10\\\/Logo-Hoerdesign-Hohe-Aufloesung.png\",\"contentUrl\":\"https:\\\/\\\/hoerdesign.ch\\\/wp-content\\\/uploads\\\/2023\\\/10\\\/Logo-Hoerdesign-Hohe-Aufloesung.png\",\"width\":730,\"height\":289,\"caption\":\"H\u00f6rdesign GmbH\"},\"image\":{\"@id\":\"https:\\\/\\\/hoerdesign.ch\\\/#\\\/schema\\\/logo\\\/image\\\/\"},\"sameAs\":[\"https:\\\/\\\/www.facebook.com\\\/hoerdesigninzug\",\"https:\\\/\\\/www.instagram.com\\\/hoerdesign_official\\\/\",\"https:\\\/\\\/www.linkedin.com\\\/company\\\/78306967\\\/admin\\\/feed\\\/posts\\\/?feedType=following\"]}]}<\/script>\n<!-- \/ Yoast SEO plugin. -->","yoast_head_json":{"title":"Die Ohren kennen keine Distanz","description":"Sie sind zu weit weg und doch m\u00f6chten Sie die passende Qualit\u00e4t von uns? Fragen Sie uns an f\u00fcr eine H\u00f6rger\u00e4teeinstellung per Fernwartung.","robots":{"index":"index","follow":"follow","max-snippet":"max-snippet:-1","max-image-preview":"max-image-preview:large","max-video-preview":"max-video-preview:-1"},"canonical":"https:\/\/hoerdesign.ch\/en\/fernanpassung\/","og_locale":"en_GB","og_type":"article","og_title":"Die Ohren kennen keine Distanz","og_description":"Sie sind zu weit weg und doch m\u00f6chten Sie die passende Qualit\u00e4t von uns? Fragen Sie uns an f\u00fcr eine H\u00f6rger\u00e4teeinstellung per Fernwartung.","og_url":"https:\/\/hoerdesign.ch\/en\/fernanpassung\/","og_site_name":"H\u00f6rdesign GmbH","article_publisher":"https:\/\/www.facebook.com\/hoerdesigninzug","article_modified_time":"2024-03-25T20:14:22+00:00","og_image":[{"url":"https:\/\/hoerdesign.ch\/wp-content\/uploads\/2024\/03\/AdobeStock_422169803-scaled-1-1024x432.jpeg","type":"","width":"","height":""}],"twitter_card":"summary_large_image","twitter_misc":{"Estimated reading time":"3 minutes"},"schema":{"@context":"https:\/\/schema.org","@graph":[{"@type":"WebPage","@id":"https:\/\/hoerdesign.ch\/fernanpassung\/","url":"https:\/\/hoerdesign.ch\/fernanpassung\/","name":"Die Ohren kennen keine Distanz","isPartOf":{"@id":"https:\/\/hoerdesign.ch\/#website"},"primaryImageOfPage":{"@id":"https:\/\/hoerdesign.ch\/fernanpassung\/#primaryimage"},"image":{"@id":"https:\/\/hoerdesign.ch\/fernanpassung\/#primaryimage"},"thumbnailUrl":"https:\/\/hoerdesign.ch\/wp-content\/uploads\/2024\/03\/AdobeStock_422169803-scaled-1-1024x432.jpeg","datePublished":"2024-03-13T05:10:48+00:00","dateModified":"2024-03-25T20:14:22+00:00","description":"Sie sind zu weit weg und doch m\u00f6chten Sie die passende Qualit\u00e4t von uns? Fragen Sie uns an f\u00fcr eine H\u00f6rger\u00e4teeinstellung per Fernwartung.","breadcrumb":{"@id":"https:\/\/hoerdesign.ch\/fernanpassung\/#breadcrumb"},"inLanguage":"en-GB","potentialAction":[{"@type":"ReadAction","target":["https:\/\/hoerdesign.ch\/fernanpassung\/"]}]},{"@type":"ImageObject","inLanguage":"en-GB","@id":"https:\/\/hoerdesign.ch\/fernanpassung\/#primaryimage","url":"https:\/\/hoerdesign.ch\/wp-content\/uploads\/2024\/03\/AdobeStock_422169803-scaled-1-1024x432.jpeg","contentUrl":"https:\/\/hoerdesign.ch\/wp-content\/uploads\/2024\/03\/AdobeStock_422169803-scaled-1-1024x432.jpeg"},{"@type":"BreadcrumbList","@id":"https:\/\/hoerdesign.ch\/fernanpassung\/#breadcrumb","itemListElement":[{"@type":"ListItem","position":1,"name":"Startseite","item":"https:\/\/hoerdesign.ch\/"},{"@type":"ListItem","position":2,"name":"Fernanpassung"}]},{"@type":"WebSite","@id":"https:\/\/hoerdesign.ch\/#website","url":"https:\/\/hoerdesign.ch\/","name":"H\u00f6rdesign GmbH","description":"Mehr h\u00f6ren. Mehr erleben","publisher":{"@id":"https:\/\/hoerdesign.ch\/#organization"},"potentialAction":[{"@type":"SearchAction","target":{"@type":"EntryPoint","urlTemplate":"https:\/\/hoerdesign.ch\/?s={search_term_string}"},"query-input":{"@type":"PropertyValueSpecification","valueRequired":true,"valueName":"search_term_string"}}],"inLanguage":"en-GB"},{"@type":"Organization","@id":"https:\/\/hoerdesign.ch\/#organization","name":"H\u00f6rdesign GmbH","url":"https:\/\/hoerdesign.ch\/","logo":{"@type":"ImageObject","inLanguage":"en-GB","@id":"https:\/\/hoerdesign.ch\/#\/schema\/logo\/image\/","url":"https:\/\/hoerdesign.ch\/wp-content\/uploads\/2023\/10\/Logo-Hoerdesign-Hohe-Aufloesung.png","contentUrl":"https:\/\/hoerdesign.ch\/wp-content\/uploads\/2023\/10\/Logo-Hoerdesign-Hohe-Aufloesung.png","width":730,"height":289,"caption":"H\u00f6rdesign GmbH"},"image":{"@id":"https:\/\/hoerdesign.ch\/#\/schema\/logo\/image\/"},"sameAs":["https:\/\/www.facebook.com\/hoerdesigninzug","https:\/\/www.instagram.com\/hoerdesign_official\/","https:\/\/www.linkedin.com\/company\/78306967\/admin\/feed\/posts\/?feedType=following"]}]}},"_links":{"self":[{"href":"https:\/\/hoerdesign.ch\/en\/wp-json\/wp\/v2\/pages\/2994","targetHints":{"allow":["GET"]}}],"collection":[{"href":"https:\/\/hoerdesign.ch\/en\/wp-json\/wp\/v2\/pages"}],"about":[{"href":"https:\/\/hoerdesign.ch\/en\/wp-json\/wp\/v2\/types\/page"}],"author":[{"embeddable":true,"href":"https:\/\/hoerdesign.ch\/en\/wp-json\/wp\/v2\/users\/1"}],"replies":[{"embeddable":true,"href":"https:\/\/hoerdesign.ch\/en\/wp-json\/wp\/v2\/comments?post=2994"}],"version-history":[{"count":5,"href":"https:\/\/hoerdesign.ch\/en\/wp-json\/wp\/v2\/pages\/2994\/revisions"}],"predecessor-version":[{"id":3000,"href":"https:\/\/hoerdesign.ch\/en\/wp-json\/wp\/v2\/pages\/2994\/revisions\/3000"}],"wp:attachment":[{"href":"https:\/\/hoerdesign.ch\/en\/wp-json\/wp\/v2\/media?parent=2994"}],"curies":[{"name":"wp","href":"https:\/\/api.w.org\/{rel}","templated":true}]}}