{"id":3127,"date":"2024-03-13T05:49:13","date_gmt":"2024-03-13T05:49:13","guid":{"rendered":"https:\/\/hoerdesign-neu.ch.xn--hrdesign-n4a.ch\/?page_id=3127"},"modified":"2024-03-13T05:50:52","modified_gmt":"2024-03-13T05:50:52","slug":"snug-aufsatz-fuer-apple","status":"publish","type":"page","link":"https:\/\/hoerdesign.ch\/en\/snug-aufsatz-fuer-apple\/","title":{"rendered":"Snug Aufsatz f\u00fcr Apple Air Pods"},"content":{"rendered":"<div data-elementor-type=\"wp-page\" data-elementor-id=\"3127\" class=\"elementor elementor-3127\" data-elementor-post-type=\"page\">\n\t\t\t\t\t\t<section class=\"elementor-section elementor-top-section elementor-element elementor-element-53900f1 elementor-section-boxed elementor-section-height-default elementor-section-height-default\" data-id=\"53900f1\" data-element_type=\"section\" data-e-type=\"section\">\n\t\t\t\t\t\t<div class=\"elementor-container elementor-column-gap-default\">\n\t\t\t\t\t<div class=\"elementor-column elementor-col-100 elementor-top-column elementor-element elementor-element-ca4f2d3\" data-id=\"ca4f2d3\" data-element_type=\"column\" data-e-type=\"column\">\n\t\t\t<div class=\"elementor-widget-wrap elementor-element-populated\">\n\t\t\t\t\t\t<div class=\"elementor-element elementor-element-ffe52ec elementor-widget elementor-widget-spacer\" data-id=\"ffe52ec\" data-element_type=\"widget\" data-e-type=\"widget\" data-widget_type=\"spacer.default\">\n\t\t\t\t<div class=\"elementor-widget-container\">\n\t\t\t\t\t\t\t<div class=\"elementor-spacer\">\n\t\t\t<div class=\"elementor-spacer-inner\"><\/div>\n\t\t<\/div>\n\t\t\t\t\t\t<\/div>\n\t\t\t\t<\/div>\n\t\t\t\t<div class=\"elementor-element elementor-element-147f1c4 elementor-widget elementor-widget-heading\" data-id=\"147f1c4\" data-element_type=\"widget\" data-e-type=\"widget\" data-widget_type=\"heading.default\">\n\t\t\t\t<div class=\"elementor-widget-container\">\n\t\t\t\t\t<h3 class=\"elementor-heading-title elementor-size-default\">Snug-Aufsatz f\u00fcr Apple I-Pods<\/h3>\t\t\t\t<\/div>\n\t\t\t\t<\/div>\n\t\t\t\t<div class=\"elementor-element elementor-element-c5a3305 elementor-widget elementor-widget-text-editor\" data-id=\"c5a3305\" data-element_type=\"widget\" data-e-type=\"widget\" data-widget_type=\"text-editor.default\">\n\t\t\t\t<div class=\"elementor-widget-container\">\n\t\t\t\t\t\t\t\t\t<p>\u201cSnug\u201d kommt aus dem Englischen und bedeutet gem\u00fctlich, komfortabel und anschmiegsam \u2013 alles Eigenschaften dieser innovativen Otoplastik-Form.<\/p><p>\u00a0<\/p><p><b><span style=\"font-size: 12.0pt; line-height: 107%; font-family: Roboto; mso-fareast-font-family: 'Times New Roman'; mso-bidi-font-family: 'Times New Roman'; color: #3c3c3b; text-transform: uppercase; letter-spacing: 3.6pt; mso-ansi-language: DE-CH; mso-fareast-language: DE-CH; mso-bidi-language: AR-SA;\">KEIN STANDARD-OHR, UND NUN?<\/span><\/b><span style=\"font-size: 12.0pt; line-height: 107%; font-family: Roboto; mso-fareast-font-family: 'Times New Roman'; mso-bidi-font-family: 'Times New Roman'; color: #3c3c3b; mso-ansi-language: DE-CH; mso-fareast-language: DE-CH; mso-bidi-language: AR-SA;\"><br \/><br \/>Die AirPods von Apple geh\u00f6ren mit zu den beliebtesten Bluetooth-Kopfh\u00f6rern auf dem Markt. Apple verspricht ein unvergleichliches drahtloses Kopfh\u00f6rererlebnis kombiniert mit maximaler Bewegungsfreiheit \u2013 zumindest f\u00fcr den Gro\u00dfteil der User.\u00a0<\/span><\/p>\t\t\t\t\t\t\t\t<\/div>\n\t\t\t\t<\/div>\n\t\t\t\t<div class=\"elementor-element elementor-element-856fe0a elementor-widget elementor-widget-video\" data-id=\"856fe0a\" data-element_type=\"widget\" data-e-type=\"widget\" data-settings=\"{&quot;video_type&quot;:&quot;hosted&quot;,&quot;controls&quot;:&quot;yes&quot;}\" data-widget_type=\"video.default\">\n\t\t\t\t<div class=\"elementor-widget-container\">\n\t\t\t\t\t\t\t<div class=\"e-hosted-video elementor-wrapper elementor-open-inline\">\n\t\t\t\t\t<video class=\"elementor-video\" src=\"https:\/\/hoerdesign.ch\/wp-content\/uploads\/2024\/03\/Snug.mp4\" controls=\"\" preload=\"metadata\" controlslist=\"nodownload\"><\/video>\n\t\t\t\t<\/div>\n\t\t\t\t\t\t<\/div>\n\t\t\t\t<\/div>\n\t\t\t\t<div class=\"elementor-element elementor-element-ecb3f35 elementor-widget elementor-widget-text-editor\" data-id=\"ecb3f35\" data-element_type=\"widget\" data-e-type=\"widget\" data-widget_type=\"text-editor.default\">\n\t\t\t\t<div class=\"elementor-widget-container\">\n\t\t\t\t\t\t\t\t\t<p>Denn wer mit seinen Ohren aus der Norm f\u00e4llt, der k\u00e4mpft bei den AirPods entweder mit Druckstellen oder mit mangelndem Halt. Da die Geometrie dieser Kopfh\u00f6rer kaum Hinterschneidungen oder haltgebende Punkte bietet, ist die Fixierung einer Otoplastik bisher nur mittels voll umschlie\u00dfender Silikonh\u00fclle m\u00f6glich gewesen.<\/p><p>\u00a0<\/p><p><strong>\/\/ 100%-iger Halt<br \/>\/\/ Aussparung der Sensoren<br \/>\/\/ Alle Funktionen der AirPods bleiben erhalten<br \/>\/\/ Verbessertes Klangbild<br \/>\/\/ Offenes H\u00f6rersystem \u2013 keine Abschottung<br \/>\/\/ Schnell und einfach im Handling<br \/>\/\/ Aktuell verf\u00fcgbar f\u00fcr: Apple AirPods &amp; EarPods<\/strong><\/p><p><strong>\u00a0<\/strong><\/p><p>INNOVATIVE BAUFORM<br \/>Statt vollfl\u00e4chiger Silikonh\u00fclle verwenden wir f\u00fcr unsere Snug-Otoplastik eine extrem reduzierte Bauform. Der AirPod wird ganz einfach in den daf\u00fcr konstruierten Ring hineingeklickt. Auf diese Weise schmiegt sich die Otoplastik perfekt um den H\u00f6rer und ist fest fixiert. Ein zus\u00e4tzlicher Dichtring sorgt beim Schallaustritt f\u00fcr eine 100%-ige Abdichtung.<\/p><p>MATERIAL<br \/>Wir fertigen Snug-Otoplastiken aus starrem Acrylat. Dieser Werkstoff ist widerstandsf\u00e4hig und extrem langlebig. Die Oberfl\u00e4che der Snugs ist matt poliert. Wei\u00df ist Standard-Farbe, auf Wunsch fertigen wir auch Schwarz und Transparent.<\/p><p>\u00a0<\/p>\t\t\t\t\t\t\t\t<\/div>\n\t\t\t\t<\/div>\n\t\t\t\t<div class=\"elementor-element elementor-element-9b5a77e elementor-widget elementor-widget-text-editor\" data-id=\"9b5a77e\" data-element_type=\"widget\" data-e-type=\"widget\" data-widget_type=\"text-editor.default\">\n\t\t\t\t<div class=\"elementor-widget-container\">\n\t\t\t\t\t\t\t\t\t<h5>Preis pro Paar: 165 CHF<\/h5>\t\t\t\t\t\t\t\t<\/div>\n\t\t\t\t<\/div>\n\t\t\t\t\t<\/div>\n\t\t<\/div>\n\t\t\t\t\t<\/div>\n\t\t<\/section>\n\t\t\t\t<\/div>","protected":false},"excerpt":{"rendered":"<p>Snug-Aufsatz f\u00fcr Apple I-Pods \u201cSnug\u201d kommt aus dem Englischen und bedeutet gem\u00fctlich, komfortabel und anschmiegsam \u2013 alles Eigenschaften dieser innovativen Otoplastik-Form. \u00a0 KEIN STANDARD-OHR, UND NUN? Die AirPods von Apple geh\u00f6ren mit zu den beliebtesten Bluetooth-Kopfh\u00f6rern auf dem Markt. Apple verspricht ein unvergleichliches drahtloses Kopfh\u00f6rererlebnis kombiniert mit maximaler Bewegungsfreiheit \u2013 zumindest f\u00fcr den Gro\u00dfteil der&hellip; <a class=\"more-link\" href=\"https:\/\/hoerdesign.ch\/en\/snug-aufsatz-fuer-apple\/\">Continue reading <span class=\"screen-reader-text\">Snug Aufsatz f\u00fcr Apple Air Pods<\/span><\/a><\/p>","protected":false},"author":1,"featured_media":0,"parent":0,"menu_order":0,"comment_status":"closed","ping_status":"closed","template":"","meta":{"_surecart_dashboard_logo_width":"180px","_surecart_dashboard_show_logo":true,"_surecart_dashboard_navigation_orders":true,"_surecart_dashboard_navigation_invoices":true,"_surecart_dashboard_navigation_subscriptions":true,"_surecart_dashboard_navigation_downloads":true,"_surecart_dashboard_navigation_billing":true,"_surecart_dashboard_navigation_account":true,"footnotes":""},"class_list":["post-3127","page","type-page","status-publish","hentry","entry"],"yoast_head":"<!-- This site is optimized with the Yoast SEO plugin v27.4 - https:\/\/yoast.com\/product\/yoast-seo-wordpress\/ -->\n<title>Snug Aufsatz f\u00fcr Apple Air Pods - H\u00f6rdesign GmbH<\/title>\n<meta name=\"robots\" content=\"index, follow, max-snippet:-1, max-image-preview:large, max-video-preview:-1\" \/>\n<link rel=\"canonical\" href=\"https:\/\/hoerdesign.ch\/en\/snug-aufsatz-fuer-apple\/\" \/>\n<meta property=\"og:locale\" content=\"en_GB\" \/>\n<meta property=\"og:type\" content=\"article\" \/>\n<meta property=\"og:title\" content=\"Snug Aufsatz f\u00fcr Apple Air Pods - H\u00f6rdesign GmbH\" \/>\n<meta property=\"og:description\" content=\"Snug-Aufsatz f\u00fcr Apple I-Pods \u201cSnug\u201d kommt aus dem Englischen und bedeutet gem\u00fctlich, komfortabel und anschmiegsam \u2013 alles Eigenschaften dieser innovativen Otoplastik-Form. \u00a0 KEIN STANDARD-OHR, UND NUN? Die AirPods von Apple geh\u00f6ren mit zu den beliebtesten Bluetooth-Kopfh\u00f6rern auf dem Markt. Apple verspricht ein unvergleichliches drahtloses Kopfh\u00f6rererlebnis kombiniert mit maximaler Bewegungsfreiheit \u2013 zumindest f\u00fcr den Gro\u00dfteil der&hellip; Continue reading Snug Aufsatz f\u00fcr Apple Air Pods\" \/>\n<meta property=\"og:url\" content=\"https:\/\/hoerdesign.ch\/en\/snug-aufsatz-fuer-apple\/\" \/>\n<meta property=\"og:site_name\" content=\"H\u00f6rdesign GmbH\" \/>\n<meta property=\"article:publisher\" content=\"https:\/\/www.facebook.com\/hoerdesigninzug\" \/>\n<meta property=\"article:modified_time\" content=\"2024-03-13T05:50:52+00:00\" \/>\n<meta name=\"twitter:card\" content=\"summary_large_image\" \/>\n<meta name=\"twitter:label1\" content=\"Estimated reading time\" \/>\n\t<meta name=\"twitter:data1\" content=\"1 minute\" \/>\n<script type=\"application\/ld+json\" class=\"yoast-schema-graph\">{\"@context\":\"https:\\\/\\\/schema.org\",\"@graph\":[{\"@type\":\"WebPage\",\"@id\":\"https:\\\/\\\/hoerdesign.ch\\\/snug-aufsatz-fuer-apple\\\/\",\"url\":\"https:\\\/\\\/hoerdesign.ch\\\/snug-aufsatz-fuer-apple\\\/\",\"name\":\"Snug Aufsatz f\u00fcr Apple Air Pods - H\u00f6rdesign GmbH\",\"isPartOf\":{\"@id\":\"https:\\\/\\\/hoerdesign.ch\\\/#website\"},\"datePublished\":\"2024-03-13T05:49:13+00:00\",\"dateModified\":\"2024-03-13T05:50:52+00:00\",\"breadcrumb\":{\"@id\":\"https:\\\/\\\/hoerdesign.ch\\\/snug-aufsatz-fuer-apple\\\/#breadcrumb\"},\"inLanguage\":\"en-GB\",\"potentialAction\":[{\"@type\":\"ReadAction\",\"target\":[\"https:\\\/\\\/hoerdesign.ch\\\/snug-aufsatz-fuer-apple\\\/\"]}]},{\"@type\":\"BreadcrumbList\",\"@id\":\"https:\\\/\\\/hoerdesign.ch\\\/snug-aufsatz-fuer-apple\\\/#breadcrumb\",\"itemListElement\":[{\"@type\":\"ListItem\",\"position\":1,\"name\":\"Startseite\",\"item\":\"https:\\\/\\\/hoerdesign.ch\\\/\"},{\"@type\":\"ListItem\",\"position\":2,\"name\":\"Snug Aufsatz f\u00fcr Apple Air Pods\"}]},{\"@type\":\"WebSite\",\"@id\":\"https:\\\/\\\/hoerdesign.ch\\\/#website\",\"url\":\"https:\\\/\\\/hoerdesign.ch\\\/\",\"name\":\"H\u00f6rdesign GmbH\",\"description\":\"Mehr h\u00f6ren. Mehr erleben\",\"publisher\":{\"@id\":\"https:\\\/\\\/hoerdesign.ch\\\/#organization\"},\"potentialAction\":[{\"@type\":\"SearchAction\",\"target\":{\"@type\":\"EntryPoint\",\"urlTemplate\":\"https:\\\/\\\/hoerdesign.ch\\\/?s={search_term_string}\"},\"query-input\":{\"@type\":\"PropertyValueSpecification\",\"valueRequired\":true,\"valueName\":\"search_term_string\"}}],\"inLanguage\":\"en-GB\"},{\"@type\":\"Organization\",\"@id\":\"https:\\\/\\\/hoerdesign.ch\\\/#organization\",\"name\":\"H\u00f6rdesign GmbH\",\"url\":\"https:\\\/\\\/hoerdesign.ch\\\/\",\"logo\":{\"@type\":\"ImageObject\",\"inLanguage\":\"en-GB\",\"@id\":\"https:\\\/\\\/hoerdesign.ch\\\/#\\\/schema\\\/logo\\\/image\\\/\",\"url\":\"https:\\\/\\\/hoerdesign.ch\\\/wp-content\\\/uploads\\\/2023\\\/10\\\/Logo-Hoerdesign-Hohe-Aufloesung.png\",\"contentUrl\":\"https:\\\/\\\/hoerdesign.ch\\\/wp-content\\\/uploads\\\/2023\\\/10\\\/Logo-Hoerdesign-Hohe-Aufloesung.png\",\"width\":730,\"height\":289,\"caption\":\"H\u00f6rdesign GmbH\"},\"image\":{\"@id\":\"https:\\\/\\\/hoerdesign.ch\\\/#\\\/schema\\\/logo\\\/image\\\/\"},\"sameAs\":[\"https:\\\/\\\/www.facebook.com\\\/hoerdesigninzug\",\"https:\\\/\\\/www.instagram.com\\\/hoerdesign_official\\\/\",\"https:\\\/\\\/www.linkedin.com\\\/company\\\/78306967\\\/admin\\\/feed\\\/posts\\\/?feedType=following\"]}]}<\/script>\n<!-- \/ Yoast SEO plugin. -->","yoast_head_json":{"title":"Snug Aufsatz f\u00fcr Apple Air Pods - H\u00f6rdesign GmbH","robots":{"index":"index","follow":"follow","max-snippet":"max-snippet:-1","max-image-preview":"max-image-preview:large","max-video-preview":"max-video-preview:-1"},"canonical":"https:\/\/hoerdesign.ch\/en\/snug-aufsatz-fuer-apple\/","og_locale":"en_GB","og_type":"article","og_title":"Snug Aufsatz f\u00fcr Apple Air Pods - H\u00f6rdesign GmbH","og_description":"Snug-Aufsatz f\u00fcr Apple I-Pods \u201cSnug\u201d kommt aus dem Englischen und bedeutet gem\u00fctlich, komfortabel und anschmiegsam \u2013 alles Eigenschaften dieser innovativen Otoplastik-Form. \u00a0 KEIN STANDARD-OHR, UND NUN? Die AirPods von Apple geh\u00f6ren mit zu den beliebtesten Bluetooth-Kopfh\u00f6rern auf dem Markt. Apple verspricht ein unvergleichliches drahtloses Kopfh\u00f6rererlebnis kombiniert mit maximaler Bewegungsfreiheit \u2013 zumindest f\u00fcr den Gro\u00dfteil der&hellip; Continue reading Snug Aufsatz f\u00fcr Apple Air Pods","og_url":"https:\/\/hoerdesign.ch\/en\/snug-aufsatz-fuer-apple\/","og_site_name":"H\u00f6rdesign GmbH","article_publisher":"https:\/\/www.facebook.com\/hoerdesigninzug","article_modified_time":"2024-03-13T05:50:52+00:00","twitter_card":"summary_large_image","twitter_misc":{"Estimated reading time":"1 minute"},"schema":{"@context":"https:\/\/schema.org","@graph":[{"@type":"WebPage","@id":"https:\/\/hoerdesign.ch\/snug-aufsatz-fuer-apple\/","url":"https:\/\/hoerdesign.ch\/snug-aufsatz-fuer-apple\/","name":"Snug Aufsatz f\u00fcr Apple Air Pods - H\u00f6rdesign GmbH","isPartOf":{"@id":"https:\/\/hoerdesign.ch\/#website"},"datePublished":"2024-03-13T05:49:13+00:00","dateModified":"2024-03-13T05:50:52+00:00","breadcrumb":{"@id":"https:\/\/hoerdesign.ch\/snug-aufsatz-fuer-apple\/#breadcrumb"},"inLanguage":"en-GB","potentialAction":[{"@type":"ReadAction","target":["https:\/\/hoerdesign.ch\/snug-aufsatz-fuer-apple\/"]}]},{"@type":"BreadcrumbList","@id":"https:\/\/hoerdesign.ch\/snug-aufsatz-fuer-apple\/#breadcrumb","itemListElement":[{"@type":"ListItem","position":1,"name":"Startseite","item":"https:\/\/hoerdesign.ch\/"},{"@type":"ListItem","position":2,"name":"Snug Aufsatz f\u00fcr Apple Air Pods"}]},{"@type":"WebSite","@id":"https:\/\/hoerdesign.ch\/#website","url":"https:\/\/hoerdesign.ch\/","name":"H\u00f6rdesign GmbH","description":"Mehr h\u00f6ren. Mehr erleben","publisher":{"@id":"https:\/\/hoerdesign.ch\/#organization"},"potentialAction":[{"@type":"SearchAction","target":{"@type":"EntryPoint","urlTemplate":"https:\/\/hoerdesign.ch\/?s={search_term_string}"},"query-input":{"@type":"PropertyValueSpecification","valueRequired":true,"valueName":"search_term_string"}}],"inLanguage":"en-GB"},{"@type":"Organization","@id":"https:\/\/hoerdesign.ch\/#organization","name":"H\u00f6rdesign GmbH","url":"https:\/\/hoerdesign.ch\/","logo":{"@type":"ImageObject","inLanguage":"en-GB","@id":"https:\/\/hoerdesign.ch\/#\/schema\/logo\/image\/","url":"https:\/\/hoerdesign.ch\/wp-content\/uploads\/2023\/10\/Logo-Hoerdesign-Hohe-Aufloesung.png","contentUrl":"https:\/\/hoerdesign.ch\/wp-content\/uploads\/2023\/10\/Logo-Hoerdesign-Hohe-Aufloesung.png","width":730,"height":289,"caption":"H\u00f6rdesign GmbH"},"image":{"@id":"https:\/\/hoerdesign.ch\/#\/schema\/logo\/image\/"},"sameAs":["https:\/\/www.facebook.com\/hoerdesigninzug","https:\/\/www.instagram.com\/hoerdesign_official\/","https:\/\/www.linkedin.com\/company\/78306967\/admin\/feed\/posts\/?feedType=following"]}]}},"_links":{"self":[{"href":"https:\/\/hoerdesign.ch\/en\/wp-json\/wp\/v2\/pages\/3127","targetHints":{"allow":["GET"]}}],"collection":[{"href":"https:\/\/hoerdesign.ch\/en\/wp-json\/wp\/v2\/pages"}],"about":[{"href":"https:\/\/hoerdesign.ch\/en\/wp-json\/wp\/v2\/types\/page"}],"author":[{"embeddable":true,"href":"https:\/\/hoerdesign.ch\/en\/wp-json\/wp\/v2\/users\/1"}],"replies":[{"embeddable":true,"href":"https:\/\/hoerdesign.ch\/en\/wp-json\/wp\/v2\/comments?post=3127"}],"version-history":[{"count":5,"href":"https:\/\/hoerdesign.ch\/en\/wp-json\/wp\/v2\/pages\/3127\/revisions"}],"predecessor-version":[{"id":3134,"href":"https:\/\/hoerdesign.ch\/en\/wp-json\/wp\/v2\/pages\/3127\/revisions\/3134"}],"wp:attachment":[{"href":"https:\/\/hoerdesign.ch\/en\/wp-json\/wp\/v2\/media?parent=3127"}],"curies":[{"name":"wp","href":"https:\/\/api.w.org\/{rel}","templated":true}]}}