{"id":4425,"date":"2024-11-06T12:49:00","date_gmt":"2024-11-06T12:49:00","guid":{"rendered":"https:\/\/hoerdesign.ch\/?page_id=4425"},"modified":"2026-01-15T21:08:05","modified_gmt":"2026-01-15T21:08:05","slug":"hoerakustiker","status":"publish","type":"page","link":"https:\/\/hoerdesign.ch\/en\/hoerakustiker\/","title":{"rendered":"H\u00f6rakustiker"},"content":{"rendered":"<div data-elementor-type=\"wp-page\" data-elementor-id=\"4425\" class=\"elementor elementor-4425\" data-elementor-post-type=\"page\">\n\t\t\t\t<div class=\"elementor-element elementor-element-df476bf e-flex e-con-boxed e-con e-parent\" data-id=\"df476bf\" data-element_type=\"container\" data-e-type=\"container\">\n\t\t\t\t\t<div class=\"e-con-inner\">\n\t\t\t\t<div class=\"elementor-element elementor-element-edb9ffe elementor-widget elementor-widget-heading\" data-id=\"edb9ffe\" data-element_type=\"widget\" data-e-type=\"widget\" data-widget_type=\"heading.default\">\n\t\t\t\t<div class=\"elementor-widget-container\">\n\t\t\t\t\t<h2 class=\"elementor-heading-title elementor-size-default\">Jobbeschreibung H\u00f6rakustiker 80-100%<\/h2>\t\t\t\t<\/div>\n\t\t\t\t<\/div>\n\t\t\t\t<div class=\"elementor-element elementor-element-3d04c61 elementor-widget elementor-widget-image\" data-id=\"3d04c61\" data-element_type=\"widget\" data-e-type=\"widget\" data-widget_type=\"image.default\">\n\t\t\t\t<div class=\"elementor-widget-container\">\n\t\t\t\t\t\t\t\t\t\t\t\t\t\t\t<img fetchpriority=\"high\" decoding=\"async\" width=\"750\" height=\"421\" src=\"https:\/\/hoerdesign.ch\/wp-content\/uploads\/2026\/01\/Erklaerung-APP-1024x575.jpg\" class=\"attachment-large size-large wp-image-5484\" alt=\"\" srcset=\"https:\/\/hoerdesign.ch\/wp-content\/uploads\/2026\/01\/Erklaerung-APP-1024x575.jpg 1024w, https:\/\/hoerdesign.ch\/wp-content\/uploads\/2026\/01\/Erklaerung-APP-300x168.jpg 300w, https:\/\/hoerdesign.ch\/wp-content\/uploads\/2026\/01\/Erklaerung-APP-768x431.jpg 768w, https:\/\/hoerdesign.ch\/wp-content\/uploads\/2026\/01\/Erklaerung-APP-1536x862.jpg 1536w, https:\/\/hoerdesign.ch\/wp-content\/uploads\/2026\/01\/Erklaerung-APP-2048x1150.jpg 2048w, https:\/\/hoerdesign.ch\/wp-content\/uploads\/2026\/01\/Erklaerung-APP-18x10.jpg 18w, https:\/\/hoerdesign.ch\/wp-content\/uploads\/2026\/01\/Erklaerung-APP-1568x880.jpg 1568w\" sizes=\"(max-width: 750px) 100vw, 750px\" style=\"width:100%;height:56.15%;max-width:2520px\" \/>\t\t\t\t\t\t\t\t\t\t\t\t\t\t\t<\/div>\n\t\t\t\t<\/div>\n\t\t\t\t<div class=\"elementor-element elementor-element-1d43739 elementor-widget elementor-widget-text-editor\" data-id=\"1d43739\" data-element_type=\"widget\" data-e-type=\"widget\" data-widget_type=\"text-editor.default\">\n\t\t\t\t<div class=\"elementor-widget-container\">\n\t\t\t\t\t\t\t\t\t<p data-start=\"117\" data-end=\"357\">Wir suchen eine <strong data-start=\"133\" data-end=\"184\">neue Mitarbeiterin oder einen neuen Mitarbeiter<\/strong> <strong data-start=\"193\" data-end=\"246\">als H\u00f6rakustikerin bzw. H\u00f6rakustiker<\/strong>.<br data-start=\"247\" data-end=\"250\" \/>Sie unterst\u00fctzen uns beim <strong data-start=\"276\" data-end=\"287\">Verkauf<\/strong>, bei <strong data-start=\"293\" data-end=\"308\">Reparaturen<\/strong> sowie bei der <strong data-start=\"323\" data-end=\"356\">Programmierung von H\u00f6rger\u00e4ten<\/strong>.<\/p><p data-start=\"359\" data-end=\"498\">Wenn Sie <strong data-start=\"368\" data-end=\"381\">motiviert<\/strong>, <strong data-start=\"383\" data-end=\"398\">redegewandt<\/strong> sind und es Ihnen leichtf\u00e4llt, Menschen von sich zu \u00fcberzeugen, <strong data-start=\"463\" data-end=\"497\">sind Sie bei uns genau richtig<\/strong>.<\/p><h3 data-start=\"152\" data-end=\"196\">\u00a0<\/h3><h3 data-start=\"152\" data-end=\"196\">Sie m\u00f6chten selbst entscheiden welche Marke Sie anpassen?<\/h3><p data-start=\"198\" data-end=\"416\">Bei uns k\u00f6nnen Sie Frei w\u00e4hlen, welchen Hersteller Sie anpassen wollen. Wir schr\u00e4nken keinen ein. Eine gute Entlohnung ist bei guter Leistung wichtig. Sie erhalten ein Gehalt von 5500 CHF bis 6500 CHF je nach Erfahrung und Berufsausbildung.\u00a0<\/p><h3 data-start=\"157\" data-end=\"177\">\u00a0<\/h3><h3 data-start=\"157\" data-end=\"177\">Aufgabenbereiche<\/h3><ul data-start=\"179\" data-end=\"533\"><li data-start=\"179\" data-end=\"237\"><p data-start=\"181\" data-end=\"237\">Durchf\u00fchrung von <strong data-start=\"198\" data-end=\"210\">H\u00f6rtests<\/strong> und deren <strong data-start=\"221\" data-end=\"235\">Auswertung<\/strong><\/p><\/li><li data-start=\"238\" data-end=\"313\"><p data-start=\"240\" data-end=\"313\">Betreuung und Beratung von <strong data-start=\"267\" data-end=\"311\">Neu- sowie Bestandskundinnen und -kunden<\/strong><\/p><\/li><li data-start=\"314\" data-end=\"395\"><p data-start=\"316\" data-end=\"395\">Verkauf von <strong data-start=\"328\" data-end=\"342\">H\u00f6rger\u00e4ten<\/strong>, <strong data-start=\"344\" data-end=\"355\">Zubeh\u00f6r<\/strong>, <strong data-start=\"357\" data-end=\"373\">Otoplastiken<\/strong> and <strong data-start=\"378\" data-end=\"393\">ear protect<\/strong><\/p><\/li><li data-start=\"396\" data-end=\"461\"><p data-start=\"398\" data-end=\"461\"><strong data-start=\"398\" data-end=\"411\">Anpassung<\/strong>, <strong data-start=\"413\" data-end=\"426\">Reparatur<\/strong> and <strong data-start=\"431\" data-end=\"444\">Reinigung<\/strong> von H\u00f6rger\u00e4ten<\/p><\/li><li data-start=\"462\" data-end=\"533\"><p data-start=\"464\" data-end=\"533\"><strong data-start=\"464\" data-end=\"492\">Verbinden von H\u00f6rger\u00e4ten<\/strong> mit Mobiltelefonen und anderen Ger\u00e4ten<\/p><\/li><\/ul><p data-start=\"540\" data-end=\"901\">\u00a0<\/p><p data-start=\"540\" data-end=\"901\">Wir bei <strong data-start=\"548\" data-end=\"561\">H\u00f6rdesign<\/strong> arbeiten jeden Tag mit <strong data-start=\"585\" data-end=\"632\">Motivation, Leidenschaft und voller Energie<\/strong> daran, gemeinsam die <strong data-start=\"654\" data-end=\"704\">erfolgreichste H\u00f6rberatung in der Innerschweiz<\/strong> zu werden. Jede Mitarbeiterin und jeder Mitarbeiter erh\u00e4lt bei uns die M\u00f6glichkeit, das <strong data-start=\"793\" data-end=\"826\">eigene Potenzial zu entfalten<\/strong>, sich <strong data-start=\"833\" data-end=\"866\">pers\u00f6nlich weiterzuentwickeln<\/strong> and <strong data-start=\"871\" data-end=\"900\">\u00fcber sich hinauszuwachsen<\/strong>.<\/p><p data-start=\"903\" data-end=\"1052\">Eine Stelle Als H\u00f6rakustiker\u00a0mit einer <strong data-start=\"942\" data-end=\"974\">fairen monatlichen Verg\u00fctung<\/strong> sowie <strong data-start=\"981\" data-end=\"1019\">kostenloser Kaffee, Tee und Wasser<\/strong> sind f\u00fcr uns selbstverst\u00e4ndlich.<\/p><p data-start=\"1054\" data-end=\"1339\">\u00a0<\/p><p data-start=\"1054\" data-end=\"1339\">Wir suchen Menschen, die <strong data-start=\"1079\" data-end=\"1123\">mit anpacken und mit uns wachsen m\u00f6chten<\/strong>. Als <strong data-start=\"1129\" data-end=\"1152\">Familienunternehmen<\/strong> ziehen wir gemeinsam <strong data-start=\"1174\" data-end=\"1218\">an einem Strang und in dieselbe Richtung<\/strong>.<br data-start=\"1219\" data-end=\"1222\" \/>Wenn Sie Lust auf einen <strong data-start=\"1246\" data-end=\"1288\">spannenden Job <\/strong>bei einem<strong data-start=\"1246\" data-end=\"1288\"> inhabergef\u00fchrten Gesch\u00e4ft <\/strong>\u00a0haben, freuen wir uns sehr auf <strong data-start=\"1320\" data-end=\"1338\">Ihre Bewerbung<\/strong>!<\/p><p data-start=\"1054\" data-end=\"1339\">Die <strong data-start=\"190\" data-end=\"212\">Einarbeitungsphase<\/strong> dauert in der Regel <strong data-start=\"233\" data-end=\"251\">2 bis 3 Monate.<\/strong><\/p><h3 data-start=\"296\" data-end=\"310\">\u00a0<\/h3><h3 data-start=\"296\" data-end=\"310\">Wir bieten<\/h3><ul data-start=\"312\" data-end=\"1527\"><li data-start=\"312\" data-end=\"524\"><p data-start=\"314\" data-end=\"524\"><strong data-start=\"314\" data-end=\"339\">Sicherer Arbeitsplatz<\/strong><br data-start=\"339\" data-end=\"342\" \/>Jede Person, die wir einstellen, soll <strong data-start=\"382\" data-end=\"413\">langfristig mit uns wachsen<\/strong>. Ziel jeder Anstellung ist eine <strong data-start=\"446\" data-end=\"472\">unbefristete \u00dcbernahme<\/strong>. Unsere <strong data-start=\"481\" data-end=\"523\">\u00dcbernahmequote liegt aktuell bei 100 %<\/strong>.<\/p><\/li><li data-start=\"526\" data-end=\"895\"><p data-start=\"528\" data-end=\"895\"><strong data-start=\"528\" data-end=\"555\">Tolle Arbeitsatmosph\u00e4re<\/strong><br data-start=\"555\" data-end=\"558\" \/>In der H\u00f6rger\u00e4tebranche ist ein <strong data-start=\"592\" data-end=\"612\">positives Umfeld<\/strong> besonders wichtig. Denn nur wer gut gelaunt ist, kann andere Menschen begeistern. Der Umgang im Team ist <strong data-start=\"718\" data-end=\"757\">kollegial, respektvoll und famili\u00e4r<\/strong>. Wir ziehen <strong data-start=\"770\" data-end=\"797\">alle am gleichen Strang<\/strong>, motivieren uns gegenseitig zu <strong data-start=\"829\" data-end=\"847\">Bestleistungen<\/strong> und wachsen gemeinsam pers\u00f6nlich wie beruflich.<\/p><\/li><li data-start=\"897\" data-end=\"1208\"><p data-start=\"899\" data-end=\"1208\"><strong data-start=\"899\" data-end=\"935\">Gute Verg\u00fctung &amp; Karrierechancen<\/strong><br data-start=\"935\" data-end=\"938\" \/>Unsere Mitarbeitenden erhalten die M\u00f6glichkeit, sich <strong data-start=\"993\" data-end=\"1030\">kontinuierlich weiterzuentwickeln<\/strong> und in Zukunft <strong data-start=\"1046\" data-end=\"1068\">F\u00fchrungspositionen<\/strong> zu \u00fcbernehmen. Diese werden <strong data-start=\"1097\" data-end=\"1131\">ausschliesslich intern besetzt<\/strong>. Gute Leistungen sch\u00e4tzen wir besonders und <strong data-start=\"1176\" data-end=\"1207\">verg\u00fcten diese entsprechend<\/strong>.<\/p><\/li><li data-start=\"1210\" data-end=\"1527\"><p data-start=\"1212\" data-end=\"1527\"><strong data-start=\"1212\" data-end=\"1244\">Teilnahme an Weiterbildungen<\/strong><br data-start=\"1244\" data-end=\"1247\" \/>Regelm\u00e4ssige Produktneuheiten namhafter Hersteller werden auf <strong data-start=\"1311\" data-end=\"1355\">Events in der Schweiz und in Deutschland<\/strong> pr\u00e4sentiert. Als Teil unseres Teams erhalten Sie <strong data-start=\"1405\" data-end=\"1427\">kostenlosen Zugang<\/strong> zu diesen Veranstaltungen sowie zu <strong data-start=\"1463\" data-end=\"1526\">weiteren individuellen und praxisrelevanten Weiterbildungen<\/strong>.<\/p><\/li><\/ul><h3 data-start=\"1534\" data-end=\"1558\">\u00a0<\/h3><h3 data-start=\"1534\" data-end=\"1558\">Stellenanforderungen<\/h3><ul data-start=\"1560\" data-end=\"1747\"><li data-start=\"1560\" data-end=\"1601\"><p data-start=\"1562\" data-end=\"1601\"><strong data-start=\"1562\" data-end=\"1599\">\u00dcberzeugungsstark und redegewandt<\/strong><\/p><\/li><li data-start=\"1602\" data-end=\"1642\"><p data-start=\"1604\" data-end=\"1642\"><strong data-start=\"1604\" data-end=\"1640\">Freude am Verkauf von H\u00f6rger\u00e4ten<\/strong><\/p><\/li><li data-start=\"1643\" data-end=\"1693\"><p data-start=\"1645\" data-end=\"1693\">F\u00e4higkeit, <strong data-start=\"1656\" data-end=\"1691\">bestehenden Prozessen zu folgen<\/strong><\/p><\/li><li data-start=\"1694\" data-end=\"1747\"><p data-start=\"1696\" data-end=\"1747\"><strong data-start=\"1696\" data-end=\"1724\">Schnelle Auffassungsgabe<\/strong> and <strong data-start=\"1729\" data-end=\"1747\">hohe Diszipli<\/strong><\/p><\/li><\/ul>\t\t\t\t\t\t\t\t<\/div>\n\t\t\t\t<\/div>\n\t\t\t\t<div class=\"elementor-element elementor-element-6105ca8 elementor-widget elementor-widget-heading\" data-id=\"6105ca8\" data-element_type=\"widget\" data-e-type=\"widget\" data-widget_type=\"heading.default\">\n\t\t\t\t<div class=\"elementor-widget-container\">\n\t\t\t\t\t<h2 class=\"elementor-heading-title elementor-size-default\">Senden Sie Ihre Bewerbung mit Lebenslauf an nico@hoerdesign.ch<\/h2>\t\t\t\t<\/div>\n\t\t\t\t<\/div>\n\t\t\t\t\t<\/div>\n\t\t\t\t<\/div>\n\t\t\t\t<\/div>","protected":false},"excerpt":{"rendered":"<p>Jobbeschreibung H\u00f6rakustiker 80-100% Wir suchen eine neue Mitarbeiterin oder einen neuen Mitarbeiter als H\u00f6rakustikerin bzw. H\u00f6rakustiker.Sie unterst\u00fctzen uns beim Verkauf, bei Reparaturen sowie bei der Programmierung von H\u00f6rger\u00e4ten. Wenn Sie motiviert, redegewandt sind und es Ihnen leichtf\u00e4llt, Menschen von sich zu \u00fcberzeugen, sind Sie bei uns genau richtig. \u00a0 Sie m\u00f6chten selbst entscheiden welche Marke&hellip; <a class=\"more-link\" href=\"https:\/\/hoerdesign.ch\/en\/hoerakustiker\/\">Continue reading <span class=\"screen-reader-text\">H\u00f6rakustiker<\/span><\/a><\/p>","protected":false},"author":1,"featured_media":0,"parent":0,"menu_order":0,"comment_status":"closed","ping_status":"closed","template":"","meta":{"_surecart_dashboard_logo_width":"180px","_surecart_dashboard_show_logo":true,"_surecart_dashboard_navigation_orders":true,"_surecart_dashboard_navigation_invoices":true,"_surecart_dashboard_navigation_subscriptions":true,"_surecart_dashboard_navigation_downloads":true,"_surecart_dashboard_navigation_billing":true,"_surecart_dashboard_navigation_account":true,"footnotes":""},"class_list":["post-4425","page","type-page","status-publish","hentry","entry"],"yoast_head":"<!-- This site is optimized with the Yoast SEO plugin v27.4 - https:\/\/yoast.com\/product\/yoast-seo-wordpress\/ -->\n<title>H\u00f6rakustiker - H\u00f6rdesign GmbH<\/title>\n<meta name=\"robots\" content=\"index, follow, max-snippet:-1, max-image-preview:large, max-video-preview:-1\" \/>\n<link rel=\"canonical\" href=\"https:\/\/hoerdesign.ch\/en\/hoerakustiker\/\" \/>\n<meta property=\"og:locale\" content=\"en_GB\" \/>\n<meta property=\"og:type\" content=\"article\" \/>\n<meta property=\"og:title\" content=\"H\u00f6rakustiker - H\u00f6rdesign GmbH\" \/>\n<meta property=\"og:description\" content=\"Jobbeschreibung H\u00f6rakustiker 80-100% Wir suchen eine neue Mitarbeiterin oder einen neuen Mitarbeiter als H\u00f6rakustikerin bzw. H\u00f6rakustiker.Sie unterst\u00fctzen uns beim Verkauf, bei Reparaturen sowie bei der Programmierung von H\u00f6rger\u00e4ten. Wenn Sie motiviert, redegewandt sind und es Ihnen leichtf\u00e4llt, Menschen von sich zu \u00fcberzeugen, sind Sie bei uns genau richtig. \u00a0 Sie m\u00f6chten selbst entscheiden welche Marke&hellip; Continue reading H\u00f6rakustiker\" \/>\n<meta property=\"og:url\" content=\"https:\/\/hoerdesign.ch\/en\/hoerakustiker\/\" \/>\n<meta property=\"og:site_name\" content=\"H\u00f6rdesign GmbH\" \/>\n<meta property=\"article:publisher\" content=\"https:\/\/www.facebook.com\/hoerdesigninzug\" \/>\n<meta property=\"article:modified_time\" content=\"2026-01-15T21:08:05+00:00\" \/>\n<meta property=\"og:image\" content=\"https:\/\/hoerdesign.ch\/wp-content\/uploads\/2026\/01\/Erklaerung-APP.jpg\" \/>\n\t<meta property=\"og:image:width\" content=\"2520\" \/>\n\t<meta property=\"og:image:height\" content=\"1415\" \/>\n\t<meta property=\"og:image:type\" content=\"image\/jpeg\" \/>\n<meta name=\"twitter:card\" content=\"summary_large_image\" \/>\n<meta name=\"twitter:label1\" content=\"Estimated reading time\" \/>\n\t<meta name=\"twitter:data1\" content=\"3 minutes\" \/>\n<script type=\"application\/ld+json\" class=\"yoast-schema-graph\">{\"@context\":\"https:\\\/\\\/schema.org\",\"@graph\":[{\"@type\":\"WebPage\",\"@id\":\"https:\\\/\\\/hoerdesign.ch\\\/hoerakustiker\\\/\",\"url\":\"https:\\\/\\\/hoerdesign.ch\\\/hoerakustiker\\\/\",\"name\":\"H\u00f6rakustiker - H\u00f6rdesign GmbH\",\"isPartOf\":{\"@id\":\"https:\\\/\\\/hoerdesign.ch\\\/#website\"},\"primaryImageOfPage\":{\"@id\":\"https:\\\/\\\/hoerdesign.ch\\\/hoerakustiker\\\/#primaryimage\"},\"image\":{\"@id\":\"https:\\\/\\\/hoerdesign.ch\\\/hoerakustiker\\\/#primaryimage\"},\"thumbnailUrl\":\"https:\\\/\\\/hoerdesign.ch\\\/wp-content\\\/uploads\\\/2026\\\/01\\\/Erklaerung-APP-1024x575.jpg\",\"datePublished\":\"2024-11-06T12:49:00+00:00\",\"dateModified\":\"2026-01-15T21:08:05+00:00\",\"breadcrumb\":{\"@id\":\"https:\\\/\\\/hoerdesign.ch\\\/hoerakustiker\\\/#breadcrumb\"},\"inLanguage\":\"en-GB\",\"potentialAction\":[{\"@type\":\"ReadAction\",\"target\":[\"https:\\\/\\\/hoerdesign.ch\\\/hoerakustiker\\\/\"]}]},{\"@type\":\"ImageObject\",\"inLanguage\":\"en-GB\",\"@id\":\"https:\\\/\\\/hoerdesign.ch\\\/hoerakustiker\\\/#primaryimage\",\"url\":\"https:\\\/\\\/hoerdesign.ch\\\/wp-content\\\/uploads\\\/2026\\\/01\\\/Erklaerung-APP-1024x575.jpg\",\"contentUrl\":\"https:\\\/\\\/hoerdesign.ch\\\/wp-content\\\/uploads\\\/2026\\\/01\\\/Erklaerung-APP-1024x575.jpg\"},{\"@type\":\"BreadcrumbList\",\"@id\":\"https:\\\/\\\/hoerdesign.ch\\\/hoerakustiker\\\/#breadcrumb\",\"itemListElement\":[{\"@type\":\"ListItem\",\"position\":1,\"name\":\"Startseite\",\"item\":\"https:\\\/\\\/hoerdesign.ch\\\/\"},{\"@type\":\"ListItem\",\"position\":2,\"name\":\"H\u00f6rakustiker\"}]},{\"@type\":\"WebSite\",\"@id\":\"https:\\\/\\\/hoerdesign.ch\\\/#website\",\"url\":\"https:\\\/\\\/hoerdesign.ch\\\/\",\"name\":\"H\u00f6rdesign GmbH\",\"description\":\"Mehr h\u00f6ren. Mehr erleben\",\"publisher\":{\"@id\":\"https:\\\/\\\/hoerdesign.ch\\\/#organization\"},\"potentialAction\":[{\"@type\":\"SearchAction\",\"target\":{\"@type\":\"EntryPoint\",\"urlTemplate\":\"https:\\\/\\\/hoerdesign.ch\\\/?s={search_term_string}\"},\"query-input\":{\"@type\":\"PropertyValueSpecification\",\"valueRequired\":true,\"valueName\":\"search_term_string\"}}],\"inLanguage\":\"en-GB\"},{\"@type\":\"Organization\",\"@id\":\"https:\\\/\\\/hoerdesign.ch\\\/#organization\",\"name\":\"H\u00f6rdesign GmbH\",\"url\":\"https:\\\/\\\/hoerdesign.ch\\\/\",\"logo\":{\"@type\":\"ImageObject\",\"inLanguage\":\"en-GB\",\"@id\":\"https:\\\/\\\/hoerdesign.ch\\\/#\\\/schema\\\/logo\\\/image\\\/\",\"url\":\"https:\\\/\\\/hoerdesign.ch\\\/wp-content\\\/uploads\\\/2023\\\/10\\\/Logo-Hoerdesign-Hohe-Aufloesung.png\",\"contentUrl\":\"https:\\\/\\\/hoerdesign.ch\\\/wp-content\\\/uploads\\\/2023\\\/10\\\/Logo-Hoerdesign-Hohe-Aufloesung.png\",\"width\":730,\"height\":289,\"caption\":\"H\u00f6rdesign GmbH\"},\"image\":{\"@id\":\"https:\\\/\\\/hoerdesign.ch\\\/#\\\/schema\\\/logo\\\/image\\\/\"},\"sameAs\":[\"https:\\\/\\\/www.facebook.com\\\/hoerdesigninzug\",\"https:\\\/\\\/www.instagram.com\\\/hoerdesign_official\\\/\",\"https:\\\/\\\/www.linkedin.com\\\/company\\\/78306967\\\/admin\\\/feed\\\/posts\\\/?feedType=following\"]}]}<\/script>\n<!-- \/ Yoast SEO plugin. -->","yoast_head_json":{"title":"H\u00f6rakustiker - H\u00f6rdesign GmbH","robots":{"index":"index","follow":"follow","max-snippet":"max-snippet:-1","max-image-preview":"max-image-preview:large","max-video-preview":"max-video-preview:-1"},"canonical":"https:\/\/hoerdesign.ch\/en\/hoerakustiker\/","og_locale":"en_GB","og_type":"article","og_title":"H\u00f6rakustiker - H\u00f6rdesign GmbH","og_description":"Jobbeschreibung H\u00f6rakustiker 80-100% Wir suchen eine neue Mitarbeiterin oder einen neuen Mitarbeiter als H\u00f6rakustikerin bzw. H\u00f6rakustiker.Sie unterst\u00fctzen uns beim Verkauf, bei Reparaturen sowie bei der Programmierung von H\u00f6rger\u00e4ten. Wenn Sie motiviert, redegewandt sind und es Ihnen leichtf\u00e4llt, Menschen von sich zu \u00fcberzeugen, sind Sie bei uns genau richtig. \u00a0 Sie m\u00f6chten selbst entscheiden welche Marke&hellip; Continue reading H\u00f6rakustiker","og_url":"https:\/\/hoerdesign.ch\/en\/hoerakustiker\/","og_site_name":"H\u00f6rdesign GmbH","article_publisher":"https:\/\/www.facebook.com\/hoerdesigninzug","article_modified_time":"2026-01-15T21:08:05+00:00","og_image":[{"width":2520,"height":1415,"url":"https:\/\/hoerdesign.ch\/wp-content\/uploads\/2026\/01\/Erklaerung-APP.jpg","type":"image\/jpeg"}],"twitter_card":"summary_large_image","twitter_misc":{"Estimated reading time":"3 minutes"},"schema":{"@context":"https:\/\/schema.org","@graph":[{"@type":"WebPage","@id":"https:\/\/hoerdesign.ch\/hoerakustiker\/","url":"https:\/\/hoerdesign.ch\/hoerakustiker\/","name":"H\u00f6rakustiker - H\u00f6rdesign GmbH","isPartOf":{"@id":"https:\/\/hoerdesign.ch\/#website"},"primaryImageOfPage":{"@id":"https:\/\/hoerdesign.ch\/hoerakustiker\/#primaryimage"},"image":{"@id":"https:\/\/hoerdesign.ch\/hoerakustiker\/#primaryimage"},"thumbnailUrl":"https:\/\/hoerdesign.ch\/wp-content\/uploads\/2026\/01\/Erklaerung-APP-1024x575.jpg","datePublished":"2024-11-06T12:49:00+00:00","dateModified":"2026-01-15T21:08:05+00:00","breadcrumb":{"@id":"https:\/\/hoerdesign.ch\/hoerakustiker\/#breadcrumb"},"inLanguage":"en-GB","potentialAction":[{"@type":"ReadAction","target":["https:\/\/hoerdesign.ch\/hoerakustiker\/"]}]},{"@type":"ImageObject","inLanguage":"en-GB","@id":"https:\/\/hoerdesign.ch\/hoerakustiker\/#primaryimage","url":"https:\/\/hoerdesign.ch\/wp-content\/uploads\/2026\/01\/Erklaerung-APP-1024x575.jpg","contentUrl":"https:\/\/hoerdesign.ch\/wp-content\/uploads\/2026\/01\/Erklaerung-APP-1024x575.jpg"},{"@type":"BreadcrumbList","@id":"https:\/\/hoerdesign.ch\/hoerakustiker\/#breadcrumb","itemListElement":[{"@type":"ListItem","position":1,"name":"Startseite","item":"https:\/\/hoerdesign.ch\/"},{"@type":"ListItem","position":2,"name":"H\u00f6rakustiker"}]},{"@type":"WebSite","@id":"https:\/\/hoerdesign.ch\/#website","url":"https:\/\/hoerdesign.ch\/","name":"H\u00f6rdesign GmbH","description":"Mehr h\u00f6ren. Mehr erleben","publisher":{"@id":"https:\/\/hoerdesign.ch\/#organization"},"potentialAction":[{"@type":"SearchAction","target":{"@type":"EntryPoint","urlTemplate":"https:\/\/hoerdesign.ch\/?s={search_term_string}"},"query-input":{"@type":"PropertyValueSpecification","valueRequired":true,"valueName":"search_term_string"}}],"inLanguage":"en-GB"},{"@type":"Organization","@id":"https:\/\/hoerdesign.ch\/#organization","name":"H\u00f6rdesign GmbH","url":"https:\/\/hoerdesign.ch\/","logo":{"@type":"ImageObject","inLanguage":"en-GB","@id":"https:\/\/hoerdesign.ch\/#\/schema\/logo\/image\/","url":"https:\/\/hoerdesign.ch\/wp-content\/uploads\/2023\/10\/Logo-Hoerdesign-Hohe-Aufloesung.png","contentUrl":"https:\/\/hoerdesign.ch\/wp-content\/uploads\/2023\/10\/Logo-Hoerdesign-Hohe-Aufloesung.png","width":730,"height":289,"caption":"H\u00f6rdesign GmbH"},"image":{"@id":"https:\/\/hoerdesign.ch\/#\/schema\/logo\/image\/"},"sameAs":["https:\/\/www.facebook.com\/hoerdesigninzug","https:\/\/www.instagram.com\/hoerdesign_official\/","https:\/\/www.linkedin.com\/company\/78306967\/admin\/feed\/posts\/?feedType=following"]}]}},"_links":{"self":[{"href":"https:\/\/hoerdesign.ch\/en\/wp-json\/wp\/v2\/pages\/4425","targetHints":{"allow":["GET"]}}],"collection":[{"href":"https:\/\/hoerdesign.ch\/en\/wp-json\/wp\/v2\/pages"}],"about":[{"href":"https:\/\/hoerdesign.ch\/en\/wp-json\/wp\/v2\/types\/page"}],"author":[{"embeddable":true,"href":"https:\/\/hoerdesign.ch\/en\/wp-json\/wp\/v2\/users\/1"}],"replies":[{"embeddable":true,"href":"https:\/\/hoerdesign.ch\/en\/wp-json\/wp\/v2\/comments?post=4425"}],"version-history":[{"count":10,"href":"https:\/\/hoerdesign.ch\/en\/wp-json\/wp\/v2\/pages\/4425\/revisions"}],"predecessor-version":[{"id":5488,"href":"https:\/\/hoerdesign.ch\/en\/wp-json\/wp\/v2\/pages\/4425\/revisions\/5488"}],"wp:attachment":[{"href":"https:\/\/hoerdesign.ch\/en\/wp-json\/wp\/v2\/media?parent=4425"}],"curies":[{"name":"wp","href":"https:\/\/api.w.org\/{rel}","templated":true}]}}