{"id":4434,"date":"2024-11-06T13:00:10","date_gmt":"2024-11-06T13:00:10","guid":{"rendered":"https:\/\/hoerdesign.ch\/?page_id=4434"},"modified":"2026-02-02T14:26:40","modified_gmt":"2026-02-02T14:26:40","slug":"administration","status":"publish","type":"page","link":"https:\/\/hoerdesign.ch\/en\/administration\/","title":{"rendered":"Administration"},"content":{"rendered":"<div data-elementor-type=\"wp-page\" data-elementor-id=\"4434\" class=\"elementor elementor-4434\" data-elementor-post-type=\"page\">\n\t\t\t\t<div class=\"elementor-element elementor-element-37afa23 e-flex e-con-boxed e-con e-parent\" data-id=\"37afa23\" data-element_type=\"container\" data-e-type=\"container\">\n\t\t\t\t\t<div class=\"e-con-inner\">\n\t\t\t\t<div class=\"elementor-element elementor-element-901acb4 elementor-widget elementor-widget-heading\" data-id=\"901acb4\" data-element_type=\"widget\" data-e-type=\"widget\" data-widget_type=\"heading.default\">\n\t\t\t\t<div class=\"elementor-widget-container\">\n\t\t\t\t\t<h2 class=\"elementor-heading-title elementor-size-default\">Jobbeschreibung <\/h2>\t\t\t\t<\/div>\n\t\t\t\t<\/div>\n\t\t\t\t<div class=\"elementor-element elementor-element-8ca61ed elementor-widget__width-initial elementor-widget elementor-widget-heading\" data-id=\"8ca61ed\" data-element_type=\"widget\" data-e-type=\"widget\" data-widget_type=\"heading.default\">\n\t\t\t\t<div class=\"elementor-widget-container\">\n\t\t\t\t\t<h1 class=\"elementor-heading-title elementor-size-default\">Zuverl\u00e4ssige Administrationskraft (100%) \u2013 Kundenkontakt &amp; strukturierter Arbeitsalltag<\/h1>\t\t\t\t<\/div>\n\t\t\t\t<\/div>\n\t\t\t\t<div class=\"elementor-element elementor-element-e1d0448 elementor-widget elementor-widget-image\" data-id=\"e1d0448\" data-element_type=\"widget\" data-e-type=\"widget\" data-widget_type=\"image.default\">\n\t\t\t\t<div class=\"elementor-widget-container\">\n\t\t\t\t\t\t\t\t\t\t\t\t\t\t\t<img fetchpriority=\"high\" decoding=\"async\" width=\"750\" height=\"500\" src=\"https:\/\/hoerdesign.ch\/wp-content\/uploads\/2026\/01\/Nico-beim-arbeiten-1024x682.png\" class=\"attachment-large size-large wp-image-5511\" alt=\"\" srcset=\"https:\/\/hoerdesign.ch\/wp-content\/uploads\/2026\/01\/Nico-beim-arbeiten-1024x682.png 1024w, https:\/\/hoerdesign.ch\/wp-content\/uploads\/2026\/01\/Nico-beim-arbeiten-300x200.png 300w, https:\/\/hoerdesign.ch\/wp-content\/uploads\/2026\/01\/Nico-beim-arbeiten-768x512.png 768w, https:\/\/hoerdesign.ch\/wp-content\/uploads\/2026\/01\/Nico-beim-arbeiten-18x12.png 18w, https:\/\/hoerdesign.ch\/wp-content\/uploads\/2026\/01\/Nico-beim-arbeiten.png 1048w\" sizes=\"(max-width: 750px) 100vw, 750px\" style=\"width:100%;height:66.6%;max-width:1048px\" \/>\t\t\t\t\t\t\t\t\t\t\t\t\t\t\t<\/div>\n\t\t\t\t<\/div>\n\t\t\t\t<div class=\"elementor-element elementor-element-001c9ec elementor-widget elementor-widget-text-editor\" data-id=\"001c9ec\" data-element_type=\"widget\" data-e-type=\"widget\" data-widget_type=\"text-editor.default\">\n\t\t\t\t<div class=\"elementor-widget-container\">\n\t\t\t\t\t\t\t\t\t<p data-start=\"465\" data-end=\"733\"><strong data-start=\"465\" data-end=\"578\">Wir suchen eine zuverl\u00e4ssige, strukturierte Pers\u00f6nlichkeit f\u00fcr unsere Administration mit hohem Kundenkontakt.<\/strong><br data-start=\"578\" data-end=\"581\">Sie sind die erste Ansprechperson f\u00fcr unsere Kundinnen und Kunden und sorgen daf\u00fcr, dass im Hintergrund alles <strong data-start=\"691\" data-end=\"724\">ruhig, sauber und organisiert<\/strong> abl\u00e4uft. Sie arbeiten gerne mit Menschen, sch\u00e4tzen <strong data-start=\"777\" data-end=\"794\">klare Abl\u00e4ufe<\/strong> und f\u00fchlen sich wohl in einer <strong data-start=\"825\" data-end=\"850\">unterst\u00fctzenden Rolle<\/strong>. Sie m\u00f6gen es, wenn Aufgaben <strong data-start=\"882\" data-end=\"901\">nachvollziehbar<\/strong>, <strong data-start=\"903\" data-end=\"915\">geordnet<\/strong> and <strong data-start=\"920\" data-end=\"946\">schrittweise erlernbar<\/strong> sind.<\/p>\n<h2 data-start=\"959\" data-end=\"1014\"><strong data-start=\"962\" data-end=\"1014\"><br><\/strong><\/h2><h2 data-start=\"959\" data-end=\"1014\"><strong data-start=\"962\" data-end=\"1014\">Keine Erfahrung in der H\u00f6rakustik? Kein Problem.<\/strong><\/h2>\n<p data-start=\"1016\" data-end=\"1307\">Sie erhalten bei uns eine <strong data-start=\"1042\" data-end=\"1072\">strukturierte Einarbeitung<\/strong> und werden Schritt f\u00fcr Schritt an alle Aufgaben herangef\u00fchrt.<br data-start=\"1134\" data-end=\"1137\">Zus\u00e4tzlich stellen wir Ihnen eine <strong data-start=\"1171\" data-end=\"1202\">interne Video-Lernplattform<\/strong> zur Verf\u00fcgung, mit der Sie alle Abl\u00e4ufe in Ihrem eigenen Tempo lernen und jederzeit nachschlagen k\u00f6nnen.<\/p>\n<p data-start=\"1309\" data-end=\"1329\">So wissen Sie immer:<\/p>\n<ul data-start=\"1330\" data-end=\"1411\">\n<li data-start=\"1330\" data-end=\"1348\">\n<p data-start=\"1332\" data-end=\"1348\">was zu tun ist<\/p>\n<\/li>\n<li data-start=\"1349\" data-end=\"1372\">\n<p data-start=\"1351\" data-end=\"1372\">wie es gemacht wird<\/p>\n<\/li>\n<li data-start=\"1373\" data-end=\"1411\">\n<p data-start=\"1375\" data-end=\"1411\">und f\u00fchlen sich <strong data-start=\"1391\" data-end=\"1411\">sicher im Alltag<\/strong><\/p>\n<\/li>\n<\/ul>\n<h2 data-start=\"1418\" data-end=\"1438\"><strong data-start=\"1421\" data-end=\"1438\">Ihre Aufgaben<\/strong><\/h2>\n<ul data-start=\"1440\" data-end=\"1842\">\n<li data-start=\"1440\" data-end=\"1499\">\n<p data-start=\"1442\" data-end=\"1499\"><strong data-start=\"1442\" data-end=\"1468\">Telefonische Betreuung<\/strong> unserer Kundinnen und Kunden<\/p>\n<\/li>\n<li data-start=\"1500\" data-end=\"1550\">\n<p data-start=\"1502\" data-end=\"1550\"><strong data-start=\"1502\" data-end=\"1526\">Terminvereinbarungen<\/strong> und Kundenanmeldungen<\/p>\n<\/li>\n<li data-start=\"1551\" data-end=\"1602\">\n<p data-start=\"1553\" data-end=\"1602\"><strong data-start=\"1553\" data-end=\"1583\">Administrative T\u00e4tigkeiten<\/strong> im Tagesgesch\u00e4ft<\/p>\n<\/li>\n<li data-start=\"1603\" data-end=\"1643\">\n<p data-start=\"1605\" data-end=\"1643\"><strong data-start=\"1605\" data-end=\"1621\">Abrechnungen<\/strong> mit AHV \/ IV \/ SUVA<\/p>\n<\/li>\n<li data-start=\"1644\" data-end=\"1697\">\n<p data-start=\"1646\" data-end=\"1697\"><strong data-start=\"1646\" data-end=\"1680\">Reinigung und einfache Wartung<\/strong> von H\u00f6rger\u00e4ten<\/p>\n<\/li>\n<li data-start=\"1698\" data-end=\"1749\">\n<p data-start=\"1700\" data-end=\"1749\"><strong data-start=\"1700\" data-end=\"1747\">Verbinden von H\u00f6rger\u00e4ten mit Mobiltelefonen<\/strong><\/p>\n<\/li>\n<li data-start=\"1750\" data-end=\"1791\">\n<p data-start=\"1752\" data-end=\"1791\"><strong data-start=\"1752\" data-end=\"1779\">Unterst\u00fctzung des Teams<\/strong> im Alltag<\/p>\n<\/li>\n<li data-start=\"1792\" data-end=\"1842\">\n<p data-start=\"1794\" data-end=\"1842\"><strong data-start=\"1794\" data-end=\"1820\">Pflege von Kundendaten<\/strong> und Dokumentationen<\/p>\n<\/li>\n<\/ul>\n<p data-start=\"1844\" data-end=\"1963\">Nach entsprechender Schulung und Erfahrung k\u00f6nnen Sie <strong data-start=\"1898\" data-end=\"1914\">schrittweise<\/strong> auch einfache akustische T\u00e4tigkeiten \u00fcbernehmen.<\/p>\n<h2 data-start=\"1970\" data-end=\"1987\"><strong data-start=\"1973\" data-end=\"1987\">Ihr Profil<\/strong><\/h2>\n<ul data-start=\"1989\" data-end=\"2403\">\n<li data-start=\"1989\" data-end=\"2045\">\n<p data-start=\"1991\" data-end=\"2045\">Sie arbeiten <strong data-start=\"2004\" data-end=\"2043\">genau, zuverl\u00e4ssig und strukturiert<\/strong><\/p>\n<\/li>\n<li data-start=\"2046\" data-end=\"2093\">\n<p data-start=\"2048\" data-end=\"2093\">Sie haben <strong data-start=\"2058\" data-end=\"2091\">Geduld im Umgang mit Menschen<\/strong><\/p>\n<\/li>\n<li data-start=\"2094\" data-end=\"2134\">\n<p data-start=\"2096\" data-end=\"2134\">Sie telefonieren gerne und <strong data-start=\"2123\" data-end=\"2132\">ruhig<\/strong><\/p>\n<\/li>\n<li data-start=\"2135\" data-end=\"2192\">\n<p data-start=\"2137\" data-end=\"2192\">Sie m\u00f6gen <strong data-start=\"2147\" data-end=\"2190\">klare Abl\u00e4ufe und feste Zust\u00e4ndigkeiten<\/strong><\/p>\n<\/li>\n<li data-start=\"2193\" data-end=\"2252\">\n<p data-start=\"2195\" data-end=\"2252\">Sie f\u00fchlen sich in einer <strong data-start=\"2220\" data-end=\"2245\">unterst\u00fctzenden Rolle<\/strong> wohl<\/p>\n<\/li>\n<li data-start=\"2253\" data-end=\"2312\">\n<p data-start=\"2255\" data-end=\"2312\">Sie sch\u00e4tzen ein <strong data-start=\"2272\" data-end=\"2310\">stabiles, famili\u00e4res Arbeitsumfeld<\/strong><\/p>\n<\/li>\n<li data-start=\"2313\" data-end=\"2343\">\n<p data-start=\"2315\" data-end=\"2343\">Sie arbeiten gerne im Team<\/p>\n<\/li>\n<li data-start=\"2344\" data-end=\"2403\">\n<p data-start=\"2346\" data-end=\"2403\">Sie verf\u00fcgen \u00fcber <strong data-start=\"2364\" data-end=\"2401\">Grundkenntnisse am PC (MS Office)<\/strong><\/p>\n<\/li>\n<\/ul>\n<h2 data-start=\"2410\" data-end=\"2427\"><strong data-start=\"2413\" data-end=\"2427\">&nbsp;<\/strong><\/h2>\n<h2 data-start=\"2410\" data-end=\"2427\"><strong data-start=\"2413\" data-end=\"2427\">Wir bieten:<\/strong><\/h2>\n<h3 data-start=\"2429\" data-end=\"2460\"><strong data-start=\"2433\" data-end=\"2458\">&nbsp;<\/strong><\/h3>\n<h3 data-start=\"2429\" data-end=\"2460\"><strong data-start=\"2433\" data-end=\"2458\">Sicherer Arbeitsplatz<\/strong><\/h3>\n<p data-start=\"2461\" data-end=\"2527\">Langfristige Zusammenarbeit in einem stabilen Familienunternehmen.<\/p>\n<h3 data-start=\"2529\" data-end=\"2582\"><strong data-start=\"2533\" data-end=\"2580\">&nbsp;<\/strong><\/h3>\n<h3 data-start=\"2529\" data-end=\"2582\"><strong data-start=\"2533\" data-end=\"2580\">Strukturierte Einarbeitung &amp; Video-Training<\/strong><\/h3>\n<p data-start=\"2583\" data-end=\"2714\">Klare Einf\u00fchrung, feste Ansprechpersonen und eine interne <strong data-start=\"2641\" data-end=\"2664\">Video-Lernplattform<\/strong>, mit der Sie alle Aufgaben in Ruhe lernen k\u00f6nnen.<\/p>\n<h3 data-start=\"2716\" data-end=\"2745\"><strong data-start=\"2720\" data-end=\"2743\">&nbsp;<\/strong><\/h3>\n<h3 data-start=\"2716\" data-end=\"2745\"><strong data-start=\"2720\" data-end=\"2743\">Hoher Kundenkontakt<\/strong><\/h3>\n<p data-start=\"2746\" data-end=\"2814\">Sie sind eine wichtige Bezugsperson f\u00fcr unsere Kundinnen und Kunden.<\/p>\n<h3 data-start=\"2816\" data-end=\"2853\"><strong data-start=\"2820\" data-end=\"2851\">&nbsp;<\/strong><\/h3>\n<h3 data-start=\"2816\" data-end=\"2853\"><strong data-start=\"2820\" data-end=\"2851\">Angenehme Arbeitsatmosph\u00e4re<\/strong><\/h3>\n<p data-start=\"2854\" data-end=\"2921\">Ruhiges, respektvolles Team, <strong data-start=\"2883\" data-end=\"2920\">keine Hektik, keine Verkaufsziele<\/strong>.<\/p>\n<h3 data-start=\"2923\" data-end=\"2956\"><strong data-start=\"2927\" data-end=\"2954\">&nbsp;<\/strong><\/h3>\n<h3 data-start=\"2923\" data-end=\"2956\"><strong data-start=\"2927\" data-end=\"2954\">Geregelte Arbeitszeiten<\/strong><\/h3>\n<p data-start=\"2957\" data-end=\"3011\">Keine Samstagsarbeit, planbare Tage, klare Strukturen.<\/p>\n<h3 data-start=\"3013\" data-end=\"3050\"><strong data-start=\"3017\" data-end=\"3048\">&nbsp;<\/strong><\/h3>\n<h3 data-start=\"3013\" data-end=\"3050\"><strong data-start=\"3017\" data-end=\"3048\">Optionale Weiterentwicklung<\/strong><\/h3>\n<p data-start=\"3051\" data-end=\"3156\">Bei Interesse und Eignung ist eine <strong data-start=\"3086\" data-end=\"3134\">schrittweise Entwicklung Richtung H\u00f6rakustik<\/strong> m\u00f6glich \u2013 ohne Druck.<\/p>\t\t\t\t\t\t\t\t<\/div>\n\t\t\t\t<\/div>\n\t\t\t\t<div class=\"elementor-element elementor-element-225f632 elementor-widget elementor-widget-heading\" data-id=\"225f632\" data-element_type=\"widget\" data-e-type=\"widget\" data-widget_type=\"heading.default\">\n\t\t\t\t<div class=\"elementor-widget-container\">\n\t\t\t\t\t<h2 class=\"elementor-heading-title elementor-size-default\">Senden Sie Ihre Bewerbung mit Lebenslauf an nico@hoerdesign.ch<\/h2>\t\t\t\t<\/div>\n\t\t\t\t<\/div>\n\t\t\t\t\t<\/div>\n\t\t\t\t<\/div>\n\t\t\t\t<\/div>","protected":false},"excerpt":{"rendered":"<p>Jobbeschreibung Zuverl\u00e4ssige Administrationskraft (100%) \u2013 Kundenkontakt &amp; strukturierter Arbeitsalltag Wir suchen eine zuverl\u00e4ssige, strukturierte Pers\u00f6nlichkeit f\u00fcr unsere Administration mit hohem Kundenkontakt.Sie sind die erste Ansprechperson f\u00fcr unsere Kundinnen und Kunden und sorgen daf\u00fcr, dass im Hintergrund alles ruhig, sauber und organisiert abl\u00e4uft. Sie arbeiten gerne mit Menschen, sch\u00e4tzen klare Abl\u00e4ufe und f\u00fchlen sich wohl in&hellip; <a class=\"more-link\" href=\"https:\/\/hoerdesign.ch\/en\/administration\/\">Continue reading <span class=\"screen-reader-text\">Administration<\/span><\/a><\/p>","protected":false},"author":1,"featured_media":0,"parent":0,"menu_order":0,"comment_status":"closed","ping_status":"closed","template":"","meta":{"_surecart_dashboard_logo_width":"180px","_surecart_dashboard_show_logo":true,"_surecart_dashboard_navigation_orders":true,"_surecart_dashboard_navigation_invoices":true,"_surecart_dashboard_navigation_subscriptions":true,"_surecart_dashboard_navigation_downloads":true,"_surecart_dashboard_navigation_billing":true,"_surecart_dashboard_navigation_account":true,"footnotes":""},"class_list":["post-4434","page","type-page","status-publish","hentry","entry"],"yoast_head":"<!-- This site is optimized with the Yoast SEO plugin v27.4 - https:\/\/yoast.com\/product\/yoast-seo-wordpress\/ -->\n<title>Administration - H\u00f6rdesign GmbH<\/title>\n<meta name=\"robots\" content=\"index, follow, max-snippet:-1, max-image-preview:large, max-video-preview:-1\" \/>\n<link rel=\"canonical\" href=\"https:\/\/hoerdesign.ch\/en\/administration\/\" \/>\n<meta property=\"og:locale\" content=\"en_GB\" \/>\n<meta property=\"og:type\" content=\"article\" \/>\n<meta property=\"og:title\" content=\"Administration - H\u00f6rdesign GmbH\" \/>\n<meta property=\"og:description\" content=\"Jobbeschreibung Zuverl\u00e4ssige Administrationskraft (100%) \u2013 Kundenkontakt &amp; strukturierter Arbeitsalltag Wir suchen eine zuverl\u00e4ssige, strukturierte Pers\u00f6nlichkeit f\u00fcr unsere Administration mit hohem Kundenkontakt.Sie sind die erste Ansprechperson f\u00fcr unsere Kundinnen und Kunden und sorgen daf\u00fcr, dass im Hintergrund alles ruhig, sauber und organisiert abl\u00e4uft. Sie arbeiten gerne mit Menschen, sch\u00e4tzen klare Abl\u00e4ufe und f\u00fchlen sich wohl in&hellip; Continue reading Administration\" \/>\n<meta property=\"og:url\" content=\"https:\/\/hoerdesign.ch\/en\/administration\/\" \/>\n<meta property=\"og:site_name\" content=\"H\u00f6rdesign GmbH\" \/>\n<meta property=\"article:publisher\" content=\"https:\/\/www.facebook.com\/hoerdesigninzug\" \/>\n<meta property=\"article:modified_time\" content=\"2026-02-02T14:26:40+00:00\" \/>\n<meta property=\"og:image\" content=\"https:\/\/hoerdesign.ch\/wp-content\/uploads\/2026\/01\/Nico-beim-arbeiten.png\" \/>\n\t<meta property=\"og:image:width\" content=\"1048\" \/>\n\t<meta property=\"og:image:height\" content=\"698\" \/>\n\t<meta property=\"og:image:type\" content=\"image\/png\" \/>\n<meta name=\"twitter:card\" content=\"summary_large_image\" \/>\n<meta name=\"twitter:label1\" content=\"Estimated reading time\" \/>\n\t<meta name=\"twitter:data1\" content=\"3 minutes\" \/>\n<script type=\"application\/ld+json\" class=\"yoast-schema-graph\">{\"@context\":\"https:\\\/\\\/schema.org\",\"@graph\":[{\"@type\":\"WebPage\",\"@id\":\"https:\\\/\\\/hoerdesign.ch\\\/administration\\\/\",\"url\":\"https:\\\/\\\/hoerdesign.ch\\\/administration\\\/\",\"name\":\"Administration - H\u00f6rdesign GmbH\",\"isPartOf\":{\"@id\":\"https:\\\/\\\/hoerdesign.ch\\\/#website\"},\"primaryImageOfPage\":{\"@id\":\"https:\\\/\\\/hoerdesign.ch\\\/administration\\\/#primaryimage\"},\"image\":{\"@id\":\"https:\\\/\\\/hoerdesign.ch\\\/administration\\\/#primaryimage\"},\"thumbnailUrl\":\"https:\\\/\\\/hoerdesign.ch\\\/wp-content\\\/uploads\\\/2026\\\/01\\\/Nico-beim-arbeiten-1024x682.png\",\"datePublished\":\"2024-11-06T13:00:10+00:00\",\"dateModified\":\"2026-02-02T14:26:40+00:00\",\"breadcrumb\":{\"@id\":\"https:\\\/\\\/hoerdesign.ch\\\/administration\\\/#breadcrumb\"},\"inLanguage\":\"en-GB\",\"potentialAction\":[{\"@type\":\"ReadAction\",\"target\":[\"https:\\\/\\\/hoerdesign.ch\\\/administration\\\/\"]}]},{\"@type\":\"ImageObject\",\"inLanguage\":\"en-GB\",\"@id\":\"https:\\\/\\\/hoerdesign.ch\\\/administration\\\/#primaryimage\",\"url\":\"https:\\\/\\\/hoerdesign.ch\\\/wp-content\\\/uploads\\\/2026\\\/01\\\/Nico-beim-arbeiten-1024x682.png\",\"contentUrl\":\"https:\\\/\\\/hoerdesign.ch\\\/wp-content\\\/uploads\\\/2026\\\/01\\\/Nico-beim-arbeiten-1024x682.png\"},{\"@type\":\"BreadcrumbList\",\"@id\":\"https:\\\/\\\/hoerdesign.ch\\\/administration\\\/#breadcrumb\",\"itemListElement\":[{\"@type\":\"ListItem\",\"position\":1,\"name\":\"Startseite\",\"item\":\"https:\\\/\\\/hoerdesign.ch\\\/\"},{\"@type\":\"ListItem\",\"position\":2,\"name\":\"Administration\"}]},{\"@type\":\"WebSite\",\"@id\":\"https:\\\/\\\/hoerdesign.ch\\\/#website\",\"url\":\"https:\\\/\\\/hoerdesign.ch\\\/\",\"name\":\"H\u00f6rdesign GmbH\",\"description\":\"Mehr h\u00f6ren. Mehr erleben\",\"publisher\":{\"@id\":\"https:\\\/\\\/hoerdesign.ch\\\/#organization\"},\"potentialAction\":[{\"@type\":\"SearchAction\",\"target\":{\"@type\":\"EntryPoint\",\"urlTemplate\":\"https:\\\/\\\/hoerdesign.ch\\\/?s={search_term_string}\"},\"query-input\":{\"@type\":\"PropertyValueSpecification\",\"valueRequired\":true,\"valueName\":\"search_term_string\"}}],\"inLanguage\":\"en-GB\"},{\"@type\":\"Organization\",\"@id\":\"https:\\\/\\\/hoerdesign.ch\\\/#organization\",\"name\":\"H\u00f6rdesign GmbH\",\"url\":\"https:\\\/\\\/hoerdesign.ch\\\/\",\"logo\":{\"@type\":\"ImageObject\",\"inLanguage\":\"en-GB\",\"@id\":\"https:\\\/\\\/hoerdesign.ch\\\/#\\\/schema\\\/logo\\\/image\\\/\",\"url\":\"https:\\\/\\\/hoerdesign.ch\\\/wp-content\\\/uploads\\\/2023\\\/10\\\/Logo-Hoerdesign-Hohe-Aufloesung.png\",\"contentUrl\":\"https:\\\/\\\/hoerdesign.ch\\\/wp-content\\\/uploads\\\/2023\\\/10\\\/Logo-Hoerdesign-Hohe-Aufloesung.png\",\"width\":730,\"height\":289,\"caption\":\"H\u00f6rdesign GmbH\"},\"image\":{\"@id\":\"https:\\\/\\\/hoerdesign.ch\\\/#\\\/schema\\\/logo\\\/image\\\/\"},\"sameAs\":[\"https:\\\/\\\/www.facebook.com\\\/hoerdesigninzug\",\"https:\\\/\\\/www.instagram.com\\\/hoerdesign_official\\\/\",\"https:\\\/\\\/www.linkedin.com\\\/company\\\/78306967\\\/admin\\\/feed\\\/posts\\\/?feedType=following\"]}]}<\/script>\n<!-- \/ Yoast SEO plugin. -->","yoast_head_json":{"title":"Administration - H\u00f6rdesign GmbH","robots":{"index":"index","follow":"follow","max-snippet":"max-snippet:-1","max-image-preview":"max-image-preview:large","max-video-preview":"max-video-preview:-1"},"canonical":"https:\/\/hoerdesign.ch\/en\/administration\/","og_locale":"en_GB","og_type":"article","og_title":"Administration - H\u00f6rdesign GmbH","og_description":"Jobbeschreibung Zuverl\u00e4ssige Administrationskraft (100%) \u2013 Kundenkontakt &amp; strukturierter Arbeitsalltag Wir suchen eine zuverl\u00e4ssige, strukturierte Pers\u00f6nlichkeit f\u00fcr unsere Administration mit hohem Kundenkontakt.Sie sind die erste Ansprechperson f\u00fcr unsere Kundinnen und Kunden und sorgen daf\u00fcr, dass im Hintergrund alles ruhig, sauber und organisiert abl\u00e4uft. Sie arbeiten gerne mit Menschen, sch\u00e4tzen klare Abl\u00e4ufe und f\u00fchlen sich wohl in&hellip; Continue reading Administration","og_url":"https:\/\/hoerdesign.ch\/en\/administration\/","og_site_name":"H\u00f6rdesign GmbH","article_publisher":"https:\/\/www.facebook.com\/hoerdesigninzug","article_modified_time":"2026-02-02T14:26:40+00:00","og_image":[{"width":1048,"height":698,"url":"https:\/\/hoerdesign.ch\/wp-content\/uploads\/2026\/01\/Nico-beim-arbeiten.png","type":"image\/png"}],"twitter_card":"summary_large_image","twitter_misc":{"Estimated reading time":"3 minutes"},"schema":{"@context":"https:\/\/schema.org","@graph":[{"@type":"WebPage","@id":"https:\/\/hoerdesign.ch\/administration\/","url":"https:\/\/hoerdesign.ch\/administration\/","name":"Administration - H\u00f6rdesign GmbH","isPartOf":{"@id":"https:\/\/hoerdesign.ch\/#website"},"primaryImageOfPage":{"@id":"https:\/\/hoerdesign.ch\/administration\/#primaryimage"},"image":{"@id":"https:\/\/hoerdesign.ch\/administration\/#primaryimage"},"thumbnailUrl":"https:\/\/hoerdesign.ch\/wp-content\/uploads\/2026\/01\/Nico-beim-arbeiten-1024x682.png","datePublished":"2024-11-06T13:00:10+00:00","dateModified":"2026-02-02T14:26:40+00:00","breadcrumb":{"@id":"https:\/\/hoerdesign.ch\/administration\/#breadcrumb"},"inLanguage":"en-GB","potentialAction":[{"@type":"ReadAction","target":["https:\/\/hoerdesign.ch\/administration\/"]}]},{"@type":"ImageObject","inLanguage":"en-GB","@id":"https:\/\/hoerdesign.ch\/administration\/#primaryimage","url":"https:\/\/hoerdesign.ch\/wp-content\/uploads\/2026\/01\/Nico-beim-arbeiten-1024x682.png","contentUrl":"https:\/\/hoerdesign.ch\/wp-content\/uploads\/2026\/01\/Nico-beim-arbeiten-1024x682.png"},{"@type":"BreadcrumbList","@id":"https:\/\/hoerdesign.ch\/administration\/#breadcrumb","itemListElement":[{"@type":"ListItem","position":1,"name":"Startseite","item":"https:\/\/hoerdesign.ch\/"},{"@type":"ListItem","position":2,"name":"Administration"}]},{"@type":"WebSite","@id":"https:\/\/hoerdesign.ch\/#website","url":"https:\/\/hoerdesign.ch\/","name":"H\u00f6rdesign GmbH","description":"Mehr h\u00f6ren. Mehr erleben","publisher":{"@id":"https:\/\/hoerdesign.ch\/#organization"},"potentialAction":[{"@type":"SearchAction","target":{"@type":"EntryPoint","urlTemplate":"https:\/\/hoerdesign.ch\/?s={search_term_string}"},"query-input":{"@type":"PropertyValueSpecification","valueRequired":true,"valueName":"search_term_string"}}],"inLanguage":"en-GB"},{"@type":"Organization","@id":"https:\/\/hoerdesign.ch\/#organization","name":"H\u00f6rdesign GmbH","url":"https:\/\/hoerdesign.ch\/","logo":{"@type":"ImageObject","inLanguage":"en-GB","@id":"https:\/\/hoerdesign.ch\/#\/schema\/logo\/image\/","url":"https:\/\/hoerdesign.ch\/wp-content\/uploads\/2023\/10\/Logo-Hoerdesign-Hohe-Aufloesung.png","contentUrl":"https:\/\/hoerdesign.ch\/wp-content\/uploads\/2023\/10\/Logo-Hoerdesign-Hohe-Aufloesung.png","width":730,"height":289,"caption":"H\u00f6rdesign GmbH"},"image":{"@id":"https:\/\/hoerdesign.ch\/#\/schema\/logo\/image\/"},"sameAs":["https:\/\/www.facebook.com\/hoerdesigninzug","https:\/\/www.instagram.com\/hoerdesign_official\/","https:\/\/www.linkedin.com\/company\/78306967\/admin\/feed\/posts\/?feedType=following"]}]}},"_links":{"self":[{"href":"https:\/\/hoerdesign.ch\/en\/wp-json\/wp\/v2\/pages\/4434","targetHints":{"allow":["GET"]}}],"collection":[{"href":"https:\/\/hoerdesign.ch\/en\/wp-json\/wp\/v2\/pages"}],"about":[{"href":"https:\/\/hoerdesign.ch\/en\/wp-json\/wp\/v2\/types\/page"}],"author":[{"embeddable":true,"href":"https:\/\/hoerdesign.ch\/en\/wp-json\/wp\/v2\/users\/1"}],"replies":[{"embeddable":true,"href":"https:\/\/hoerdesign.ch\/en\/wp-json\/wp\/v2\/comments?post=4434"}],"version-history":[{"count":19,"href":"https:\/\/hoerdesign.ch\/en\/wp-json\/wp\/v2\/pages\/4434\/revisions"}],"predecessor-version":[{"id":5530,"href":"https:\/\/hoerdesign.ch\/en\/wp-json\/wp\/v2\/pages\/4434\/revisions\/5530"}],"wp:attachment":[{"href":"https:\/\/hoerdesign.ch\/en\/wp-json\/wp\/v2\/media?parent=4434"}],"curies":[{"name":"wp","href":"https:\/\/api.w.org\/{rel}","templated":true}]}}