{"id":4944,"date":"2025-06-24T09:20:50","date_gmt":"2025-06-24T09:20:50","guid":{"rendered":"https:\/\/hoerdesign.ch\/?page_id=4944"},"modified":"2025-06-24T09:49:39","modified_gmt":"2025-06-24T09:49:39","slug":"termin-vereinbaren-jetzt","status":"publish","type":"page","link":"https:\/\/hoerdesign.ch\/en\/termin-vereinbaren-jetzt\/","title":{"rendered":"Termin-Vereinbaren-jetzt"},"content":{"rendered":"<div data-elementor-type=\"wp-page\" data-elementor-id=\"4944\" class=\"elementor elementor-4944\" data-elementor-post-type=\"page\">\n\t\t\t\t\t\t<section class=\"elementor-section elementor-top-section elementor-element elementor-element-0546191 elementor-section-boxed elementor-section-height-default elementor-section-height-default\" data-id=\"0546191\" data-element_type=\"section\" data-e-type=\"section\">\n\t\t\t\t\t\t<div class=\"elementor-container elementor-column-gap-default\">\n\t\t\t\t\t<div class=\"elementor-column elementor-col-50 elementor-top-column elementor-element elementor-element-75df571\" data-id=\"75df571\" data-element_type=\"column\" data-e-type=\"column\">\n\t\t\t<div class=\"elementor-widget-wrap elementor-element-populated\">\n\t\t\t\t\t\t<div class=\"elementor-element elementor-element-2e2608b elementor-widget elementor-widget-heading\" data-id=\"2e2608b\" data-element_type=\"widget\" data-e-type=\"widget\" data-widget_type=\"heading.default\">\n\t\t\t\t<div class=\"elementor-widget-container\">\n\t\t\t\t\t<h1 class=\"elementor-heading-title elementor-size-default\">We look forward to seeing you!<\/h1>\t\t\t\t<\/div>\n\t\t\t\t<\/div>\n\t\t\t\t<div class=\"elementor-element elementor-element-a6c9bbf elementor-widget elementor-widget-text-editor\" data-id=\"a6c9bbf\" data-element_type=\"widget\" data-e-type=\"widget\" data-widget_type=\"text-editor.default\">\n\t\t\t\t<div class=\"elementor-widget-container\">\n\t\t\t\t\t\t\t\t\t<p>Here you can easily schedule your preferred appointment. Come to us whenever you like. Booking is available for you at any time. You will receive a confirmation email for your appointment as soon as possible.&nbsp;<\/p>\t\t\t\t\t\t\t\t<\/div>\n\t\t\t\t<\/div>\n\t\t\t\t\t<\/div>\n\t\t<\/div>\n\t\t\t\t<div class=\"elementor-column elementor-col-50 elementor-top-column elementor-element elementor-element-3200b17\" data-id=\"3200b17\" data-element_type=\"column\" data-e-type=\"column\">\n\t\t\t<div class=\"elementor-widget-wrap elementor-element-populated\">\n\t\t\t\t\t\t<div class=\"elementor-element elementor-element-e22060e elementor-widget elementor-widget-image\" data-id=\"e22060e\" data-element_type=\"widget\" data-e-type=\"widget\" data-widget_type=\"image.default\">\n\t\t\t\t<div class=\"elementor-widget-container\">\n\t\t\t\t\t\t\t\t\t\t\t\t\t\t\t<img fetchpriority=\"high\" decoding=\"async\" width=\"750\" height=\"333\" src=\"https:\/\/hoerdesign.ch\/wp-content\/uploads\/2021\/01\/AdobeStock_428796312-scaled-1-768x341.jpeg\" class=\"attachment-medium_large size-medium_large wp-image-1067\" alt=\"\" srcset=\"https:\/\/hoerdesign.ch\/wp-content\/uploads\/2021\/01\/AdobeStock_428796312-scaled-1-768x341.jpeg 768w, https:\/\/hoerdesign.ch\/wp-content\/uploads\/2021\/01\/AdobeStock_428796312-scaled-1-300x133.jpeg 300w, https:\/\/hoerdesign.ch\/wp-content\/uploads\/2021\/01\/AdobeStock_428796312-scaled-1-1024x454.jpeg 1024w, https:\/\/hoerdesign.ch\/wp-content\/uploads\/2021\/01\/AdobeStock_428796312-scaled-1-1536x681.jpeg 1536w, https:\/\/hoerdesign.ch\/wp-content\/uploads\/2021\/01\/AdobeStock_428796312-scaled-1-2048x908.jpeg 2048w\" sizes=\"(max-width: 750px) 100vw, 750px\" style=\"width:100%;height:44.34%;max-width:2560px\" \/>\t\t\t\t\t\t\t\t\t\t\t\t\t\t\t<\/div>\n\t\t\t\t<\/div>\n\t\t\t\t\t<\/div>\n\t\t<\/div>\n\t\t\t\t\t<\/div>\n\t\t<\/section>\n\t\t\t\t<section class=\"elementor-section elementor-top-section elementor-element elementor-element-fb10146 elementor-section-boxed elementor-section-height-default elementor-section-height-default\" data-id=\"fb10146\" data-element_type=\"section\" data-e-type=\"section\">\n\t\t\t\t\t\t<div class=\"elementor-container elementor-column-gap-default\">\n\t\t\t\t\t<div class=\"elementor-column elementor-col-100 elementor-top-column elementor-element elementor-element-25507fe\" data-id=\"25507fe\" data-element_type=\"column\" data-e-type=\"column\">\n\t\t\t<div class=\"elementor-widget-wrap elementor-element-populated\">\n\t\t\t\t<div class=\"elementor-element elementor-element-55b9f11 e-flex e-con-boxed e-con e-parent\" data-id=\"55b9f11\" data-element_type=\"container\" data-e-type=\"container\">\n\t\t\t\t\t<div class=\"e-con-inner\">\n\t\t<div class=\"elementor-element elementor-element-4821e67 e-con-full e-flex e-con e-child\" data-id=\"4821e67\" data-element_type=\"container\" data-e-type=\"container\">\n\t\t\t\t<div class=\"elementor-element elementor-element-01346e3 elementor-widget elementor-widget-image\" data-id=\"01346e3\" data-element_type=\"widget\" data-e-type=\"widget\" data-widget_type=\"image.default\">\n\t\t\t\t<div class=\"elementor-widget-container\">\n\t\t\t\t\t\t\t\t\t\t\t\t\t\t\t<img decoding=\"async\" width=\"750\" height=\"656\" src=\"https:\/\/hoerdesign.ch\/wp-content\/uploads\/2024\/09\/Bild-Nico-Homepage-1024x896.png\" class=\"attachment-large size-large wp-image-4255\" alt=\"\" srcset=\"https:\/\/hoerdesign.ch\/wp-content\/uploads\/2024\/09\/Bild-Nico-Homepage-1024x896.png 1024w, https:\/\/hoerdesign.ch\/wp-content\/uploads\/2024\/09\/Bild-Nico-Homepage-300x263.png 300w, https:\/\/hoerdesign.ch\/wp-content\/uploads\/2024\/09\/Bild-Nico-Homepage-768x672.png 768w, https:\/\/hoerdesign.ch\/wp-content\/uploads\/2024\/09\/Bild-Nico-Homepage-1536x1345.png 1536w, https:\/\/hoerdesign.ch\/wp-content\/uploads\/2024\/09\/Bild-Nico-Homepage-14x12.png 14w, https:\/\/hoerdesign.ch\/wp-content\/uploads\/2024\/09\/Bild-Nico-Homepage-1568x1373.png 1568w, https:\/\/hoerdesign.ch\/wp-content\/uploads\/2024\/09\/Bild-Nico-Homepage.png 1887w\" sizes=\"(max-width: 750px) 100vw, 750px\" style=\"width:100%;height:87.55%;max-width:1887px\" \/>\t\t\t\t\t\t\t\t\t\t\t\t\t\t\t<\/div>\n\t\t\t\t<\/div>\n\t\t\t\t<\/div>\n\t\t\t\t<div class=\"elementor-element elementor-element-320936f elementor-widget elementor-widget-text-editor\" data-id=\"320936f\" data-element_type=\"widget\" data-e-type=\"widget\" data-widget_type=\"text-editor.default\">\n\t\t\t\t<div class=\"elementor-widget-container\">\n\t\t\t\t\t\t\t\t\t<p style=\"text-align: center;\">Nico Tomasini (Deutsch\/Englisch)<\/p>\n<p style=\"text-align: center;\">H\u00f6rger\u00e4teakustikmeister<\/p>\n<p style=\"text-align: center;\">Tinnitus Experte<\/p>\t\t\t\t\t\t\t\t<\/div>\n\t\t\t\t<\/div>\n\t\t\t\t\t<\/div>\n\t\t\t\t<\/div>\n\t\t<div class=\"elementor-element elementor-element-6866e11 e-flex e-con-boxed e-con e-parent\" data-id=\"6866e11\" data-element_type=\"container\" data-e-type=\"container\">\n\t\t\t\t\t<div class=\"e-con-inner\">\n\t\t\t\t<div class=\"elementor-element elementor-element-3f129ca elementor-widget__width-initial elementor-widget elementor-widget-html\" data-id=\"3f129ca\" data-element_type=\"widget\" data-e-type=\"widget\" data-widget_type=\"html.default\">\n\t\t\t\t<div class=\"elementor-widget-container\">\n\t\t\t\t\t<iframe src=\"https:\/\/suisse2.amparex.net\/amparex\/web\/selfservice\/onlinetp\/beikgowidl21j58x5t5cn1n6frfraybg26jvvapisrm=\/resourcetp\/01910256-9674-0007-8b5e-1A524E6F65D2\" style=\"border:0px #ffffff none;\" name=\"myiFrame\" scrolling=\"no\" frameborder=\"1\" marginheight=\"0px\" marginwidth=\"0px\" height=\"400px\" width=\"600px\" allowfullscreen><\/iframe>\t\t\t\t<\/div>\n\t\t\t\t<\/div>\n\t\t\t\t\t<\/div>\n\t\t\t\t<\/div>\n\t\t\t\t\t<\/div>\n\t\t<\/div>\n\t\t\t\t\t<\/div>\n\t\t<\/section>\n\t\t<div class=\"elementor-element elementor-element-8233463 e-flex e-con-boxed e-con e-parent\" data-id=\"8233463\" data-element_type=\"container\" data-e-type=\"container\">\n\t\t\t\t\t<div class=\"e-con-inner\">\n\t\t<div class=\"elementor-element elementor-element-3879f9c e-con-full e-flex e-con e-child\" data-id=\"3879f9c\" data-element_type=\"container\" data-e-type=\"container\">\n\t\t<div class=\"elementor-element elementor-element-8413c67 e-con-full e-flex e-con e-child\" data-id=\"8413c67\" data-element_type=\"container\" data-e-type=\"container\">\n\t\t\t\t<div class=\"elementor-element elementor-element-a8c3022 elementor-widget__width-initial elementor-widget elementor-widget-image\" data-id=\"a8c3022\" data-element_type=\"widget\" data-e-type=\"widget\" data-widget_type=\"image.default\">\n\t\t\t\t<div class=\"elementor-widget-container\">\n\t\t\t\t\t\t\t\t\t\t\t\t\t\t\t<img decoding=\"async\" width=\"2079\" height=\"1386\" src=\"https:\/\/hoerdesign.ch\/wp-content\/uploads\/2024\/07\/Simone-ohne-hintergrund.png\" class=\"attachment-full size-full wp-image-4116\" alt=\"\" srcset=\"https:\/\/hoerdesign.ch\/wp-content\/uploads\/2024\/07\/Simone-ohne-hintergrund.png 2079w, https:\/\/hoerdesign.ch\/wp-content\/uploads\/2024\/07\/Simone-ohne-hintergrund-300x200.png 300w, https:\/\/hoerdesign.ch\/wp-content\/uploads\/2024\/07\/Simone-ohne-hintergrund-1024x683.png 1024w, https:\/\/hoerdesign.ch\/wp-content\/uploads\/2024\/07\/Simone-ohne-hintergrund-768x512.png 768w, https:\/\/hoerdesign.ch\/wp-content\/uploads\/2024\/07\/Simone-ohne-hintergrund-1536x1024.png 1536w, https:\/\/hoerdesign.ch\/wp-content\/uploads\/2024\/07\/Simone-ohne-hintergrund-2048x1365.png 2048w, https:\/\/hoerdesign.ch\/wp-content\/uploads\/2024\/07\/Simone-ohne-hintergrund-18x12.png 18w, https:\/\/hoerdesign.ch\/wp-content\/uploads\/2024\/07\/Simone-ohne-hintergrund-1568x1045.png 1568w\" sizes=\"(max-width: 2079px) 100vw, 2079px\" style=\"width:100%;height:66.67%;max-width:2079px\" \/>\t\t\t\t\t\t\t\t\t\t\t\t\t\t\t<\/div>\n\t\t\t\t<\/div>\n\t\t\t\t<div class=\"elementor-element elementor-element-625b309 elementor-widget__width-initial elementor-widget elementor-widget-text-editor\" data-id=\"625b309\" data-element_type=\"widget\" data-e-type=\"widget\" data-widget_type=\"text-editor.default\">\n\t\t\t\t<div class=\"elementor-widget-container\">\n\t\t\t\t\t\t\t\t\t<p style=\"text-align: center;\">Simona David<\/p>\n<p style=\"text-align: center;\">H\u00f6rberaterin<\/p>\n<p style=\"text-align: center;\">(Schweizerdeutsch \/ Italienisch)<\/p>\n<p style=\"text-align: center;\">Ausbildung zur Tinnitusexpertin<\/p>\t\t\t\t\t\t\t\t<\/div>\n\t\t\t\t<\/div>\n\t\t\t\t<\/div>\n\t\t<div class=\"elementor-element elementor-element-a92d88c e-con-full e-flex e-con e-child\" data-id=\"a92d88c\" data-element_type=\"container\" data-e-type=\"container\">\n\t\t\t\t<div class=\"elementor-element elementor-element-1f0da3a elementor-widget__width-initial elementor-widget elementor-widget-html\" data-id=\"1f0da3a\" data-element_type=\"widget\" data-e-type=\"widget\" data-widget_type=\"html.default\">\n\t\t\t\t<div class=\"elementor-widget-container\">\n\t\t\t\t\t<iframe src=\"https:\/\/suisse2.amparex.net\/amparex\/web\/selfservice\/onlinetp\/ibvillq41u3outhdhwozmycxpygztz6xqsxiw8uk6hq=\/resourcetp\/01910256-9674-0007-8b5e-1A524E6F65D2\" style=\"border:0px #ffffff none;\" name=\"myiFrame\" scrolling=\"no\" frameborder=\"1\" marginheight=\"0px\" marginwidth=\"0px\" height=\"400px\" width=\"600px\" allowfullscreen><\/iframe>\t\t\t\t<\/div>\n\t\t\t\t<\/div>\n\t\t\t\t<\/div>\n\t\t\t\t<\/div>\n\t\t\t\t\t<\/div>\n\t\t\t\t<\/div>\n\t\t\t\t<\/div>","protected":false},"excerpt":{"rendered":"<p>Auf Sie freuen wir uns! Hier vereinbaren Sie ganz einfach Ihren Wunschtermin. Kommen Sie zu uns wann Sie wollen. Die Terminbuchung ist jederzeit f\u00fcr Sie m\u00f6glich. Sie erhalten so schnell wie m\u00f6glich die Terminbest\u00e4tigung per Mail.&nbsp; Nico Tomasini (Deutsch\/Englisch) H\u00f6rger\u00e4teakustikmeister Tinnitus Experte Simona David H\u00f6rberaterin (Schweizerdeutsch \/ Italienisch) Ausbildung zur Tinnitusexpertin<\/p>","protected":false},"author":1,"featured_media":0,"parent":0,"menu_order":0,"comment_status":"closed","ping_status":"closed","template":"","meta":{"_surecart_dashboard_logo_width":"180px","_surecart_dashboard_show_logo":true,"_surecart_dashboard_navigation_orders":true,"_surecart_dashboard_navigation_invoices":true,"_surecart_dashboard_navigation_subscriptions":true,"_surecart_dashboard_navigation_downloads":true,"_surecart_dashboard_navigation_billing":true,"_surecart_dashboard_navigation_account":true,"footnotes":""},"class_list":["post-4944","page","type-page","status-publish","hentry","entry"],"yoast_head":"<!-- This site is optimized with the Yoast SEO plugin v27.4 - https:\/\/yoast.com\/product\/yoast-seo-wordpress\/ -->\n<title>Termin-Vereinbaren-jetzt - H\u00f6rdesign GmbH<\/title>\n<meta name=\"robots\" content=\"index, follow, max-snippet:-1, max-image-preview:large, max-video-preview:-1\" \/>\n<link rel=\"canonical\" href=\"https:\/\/hoerdesign.ch\/en\/termin-vereinbaren-jetzt\/\" \/>\n<meta property=\"og:locale\" content=\"en_GB\" \/>\n<meta property=\"og:type\" content=\"article\" \/>\n<meta property=\"og:title\" content=\"Termin-Vereinbaren-jetzt - H\u00f6rdesign GmbH\" \/>\n<meta property=\"og:description\" content=\"Auf Sie freuen wir uns! Hier vereinbaren Sie ganz einfach Ihren Wunschtermin. Kommen Sie zu uns wann Sie wollen. Die Terminbuchung ist jederzeit f\u00fcr Sie m\u00f6glich. Sie erhalten so schnell wie m\u00f6glich die Terminbest\u00e4tigung per Mail.&nbsp; Nico Tomasini (Deutsch\/Englisch) H\u00f6rger\u00e4teakustikmeister Tinnitus Experte Simona David H\u00f6rberaterin (Schweizerdeutsch \/ Italienisch) Ausbildung zur Tinnitusexpertin\" \/>\n<meta property=\"og:url\" content=\"https:\/\/hoerdesign.ch\/en\/termin-vereinbaren-jetzt\/\" \/>\n<meta property=\"og:site_name\" content=\"H\u00f6rdesign GmbH\" \/>\n<meta property=\"article:publisher\" content=\"https:\/\/www.facebook.com\/hoerdesigninzug\" \/>\n<meta property=\"article:modified_time\" content=\"2025-06-24T09:49:39+00:00\" \/>\n<meta property=\"og:image\" content=\"https:\/\/hoerdesign.ch\/wp-content\/uploads\/2021\/01\/AdobeStock_428796312-scaled-1.jpeg\" \/>\n\t<meta property=\"og:image:width\" content=\"2560\" \/>\n\t<meta property=\"og:image:height\" content=\"1135\" \/>\n\t<meta property=\"og:image:type\" content=\"image\/jpeg\" \/>\n<meta name=\"twitter:card\" content=\"summary_large_image\" \/>\n<meta name=\"twitter:label1\" content=\"Estimated reading time\" \/>\n\t<meta name=\"twitter:data1\" content=\"1 minute\" \/>\n<script type=\"application\/ld+json\" class=\"yoast-schema-graph\">{\"@context\":\"https:\\\/\\\/schema.org\",\"@graph\":[{\"@type\":\"WebPage\",\"@id\":\"https:\\\/\\\/hoerdesign.ch\\\/termin-vereinbaren-jetzt\\\/\",\"url\":\"https:\\\/\\\/hoerdesign.ch\\\/termin-vereinbaren-jetzt\\\/\",\"name\":\"Termin-Vereinbaren-jetzt - H\u00f6rdesign GmbH\",\"isPartOf\":{\"@id\":\"https:\\\/\\\/hoerdesign.ch\\\/#website\"},\"primaryImageOfPage\":{\"@id\":\"https:\\\/\\\/hoerdesign.ch\\\/termin-vereinbaren-jetzt\\\/#primaryimage\"},\"image\":{\"@id\":\"https:\\\/\\\/hoerdesign.ch\\\/termin-vereinbaren-jetzt\\\/#primaryimage\"},\"thumbnailUrl\":\"https:\\\/\\\/hoerdesign.ch\\\/wp-content\\\/uploads\\\/2021\\\/01\\\/AdobeStock_428796312-scaled-1-768x341.jpeg\",\"datePublished\":\"2025-06-24T09:20:50+00:00\",\"dateModified\":\"2025-06-24T09:49:39+00:00\",\"breadcrumb\":{\"@id\":\"https:\\\/\\\/hoerdesign.ch\\\/termin-vereinbaren-jetzt\\\/#breadcrumb\"},\"inLanguage\":\"en-GB\",\"potentialAction\":[{\"@type\":\"ReadAction\",\"target\":[\"https:\\\/\\\/hoerdesign.ch\\\/termin-vereinbaren-jetzt\\\/\"]}]},{\"@type\":\"ImageObject\",\"inLanguage\":\"en-GB\",\"@id\":\"https:\\\/\\\/hoerdesign.ch\\\/termin-vereinbaren-jetzt\\\/#primaryimage\",\"url\":\"https:\\\/\\\/hoerdesign.ch\\\/wp-content\\\/uploads\\\/2021\\\/01\\\/AdobeStock_428796312-scaled-1-768x341.jpeg\",\"contentUrl\":\"https:\\\/\\\/hoerdesign.ch\\\/wp-content\\\/uploads\\\/2021\\\/01\\\/AdobeStock_428796312-scaled-1-768x341.jpeg\"},{\"@type\":\"BreadcrumbList\",\"@id\":\"https:\\\/\\\/hoerdesign.ch\\\/termin-vereinbaren-jetzt\\\/#breadcrumb\",\"itemListElement\":[{\"@type\":\"ListItem\",\"position\":1,\"name\":\"Startseite\",\"item\":\"https:\\\/\\\/hoerdesign.ch\\\/\"},{\"@type\":\"ListItem\",\"position\":2,\"name\":\"Termin-Vereinbaren-jetzt\"}]},{\"@type\":\"WebSite\",\"@id\":\"https:\\\/\\\/hoerdesign.ch\\\/#website\",\"url\":\"https:\\\/\\\/hoerdesign.ch\\\/\",\"name\":\"H\u00f6rdesign GmbH\",\"description\":\"Mehr h\u00f6ren. Mehr erleben\",\"publisher\":{\"@id\":\"https:\\\/\\\/hoerdesign.ch\\\/#organization\"},\"potentialAction\":[{\"@type\":\"SearchAction\",\"target\":{\"@type\":\"EntryPoint\",\"urlTemplate\":\"https:\\\/\\\/hoerdesign.ch\\\/?s={search_term_string}\"},\"query-input\":{\"@type\":\"PropertyValueSpecification\",\"valueRequired\":true,\"valueName\":\"search_term_string\"}}],\"inLanguage\":\"en-GB\"},{\"@type\":\"Organization\",\"@id\":\"https:\\\/\\\/hoerdesign.ch\\\/#organization\",\"name\":\"H\u00f6rdesign GmbH\",\"url\":\"https:\\\/\\\/hoerdesign.ch\\\/\",\"logo\":{\"@type\":\"ImageObject\",\"inLanguage\":\"en-GB\",\"@id\":\"https:\\\/\\\/hoerdesign.ch\\\/#\\\/schema\\\/logo\\\/image\\\/\",\"url\":\"https:\\\/\\\/hoerdesign.ch\\\/wp-content\\\/uploads\\\/2023\\\/10\\\/Logo-Hoerdesign-Hohe-Aufloesung.png\",\"contentUrl\":\"https:\\\/\\\/hoerdesign.ch\\\/wp-content\\\/uploads\\\/2023\\\/10\\\/Logo-Hoerdesign-Hohe-Aufloesung.png\",\"width\":730,\"height\":289,\"caption\":\"H\u00f6rdesign GmbH\"},\"image\":{\"@id\":\"https:\\\/\\\/hoerdesign.ch\\\/#\\\/schema\\\/logo\\\/image\\\/\"},\"sameAs\":[\"https:\\\/\\\/www.facebook.com\\\/hoerdesigninzug\",\"https:\\\/\\\/www.instagram.com\\\/hoerdesign_official\\\/\",\"https:\\\/\\\/www.linkedin.com\\\/company\\\/78306967\\\/admin\\\/feed\\\/posts\\\/?feedType=following\"]}]}<\/script>\n<!-- \/ Yoast SEO plugin. -->","yoast_head_json":{"title":"Termin-Vereinbaren-jetzt - H\u00f6rdesign GmbH","robots":{"index":"index","follow":"follow","max-snippet":"max-snippet:-1","max-image-preview":"max-image-preview:large","max-video-preview":"max-video-preview:-1"},"canonical":"https:\/\/hoerdesign.ch\/en\/termin-vereinbaren-jetzt\/","og_locale":"en_GB","og_type":"article","og_title":"Termin-Vereinbaren-jetzt - H\u00f6rdesign GmbH","og_description":"Auf Sie freuen wir uns! Hier vereinbaren Sie ganz einfach Ihren Wunschtermin. Kommen Sie zu uns wann Sie wollen. Die Terminbuchung ist jederzeit f\u00fcr Sie m\u00f6glich. Sie erhalten so schnell wie m\u00f6glich die Terminbest\u00e4tigung per Mail.&nbsp; Nico Tomasini (Deutsch\/Englisch) H\u00f6rger\u00e4teakustikmeister Tinnitus Experte Simona David H\u00f6rberaterin (Schweizerdeutsch \/ Italienisch) Ausbildung zur Tinnitusexpertin","og_url":"https:\/\/hoerdesign.ch\/en\/termin-vereinbaren-jetzt\/","og_site_name":"H\u00f6rdesign GmbH","article_publisher":"https:\/\/www.facebook.com\/hoerdesigninzug","article_modified_time":"2025-06-24T09:49:39+00:00","og_image":[{"width":2560,"height":1135,"url":"https:\/\/hoerdesign.ch\/wp-content\/uploads\/2021\/01\/AdobeStock_428796312-scaled-1.jpeg","type":"image\/jpeg"}],"twitter_card":"summary_large_image","twitter_misc":{"Estimated reading time":"1 minute"},"schema":{"@context":"https:\/\/schema.org","@graph":[{"@type":"WebPage","@id":"https:\/\/hoerdesign.ch\/termin-vereinbaren-jetzt\/","url":"https:\/\/hoerdesign.ch\/termin-vereinbaren-jetzt\/","name":"Termin-Vereinbaren-jetzt - H\u00f6rdesign GmbH","isPartOf":{"@id":"https:\/\/hoerdesign.ch\/#website"},"primaryImageOfPage":{"@id":"https:\/\/hoerdesign.ch\/termin-vereinbaren-jetzt\/#primaryimage"},"image":{"@id":"https:\/\/hoerdesign.ch\/termin-vereinbaren-jetzt\/#primaryimage"},"thumbnailUrl":"https:\/\/hoerdesign.ch\/wp-content\/uploads\/2021\/01\/AdobeStock_428796312-scaled-1-768x341.jpeg","datePublished":"2025-06-24T09:20:50+00:00","dateModified":"2025-06-24T09:49:39+00:00","breadcrumb":{"@id":"https:\/\/hoerdesign.ch\/termin-vereinbaren-jetzt\/#breadcrumb"},"inLanguage":"en-GB","potentialAction":[{"@type":"ReadAction","target":["https:\/\/hoerdesign.ch\/termin-vereinbaren-jetzt\/"]}]},{"@type":"ImageObject","inLanguage":"en-GB","@id":"https:\/\/hoerdesign.ch\/termin-vereinbaren-jetzt\/#primaryimage","url":"https:\/\/hoerdesign.ch\/wp-content\/uploads\/2021\/01\/AdobeStock_428796312-scaled-1-768x341.jpeg","contentUrl":"https:\/\/hoerdesign.ch\/wp-content\/uploads\/2021\/01\/AdobeStock_428796312-scaled-1-768x341.jpeg"},{"@type":"BreadcrumbList","@id":"https:\/\/hoerdesign.ch\/termin-vereinbaren-jetzt\/#breadcrumb","itemListElement":[{"@type":"ListItem","position":1,"name":"Startseite","item":"https:\/\/hoerdesign.ch\/"},{"@type":"ListItem","position":2,"name":"Termin-Vereinbaren-jetzt"}]},{"@type":"WebSite","@id":"https:\/\/hoerdesign.ch\/#website","url":"https:\/\/hoerdesign.ch\/","name":"H\u00f6rdesign GmbH","description":"Mehr h\u00f6ren. Mehr erleben","publisher":{"@id":"https:\/\/hoerdesign.ch\/#organization"},"potentialAction":[{"@type":"SearchAction","target":{"@type":"EntryPoint","urlTemplate":"https:\/\/hoerdesign.ch\/?s={search_term_string}"},"query-input":{"@type":"PropertyValueSpecification","valueRequired":true,"valueName":"search_term_string"}}],"inLanguage":"en-GB"},{"@type":"Organization","@id":"https:\/\/hoerdesign.ch\/#organization","name":"H\u00f6rdesign GmbH","url":"https:\/\/hoerdesign.ch\/","logo":{"@type":"ImageObject","inLanguage":"en-GB","@id":"https:\/\/hoerdesign.ch\/#\/schema\/logo\/image\/","url":"https:\/\/hoerdesign.ch\/wp-content\/uploads\/2023\/10\/Logo-Hoerdesign-Hohe-Aufloesung.png","contentUrl":"https:\/\/hoerdesign.ch\/wp-content\/uploads\/2023\/10\/Logo-Hoerdesign-Hohe-Aufloesung.png","width":730,"height":289,"caption":"H\u00f6rdesign GmbH"},"image":{"@id":"https:\/\/hoerdesign.ch\/#\/schema\/logo\/image\/"},"sameAs":["https:\/\/www.facebook.com\/hoerdesigninzug","https:\/\/www.instagram.com\/hoerdesign_official\/","https:\/\/www.linkedin.com\/company\/78306967\/admin\/feed\/posts\/?feedType=following"]}]}},"_links":{"self":[{"href":"https:\/\/hoerdesign.ch\/en\/wp-json\/wp\/v2\/pages\/4944","targetHints":{"allow":["GET"]}}],"collection":[{"href":"https:\/\/hoerdesign.ch\/en\/wp-json\/wp\/v2\/pages"}],"about":[{"href":"https:\/\/hoerdesign.ch\/en\/wp-json\/wp\/v2\/types\/page"}],"author":[{"embeddable":true,"href":"https:\/\/hoerdesign.ch\/en\/wp-json\/wp\/v2\/users\/1"}],"replies":[{"embeddable":true,"href":"https:\/\/hoerdesign.ch\/en\/wp-json\/wp\/v2\/comments?post=4944"}],"version-history":[{"count":10,"href":"https:\/\/hoerdesign.ch\/en\/wp-json\/wp\/v2\/pages\/4944\/revisions"}],"predecessor-version":[{"id":4959,"href":"https:\/\/hoerdesign.ch\/en\/wp-json\/wp\/v2\/pages\/4944\/revisions\/4959"}],"wp:attachment":[{"href":"https:\/\/hoerdesign.ch\/en\/wp-json\/wp\/v2\/media?parent=4944"}],"curies":[{"name":"wp","href":"https:\/\/api.w.org\/{rel}","templated":true}]}}