{"id":5498,"date":"2026-01-15T21:13:21","date_gmt":"2026-01-15T21:13:21","guid":{"rendered":"https:\/\/hoerdesign.ch\/?page_id=5498"},"modified":"2026-01-27T21:15:47","modified_gmt":"2026-01-27T21:15:47","slug":"quereinsteiger","status":"publish","type":"page","link":"https:\/\/hoerdesign.ch\/en\/quereinsteiger\/","title":{"rendered":"Quereinsteiger"},"content":{"rendered":"<div data-elementor-type=\"wp-page\" data-elementor-id=\"5498\" class=\"elementor elementor-5498\" data-elementor-post-type=\"page\">\n\t\t\t\t<div class=\"elementor-element elementor-element-2daf56e e-flex e-con-boxed e-con e-parent\" data-id=\"2daf56e\" data-element_type=\"container\" data-e-type=\"container\">\n\t\t\t\t\t<div class=\"e-con-inner\">\n\t\t\t\t<div class=\"elementor-element elementor-element-8f93bd0 elementor-widget elementor-widget-heading\" data-id=\"8f93bd0\" data-element_type=\"widget\" data-e-type=\"widget\" data-widget_type=\"heading.default\">\n\t\t\t\t<div class=\"elementor-widget-container\">\n\t\t\t\t\t<h2 class=\"elementor-heading-title elementor-size-default\">Jobbeschreibung<\/h2>\t\t\t\t<\/div>\n\t\t\t\t<\/div>\n\t\t\t\t<div class=\"elementor-element elementor-element-79be31a elementor-widget elementor-widget-heading\" data-id=\"79be31a\" data-element_type=\"widget\" data-e-type=\"widget\" data-widget_type=\"heading.default\">\n\t\t\t\t<div class=\"elementor-widget-container\">\n\t\t\t\t\t<h2 class=\"elementor-heading-title elementor-size-default\">Quereinstieg H\u00f6rakustiker:in \u2013 Verantwortung, Verkauf &amp; Entwicklung<\/h2>\t\t\t\t<\/div>\n\t\t\t\t<\/div>\n\t\t\t\t<div class=\"elementor-element elementor-element-dea062f elementor-widget elementor-widget-image\" data-id=\"dea062f\" data-element_type=\"widget\" data-e-type=\"widget\" data-widget_type=\"image.default\">\n\t\t\t\t<div class=\"elementor-widget-container\">\n\t\t\t\t\t\t\t\t\t\t\t\t\t\t\t<img fetchpriority=\"high\" decoding=\"async\" width=\"750\" height=\"421\" src=\"https:\/\/hoerdesign.ch\/wp-content\/uploads\/2026\/01\/Erklaerung-APP-1024x575.jpg\" class=\"attachment-large size-large wp-image-5484\" alt=\"\" srcset=\"https:\/\/hoerdesign.ch\/wp-content\/uploads\/2026\/01\/Erklaerung-APP-1024x575.jpg 1024w, https:\/\/hoerdesign.ch\/wp-content\/uploads\/2026\/01\/Erklaerung-APP-300x168.jpg 300w, https:\/\/hoerdesign.ch\/wp-content\/uploads\/2026\/01\/Erklaerung-APP-768x431.jpg 768w, https:\/\/hoerdesign.ch\/wp-content\/uploads\/2026\/01\/Erklaerung-APP-1536x862.jpg 1536w, https:\/\/hoerdesign.ch\/wp-content\/uploads\/2026\/01\/Erklaerung-APP-2048x1150.jpg 2048w, https:\/\/hoerdesign.ch\/wp-content\/uploads\/2026\/01\/Erklaerung-APP-18x10.jpg 18w, https:\/\/hoerdesign.ch\/wp-content\/uploads\/2026\/01\/Erklaerung-APP-1568x880.jpg 1568w\" sizes=\"(max-width: 750px) 100vw, 750px\" style=\"width:100%;height:56.15%;max-width:2520px\" \/>\t\t\t\t\t\t\t\t\t\t\t\t\t\t\t<\/div>\n\t\t\t\t<\/div>\n\t\t\t\t<div class=\"elementor-element elementor-element-813ee9a elementor-widget elementor-widget-text-editor\" data-id=\"813ee9a\" data-element_type=\"widget\" data-e-type=\"widget\" data-widget_type=\"text-editor.default\">\n\t\t\t\t<div class=\"elementor-widget-container\">\n\t\t\t\t\t\t\t\t\t<p>Wir suchen eine neue Mitarbeiterin oder einen neuen Mitarbeiter f\u00fcr den Quereinstieg als H\u00f6rakustikerin bzw. H\u00f6rakustiker.<br data-start=\"541\" data-end=\"544\" \/>In dieser Rolle \u00fcbernehmen Sie <strong data-start=\"575\" data-end=\"617\">Verantwortung f\u00fcr Beratung und Verkauf<\/strong> und tragen aktiv zum wirtschaftlichen Erfolg unseres Standorts bei. Sie arbeiten gerne <strong data-start=\"706\" data-end=\"759\">zielorientiert, eigenst\u00e4ndig und leistungsbewusst<\/strong>. Sie m\u00f6chten nicht nur \u201emitarbeiten\u201c, sondern <strong data-start=\"808\" data-end=\"830\">Ergebnisse liefern<\/strong>, Verantwortung \u00fcbernehmen und sich fachlich wie pers\u00f6nlich weiterentwickeln.<\/p><h2 data-start=\"914\" data-end=\"969\"><strong data-start=\"917\" data-end=\"969\">\u00a0<\/strong><\/h2><h2 data-start=\"914\" data-end=\"969\"><strong data-start=\"917\" data-end=\"969\">Keine Erfahrung in der H\u00f6rakustik? Kein Problem.<\/strong><\/h2><p data-start=\"971\" data-end=\"1227\">W\u00e4hrend der Einarbeitung erlernen Sie Schritt f\u00fcr Schritt alle fachlichen Grundlagen.<br data-start=\"1056\" data-end=\"1059\" \/>Sie erhalten eine <strong data-start=\"1077\" data-end=\"1105\">strukturierte Ausbildung<\/strong>, klare Prozesse und Zugang zu unserer <strong data-start=\"1144\" data-end=\"1176\">internen Video-Lernplattform<\/strong>, mit der Sie alle Abl\u00e4ufe effizient lernen k\u00f6nnen.<\/p><p data-start=\"1229\" data-end=\"1385\">Zus\u00e4tzlich absolvieren Sie die Ausbildung am WIFI-Fortbildungszentrum in Innsbruck<br data-start=\"1311\" data-end=\"1314\" \/>(5 \u00d7 2 Wochen Blockunterricht mit international anerkanntem Abschluss).<\/p><p data-start=\"1387\" data-end=\"1536\">Die Weiterbildung ist vollst\u00e4ndig bezahlt:<br data-start=\"1429\" data-end=\"1432\" \/><strong data-start=\"1432\" data-end=\"1476\">CHF 4\u2019000.\u2013 Bruttolohn \/ Monat bei 100 %<\/strong><br data-start=\"1476\" data-end=\"1479\" \/>inkl. \u00dcbernahme von Hotel- und Kurskosten (CHF 20\u2019000.\u2013).<\/p><h2 data-start=\"1543\" data-end=\"1563\"><strong data-start=\"1546\" data-end=\"1563\">\u00a0<\/strong><\/h2><h2 data-start=\"1543\" data-end=\"1563\"><strong data-start=\"1546\" data-end=\"1563\">Ihre Aufgaben<\/strong><\/h2><ul data-start=\"1565\" data-end=\"1956\"><li data-start=\"1565\" data-end=\"1623\"><p data-start=\"1567\" data-end=\"1623\">Durchf\u00fchrung von H\u00f6rtests und strukturierte Auswertung<\/p><\/li><li data-start=\"1624\" data-end=\"1686\"><p data-start=\"1626\" data-end=\"1686\"><strong data-start=\"1626\" data-end=\"1657\">Aktive Beratung und Verkauf<\/strong> von H\u00f6rger\u00e4ten und Zubeh\u00f6r<\/p><\/li><li data-start=\"1687\" data-end=\"1740\"><p data-start=\"1689\" data-end=\"1740\">Verantwortung f\u00fcr <strong data-start=\"1707\" data-end=\"1738\">Abschluss und Nachbetreuung<\/strong><\/p><\/li><li data-start=\"1741\" data-end=\"1794\"><p data-start=\"1743\" data-end=\"1794\">Anpassung, Reparatur und Reinigung von H\u00f6rger\u00e4ten<\/p><\/li><li data-start=\"1795\" data-end=\"1842\"><p data-start=\"1797\" data-end=\"1842\">Verbinden von H\u00f6rger\u00e4ten mit Mobiltelefonen<\/p><\/li><li data-start=\"1843\" data-end=\"1893\"><p data-start=\"1845\" data-end=\"1893\">Dokumentation und Einhaltung interner Prozesse<\/p><\/li><li data-start=\"1894\" data-end=\"1956\"><p data-start=\"1896\" data-end=\"1956\">Mitarbeit an der kontinuierlichen Verbesserung der Abl\u00e4ufe<\/p><\/li><\/ul><h2 data-start=\"1963\" data-end=\"1980\"><strong data-start=\"1966\" data-end=\"1980\">\u00a0<\/strong><\/h2><h2 data-start=\"1963\" data-end=\"1980\"><strong data-start=\"1966\" data-end=\"1980\">Ihr Profil<\/strong><\/h2><ul data-start=\"1982\" data-end=\"2362\"><li data-start=\"1982\" data-end=\"2053\"><p data-start=\"1984\" data-end=\"2053\">Sie arbeiten <strong data-start=\"1997\" data-end=\"2051\">selbstst\u00e4ndig, zuverl\u00e4ssig und leistungsorientiert<\/strong><\/p><\/li><li data-start=\"2054\" data-end=\"2111\"><p data-start=\"2056\" data-end=\"2111\">Sie \u00fcbernehmen gerne <strong data-start=\"2077\" data-end=\"2109\">Verantwortung f\u00fcr Ergebnisse<\/strong><\/p><\/li><li data-start=\"2112\" data-end=\"2160\"><p data-start=\"2114\" data-end=\"2160\">Sie haben Freude am Verkauf und am Abschluss<\/p><\/li><li data-start=\"2161\" data-end=\"2225\"><p data-start=\"2163\" data-end=\"2225\">Sie denken <strong data-start=\"2174\" data-end=\"2193\">unternehmerisch<\/strong> und handeln l\u00f6sungsorientiert<\/p><\/li><li data-start=\"2226\" data-end=\"2288\"><p data-start=\"2228\" data-end=\"2288\">Sie halten sich an Prozesse, bringen aber eigene Ideen ein<\/p><\/li><li data-start=\"2289\" data-end=\"2362\"><p data-start=\"2291\" data-end=\"2362\">Sie wollen sich fachlich entwickeln und mehr Verantwortung \u00fcbernehmen<\/p><\/li><\/ul><h2 data-start=\"2369\" data-end=\"2386\"><strong data-start=\"2372\" data-end=\"2386\">\u00a0<\/strong><\/h2><h2 data-start=\"2369\" data-end=\"2386\"><strong data-start=\"2372\" data-end=\"2386\">Wir bieten<\/strong><\/h2><p>\u00a0<\/p><h3 data-start=\"2388\" data-end=\"2435\"><strong data-start=\"2392\" data-end=\"2433\">Sicherer Arbeitsplatz mit Perspektive<\/strong><\/h3><p data-start=\"2436\" data-end=\"2495\">Langfristige Anstellung mit klarer Entwicklungsm\u00f6glichkeit.<\/p><h3 data-start=\"2497\" data-end=\"2548\"><strong data-start=\"2501\" data-end=\"2546\">Strukturierte Ausbildung &amp; Video-Training<\/strong><\/h3><p data-start=\"2549\" data-end=\"2606\">Klare Lernsysteme, feste Prozesse, messbarer Fortschritt.<\/p><h3 data-start=\"2608\" data-end=\"2646\"><strong data-start=\"2612\" data-end=\"2644\">Leistungsorientiertes Umfeld<\/strong><\/h3><p data-start=\"2647\" data-end=\"2709\">Gute Arbeit wird gesehen, gef\u00f6rdert und entsprechend verg\u00fctet.<\/p><h3 data-start=\"2711\" data-end=\"2743\"><strong data-start=\"2715\" data-end=\"2741\">Entwicklung &amp; Karriere<\/strong><\/h3><p data-start=\"2744\" data-end=\"2874\">Ziel ist, dass Sie langfristig <strong data-start=\"2775\" data-end=\"2824\">eine Schl\u00fcsselrolle im Unternehmen \u00fcbernehmen<\/strong> und den Inhaber bei Abwesenheit vertreten k\u00f6nnen.<\/p><h3 data-start=\"2876\" data-end=\"2901\"><strong data-start=\"2880\" data-end=\"2899\">Weiterbildungen<\/strong><\/h3><p data-start=\"2902\" data-end=\"2969\">Regelm\u00e4ssige Schulungen, Produkttrainings und fachliche Vertiefung.<\/p>\t\t\t\t\t\t\t\t<\/div>\n\t\t\t\t<\/div>\n\t\t\t\t<div class=\"elementor-element elementor-element-317f52d elementor-widget elementor-widget-heading\" data-id=\"317f52d\" data-element_type=\"widget\" data-e-type=\"widget\" data-widget_type=\"heading.default\">\n\t\t\t\t<div class=\"elementor-widget-container\">\n\t\t\t\t\t<h2 class=\"elementor-heading-title elementor-size-default\">Senden Sie Ihre Bewerbung mit Lebenslauf an nico@hoerdesign.ch<\/h2>\t\t\t\t<\/div>\n\t\t\t\t<\/div>\n\t\t\t\t\t<\/div>\n\t\t\t\t<\/div>\n\t\t\t\t<\/div>","protected":false},"excerpt":{"rendered":"<p>Jobbeschreibung Quereinstieg H\u00f6rakustiker:in \u2013 Verantwortung, Verkauf &amp; Entwicklung Wir suchen eine neue Mitarbeiterin oder einen neuen Mitarbeiter f\u00fcr den Quereinstieg als H\u00f6rakustikerin bzw. H\u00f6rakustiker.In dieser Rolle \u00fcbernehmen Sie Verantwortung f\u00fcr Beratung und Verkauf und tragen aktiv zum wirtschaftlichen Erfolg unseres Standorts bei. Sie arbeiten gerne zielorientiert, eigenst\u00e4ndig und leistungsbewusst. Sie m\u00f6chten nicht nur \u201emitarbeiten\u201c, sondern&hellip; <a class=\"more-link\" href=\"https:\/\/hoerdesign.ch\/en\/quereinsteiger\/\">Continue reading <span class=\"screen-reader-text\">Quereinsteiger<\/span><\/a><\/p>","protected":false},"author":1,"featured_media":0,"parent":0,"menu_order":0,"comment_status":"closed","ping_status":"closed","template":"","meta":{"_surecart_dashboard_logo_width":"180px","_surecart_dashboard_show_logo":true,"_surecart_dashboard_navigation_orders":true,"_surecart_dashboard_navigation_invoices":true,"_surecart_dashboard_navigation_subscriptions":true,"_surecart_dashboard_navigation_downloads":true,"_surecart_dashboard_navigation_billing":true,"_surecart_dashboard_navigation_account":true,"footnotes":""},"class_list":["post-5498","page","type-page","status-publish","hentry","entry"],"yoast_head":"<!-- This site is optimized with the Yoast SEO plugin v27.4 - https:\/\/yoast.com\/product\/yoast-seo-wordpress\/ -->\n<title>Quereinsteiger - H\u00f6rdesign GmbH<\/title>\n<meta name=\"robots\" content=\"index, follow, max-snippet:-1, max-image-preview:large, max-video-preview:-1\" \/>\n<link rel=\"canonical\" href=\"https:\/\/hoerdesign.ch\/en\/quereinsteiger\/\" \/>\n<meta property=\"og:locale\" content=\"en_GB\" \/>\n<meta property=\"og:type\" content=\"article\" \/>\n<meta property=\"og:title\" content=\"Quereinsteiger - H\u00f6rdesign GmbH\" \/>\n<meta property=\"og:description\" content=\"Jobbeschreibung Quereinstieg H\u00f6rakustiker:in \u2013 Verantwortung, Verkauf &amp; Entwicklung Wir suchen eine neue Mitarbeiterin oder einen neuen Mitarbeiter f\u00fcr den Quereinstieg als H\u00f6rakustikerin bzw. H\u00f6rakustiker.In dieser Rolle \u00fcbernehmen Sie Verantwortung f\u00fcr Beratung und Verkauf und tragen aktiv zum wirtschaftlichen Erfolg unseres Standorts bei. Sie arbeiten gerne zielorientiert, eigenst\u00e4ndig und leistungsbewusst. Sie m\u00f6chten nicht nur \u201emitarbeiten\u201c, sondern&hellip; Continue reading Quereinsteiger\" \/>\n<meta property=\"og:url\" content=\"https:\/\/hoerdesign.ch\/en\/quereinsteiger\/\" \/>\n<meta property=\"og:site_name\" content=\"H\u00f6rdesign GmbH\" \/>\n<meta property=\"article:publisher\" content=\"https:\/\/www.facebook.com\/hoerdesigninzug\" \/>\n<meta property=\"article:modified_time\" content=\"2026-01-27T21:15:47+00:00\" \/>\n<meta property=\"og:image\" content=\"https:\/\/hoerdesign.ch\/wp-content\/uploads\/2026\/01\/Erklaerung-APP.jpg\" \/>\n\t<meta property=\"og:image:width\" content=\"2520\" \/>\n\t<meta property=\"og:image:height\" content=\"1415\" \/>\n\t<meta property=\"og:image:type\" content=\"image\/jpeg\" \/>\n<meta name=\"twitter:card\" content=\"summary_large_image\" \/>\n<meta name=\"twitter:label1\" content=\"Estimated reading time\" \/>\n\t<meta name=\"twitter:data1\" content=\"2 minutes\" \/>\n<script type=\"application\/ld+json\" class=\"yoast-schema-graph\">{\"@context\":\"https:\\\/\\\/schema.org\",\"@graph\":[{\"@type\":\"WebPage\",\"@id\":\"https:\\\/\\\/hoerdesign.ch\\\/quereinsteiger\\\/\",\"url\":\"https:\\\/\\\/hoerdesign.ch\\\/quereinsteiger\\\/\",\"name\":\"Quereinsteiger - H\u00f6rdesign GmbH\",\"isPartOf\":{\"@id\":\"https:\\\/\\\/hoerdesign.ch\\\/#website\"},\"primaryImageOfPage\":{\"@id\":\"https:\\\/\\\/hoerdesign.ch\\\/quereinsteiger\\\/#primaryimage\"},\"image\":{\"@id\":\"https:\\\/\\\/hoerdesign.ch\\\/quereinsteiger\\\/#primaryimage\"},\"thumbnailUrl\":\"https:\\\/\\\/hoerdesign.ch\\\/wp-content\\\/uploads\\\/2026\\\/01\\\/Erklaerung-APP-1024x575.jpg\",\"datePublished\":\"2026-01-15T21:13:21+00:00\",\"dateModified\":\"2026-01-27T21:15:47+00:00\",\"breadcrumb\":{\"@id\":\"https:\\\/\\\/hoerdesign.ch\\\/quereinsteiger\\\/#breadcrumb\"},\"inLanguage\":\"en-GB\",\"potentialAction\":[{\"@type\":\"ReadAction\",\"target\":[\"https:\\\/\\\/hoerdesign.ch\\\/quereinsteiger\\\/\"]}]},{\"@type\":\"ImageObject\",\"inLanguage\":\"en-GB\",\"@id\":\"https:\\\/\\\/hoerdesign.ch\\\/quereinsteiger\\\/#primaryimage\",\"url\":\"https:\\\/\\\/hoerdesign.ch\\\/wp-content\\\/uploads\\\/2026\\\/01\\\/Erklaerung-APP-1024x575.jpg\",\"contentUrl\":\"https:\\\/\\\/hoerdesign.ch\\\/wp-content\\\/uploads\\\/2026\\\/01\\\/Erklaerung-APP-1024x575.jpg\"},{\"@type\":\"BreadcrumbList\",\"@id\":\"https:\\\/\\\/hoerdesign.ch\\\/quereinsteiger\\\/#breadcrumb\",\"itemListElement\":[{\"@type\":\"ListItem\",\"position\":1,\"name\":\"Startseite\",\"item\":\"https:\\\/\\\/hoerdesign.ch\\\/\"},{\"@type\":\"ListItem\",\"position\":2,\"name\":\"Quereinsteiger\"}]},{\"@type\":\"WebSite\",\"@id\":\"https:\\\/\\\/hoerdesign.ch\\\/#website\",\"url\":\"https:\\\/\\\/hoerdesign.ch\\\/\",\"name\":\"H\u00f6rdesign GmbH\",\"description\":\"Mehr h\u00f6ren. Mehr erleben\",\"publisher\":{\"@id\":\"https:\\\/\\\/hoerdesign.ch\\\/#organization\"},\"potentialAction\":[{\"@type\":\"SearchAction\",\"target\":{\"@type\":\"EntryPoint\",\"urlTemplate\":\"https:\\\/\\\/hoerdesign.ch\\\/?s={search_term_string}\"},\"query-input\":{\"@type\":\"PropertyValueSpecification\",\"valueRequired\":true,\"valueName\":\"search_term_string\"}}],\"inLanguage\":\"en-GB\"},{\"@type\":\"Organization\",\"@id\":\"https:\\\/\\\/hoerdesign.ch\\\/#organization\",\"name\":\"H\u00f6rdesign GmbH\",\"url\":\"https:\\\/\\\/hoerdesign.ch\\\/\",\"logo\":{\"@type\":\"ImageObject\",\"inLanguage\":\"en-GB\",\"@id\":\"https:\\\/\\\/hoerdesign.ch\\\/#\\\/schema\\\/logo\\\/image\\\/\",\"url\":\"https:\\\/\\\/hoerdesign.ch\\\/wp-content\\\/uploads\\\/2023\\\/10\\\/Logo-Hoerdesign-Hohe-Aufloesung.png\",\"contentUrl\":\"https:\\\/\\\/hoerdesign.ch\\\/wp-content\\\/uploads\\\/2023\\\/10\\\/Logo-Hoerdesign-Hohe-Aufloesung.png\",\"width\":730,\"height\":289,\"caption\":\"H\u00f6rdesign GmbH\"},\"image\":{\"@id\":\"https:\\\/\\\/hoerdesign.ch\\\/#\\\/schema\\\/logo\\\/image\\\/\"},\"sameAs\":[\"https:\\\/\\\/www.facebook.com\\\/hoerdesigninzug\",\"https:\\\/\\\/www.instagram.com\\\/hoerdesign_official\\\/\",\"https:\\\/\\\/www.linkedin.com\\\/company\\\/78306967\\\/admin\\\/feed\\\/posts\\\/?feedType=following\"]}]}<\/script>\n<!-- \/ Yoast SEO plugin. -->","yoast_head_json":{"title":"Quereinsteiger - H\u00f6rdesign GmbH","robots":{"index":"index","follow":"follow","max-snippet":"max-snippet:-1","max-image-preview":"max-image-preview:large","max-video-preview":"max-video-preview:-1"},"canonical":"https:\/\/hoerdesign.ch\/en\/quereinsteiger\/","og_locale":"en_GB","og_type":"article","og_title":"Quereinsteiger - H\u00f6rdesign GmbH","og_description":"Jobbeschreibung Quereinstieg H\u00f6rakustiker:in \u2013 Verantwortung, Verkauf &amp; Entwicklung Wir suchen eine neue Mitarbeiterin oder einen neuen Mitarbeiter f\u00fcr den Quereinstieg als H\u00f6rakustikerin bzw. H\u00f6rakustiker.In dieser Rolle \u00fcbernehmen Sie Verantwortung f\u00fcr Beratung und Verkauf und tragen aktiv zum wirtschaftlichen Erfolg unseres Standorts bei. Sie arbeiten gerne zielorientiert, eigenst\u00e4ndig und leistungsbewusst. Sie m\u00f6chten nicht nur \u201emitarbeiten\u201c, sondern&hellip; Continue reading Quereinsteiger","og_url":"https:\/\/hoerdesign.ch\/en\/quereinsteiger\/","og_site_name":"H\u00f6rdesign GmbH","article_publisher":"https:\/\/www.facebook.com\/hoerdesigninzug","article_modified_time":"2026-01-27T21:15:47+00:00","og_image":[{"width":2520,"height":1415,"url":"https:\/\/hoerdesign.ch\/wp-content\/uploads\/2026\/01\/Erklaerung-APP.jpg","type":"image\/jpeg"}],"twitter_card":"summary_large_image","twitter_misc":{"Estimated reading time":"2 minutes"},"schema":{"@context":"https:\/\/schema.org","@graph":[{"@type":"WebPage","@id":"https:\/\/hoerdesign.ch\/quereinsteiger\/","url":"https:\/\/hoerdesign.ch\/quereinsteiger\/","name":"Quereinsteiger - H\u00f6rdesign GmbH","isPartOf":{"@id":"https:\/\/hoerdesign.ch\/#website"},"primaryImageOfPage":{"@id":"https:\/\/hoerdesign.ch\/quereinsteiger\/#primaryimage"},"image":{"@id":"https:\/\/hoerdesign.ch\/quereinsteiger\/#primaryimage"},"thumbnailUrl":"https:\/\/hoerdesign.ch\/wp-content\/uploads\/2026\/01\/Erklaerung-APP-1024x575.jpg","datePublished":"2026-01-15T21:13:21+00:00","dateModified":"2026-01-27T21:15:47+00:00","breadcrumb":{"@id":"https:\/\/hoerdesign.ch\/quereinsteiger\/#breadcrumb"},"inLanguage":"en-GB","potentialAction":[{"@type":"ReadAction","target":["https:\/\/hoerdesign.ch\/quereinsteiger\/"]}]},{"@type":"ImageObject","inLanguage":"en-GB","@id":"https:\/\/hoerdesign.ch\/quereinsteiger\/#primaryimage","url":"https:\/\/hoerdesign.ch\/wp-content\/uploads\/2026\/01\/Erklaerung-APP-1024x575.jpg","contentUrl":"https:\/\/hoerdesign.ch\/wp-content\/uploads\/2026\/01\/Erklaerung-APP-1024x575.jpg"},{"@type":"BreadcrumbList","@id":"https:\/\/hoerdesign.ch\/quereinsteiger\/#breadcrumb","itemListElement":[{"@type":"ListItem","position":1,"name":"Startseite","item":"https:\/\/hoerdesign.ch\/"},{"@type":"ListItem","position":2,"name":"Quereinsteiger"}]},{"@type":"WebSite","@id":"https:\/\/hoerdesign.ch\/#website","url":"https:\/\/hoerdesign.ch\/","name":"H\u00f6rdesign GmbH","description":"Mehr h\u00f6ren. Mehr erleben","publisher":{"@id":"https:\/\/hoerdesign.ch\/#organization"},"potentialAction":[{"@type":"SearchAction","target":{"@type":"EntryPoint","urlTemplate":"https:\/\/hoerdesign.ch\/?s={search_term_string}"},"query-input":{"@type":"PropertyValueSpecification","valueRequired":true,"valueName":"search_term_string"}}],"inLanguage":"en-GB"},{"@type":"Organization","@id":"https:\/\/hoerdesign.ch\/#organization","name":"H\u00f6rdesign GmbH","url":"https:\/\/hoerdesign.ch\/","logo":{"@type":"ImageObject","inLanguage":"en-GB","@id":"https:\/\/hoerdesign.ch\/#\/schema\/logo\/image\/","url":"https:\/\/hoerdesign.ch\/wp-content\/uploads\/2023\/10\/Logo-Hoerdesign-Hohe-Aufloesung.png","contentUrl":"https:\/\/hoerdesign.ch\/wp-content\/uploads\/2023\/10\/Logo-Hoerdesign-Hohe-Aufloesung.png","width":730,"height":289,"caption":"H\u00f6rdesign GmbH"},"image":{"@id":"https:\/\/hoerdesign.ch\/#\/schema\/logo\/image\/"},"sameAs":["https:\/\/www.facebook.com\/hoerdesigninzug","https:\/\/www.instagram.com\/hoerdesign_official\/","https:\/\/www.linkedin.com\/company\/78306967\/admin\/feed\/posts\/?feedType=following"]}]}},"_links":{"self":[{"href":"https:\/\/hoerdesign.ch\/en\/wp-json\/wp\/v2\/pages\/5498","targetHints":{"allow":["GET"]}}],"collection":[{"href":"https:\/\/hoerdesign.ch\/en\/wp-json\/wp\/v2\/pages"}],"about":[{"href":"https:\/\/hoerdesign.ch\/en\/wp-json\/wp\/v2\/types\/page"}],"author":[{"embeddable":true,"href":"https:\/\/hoerdesign.ch\/en\/wp-json\/wp\/v2\/users\/1"}],"replies":[{"embeddable":true,"href":"https:\/\/hoerdesign.ch\/en\/wp-json\/wp\/v2\/comments?post=5498"}],"version-history":[{"count":10,"href":"https:\/\/hoerdesign.ch\/en\/wp-json\/wp\/v2\/pages\/5498\/revisions"}],"predecessor-version":[{"id":5518,"href":"https:\/\/hoerdesign.ch\/en\/wp-json\/wp\/v2\/pages\/5498\/revisions\/5518"}],"wp:attachment":[{"href":"https:\/\/hoerdesign.ch\/en\/wp-json\/wp\/v2\/media?parent=5498"}],"curies":[{"name":"wp","href":"https:\/\/api.w.org\/{rel}","templated":true}]}}