{"id":5544,"date":"2026-03-09T19:49:00","date_gmt":"2026-03-09T19:49:00","guid":{"rendered":"https:\/\/hoerdesign.ch\/shop\/"},"modified":"2026-03-25T21:12:51","modified_gmt":"2026-03-25T21:12:51","slug":"shop","status":"publish","type":"page","link":"https:\/\/hoerdesign.ch\/en\/shop\/","title":{"rendered":"Shop"},"content":{"rendered":"<div data-elementor-type=\"wp-page\" data-elementor-id=\"5544\" class=\"elementor elementor-5544\" data-elementor-post-type=\"page\">\n\t\t\t\t<div class=\"elementor-element elementor-element-af1e3fb e-flex e-con-boxed e-con e-parent\" data-id=\"af1e3fb\" data-element_type=\"container\" data-e-type=\"container\">\n\t\t\t\t\t<div class=\"e-con-inner\">\n\t\t\t\t<div class=\"elementor-element elementor-element-383bf4c elementor-widget elementor-widget-spacer\" data-id=\"383bf4c\" data-element_type=\"widget\" data-e-type=\"widget\" data-widget_type=\"spacer.default\">\n\t\t\t\t<div class=\"elementor-widget-container\">\n\t\t\t\t\t\t\t<div class=\"elementor-spacer\">\n\t\t\t<div class=\"elementor-spacer-inner\"><\/div>\n\t\t<\/div>\n\t\t\t\t\t\t<\/div>\n\t\t\t\t<\/div>\n\t\t\t\t\t<\/div>\n\t\t\t\t<\/div>\n\t\t<div class=\"elementor-element elementor-element-7eb2ec9 e-flex e-con-boxed e-con e-parent\" data-id=\"7eb2ec9\" data-element_type=\"container\" data-e-type=\"container\">\n\t\t\t\t\t<div class=\"e-con-inner\">\n\t\t<div class=\"elementor-element elementor-element-e2d7c71 e-con-full e-flex e-con e-child\" data-id=\"e2d7c71\" data-element_type=\"container\" data-e-type=\"container\">\n\t\t\t\t<div class=\"elementor-element elementor-element-1f7bb71 elementor-widget elementor-widget-image\" data-id=\"1f7bb71\" data-element_type=\"widget\" data-e-type=\"widget\" data-widget_type=\"image.default\">\n\t\t\t\t<div class=\"elementor-widget-container\">\n\t\t\t\t\t\t\t\t\t\t\t\t\t\t\t<img fetchpriority=\"high\" decoding=\"async\" width=\"750\" height=\"750\" src=\"https:\/\/hoerdesign.ch\/wp-content\/uploads\/2026\/03\/PerfectDome-1024x1024.avif\" class=\"attachment-large size-large wp-image-5550\" alt=\"\" srcset=\"https:\/\/hoerdesign.ch\/wp-content\/uploads\/2026\/03\/PerfectDome-1024x1024.avif 1024w, https:\/\/hoerdesign.ch\/wp-content\/uploads\/2026\/03\/PerfectDome-300x300.avif 300w, https:\/\/hoerdesign.ch\/wp-content\/uploads\/2026\/03\/PerfectDome-150x150.avif 150w, https:\/\/hoerdesign.ch\/wp-content\/uploads\/2026\/03\/PerfectDome-768x768.avif 768w, https:\/\/hoerdesign.ch\/wp-content\/uploads\/2026\/03\/PerfectDome-12x12.avif 12w, https:\/\/hoerdesign.ch\/wp-content\/uploads\/2026\/03\/PerfectDome.avif 1080w\" sizes=\"(max-width: 750px) 100vw, 750px\" style=\"width:100%;height:100%;max-width:1080px\" \/>\t\t\t\t\t\t\t\t\t\t\t\t\t\t\t<\/div>\n\t\t\t\t<\/div>\n\t\t\t\t<\/div>\n\t\t<div class=\"elementor-element elementor-element-958eb42 e-con-full e-flex e-con e-child\" data-id=\"958eb42\" data-element_type=\"container\" data-e-type=\"container\">\n\t\t\t\t<div class=\"elementor-element elementor-element-4f5ab1e elementor-widget elementor-widget-text-editor\" data-id=\"4f5ab1e\" data-element_type=\"widget\" data-e-type=\"widget\" data-widget_type=\"text-editor.default\">\n\t\t\t\t<div class=\"elementor-widget-container\">\n\t\t\t\t\t\t\t\t\t<h1 class=\"tw-product-header\">Audinell PerfectDome<\/h1>\n<div class=\"h4\">\n<p>\u00a0<\/p>\n<p>Elektronische Trockenstation mit UV-C-Licht<\/p>\n<\/div>\n<p class=\"p1\">Der Audinell PerfectDome ist ein fortschrittliches Trocknungssystem mit UV-C-Technologie zur t\u00e4glichen Pflege von H\u00f6rsystemen und deren Ladestationen. In nur 60 Minuten trocknet und desinfiziert das Ger\u00e4t zuverl\u00e4ssig \u2013 bei Bedarf auch w\u00e4hrend des Ladens.<\/p>\n<div class=\"panel-heading\">\n<div>\u00a0<\/div>\n<div class=\"panel-title toggle\"><strong><span class=\"fusion-toggle-heading\">Lieferumfang:<\/span><\/strong><\/div>\n<\/div>\n<div id=\"tw-delivery\" class=\"panel-collapse collapse in\">\n<div class=\"panel-body toggle-content fusion-clearfix\">\n<div class=\"tw-delivery tw-row\">\n<div class=\"tw-col\">\n<ul class=\"tw-checklist\">\n<li>1 \u00d7 PerfectDome Trocknungssystem<\/li>\n<li>1 \u00d7 20-Watt-USB-Netzstecker<\/li>\n<li>1 \u00d7 USB-C-Ladekabel (lang)<\/li>\n<li>1 \u00d7 USB-C-Ladekabel (kurz)<\/li>\n<li>1 \u00d7 USB-C zu Micro-USB-Kabel<\/li>\n<li>1 \u00d7 Benutzerhandbuch<\/li>\n<\/ul>\n<\/div>\n<\/div>\n<\/div>\n<\/div>\t\t\t\t\t\t\t\t<\/div>\n\t\t\t\t<\/div>\n\t\t\t\t<div class=\"elementor-element elementor-element-4b82dfb elementor-widget elementor-widget-surecart-add-to-cart-button\" data-id=\"4b82dfb\" data-element_type=\"widget\" data-e-type=\"widget\" data-widget_type=\"surecart-add-to-cart-button.default\">\n\t\t\t\t<div class=\"elementor-widget-container\">\n\t\t\t\t\t\t\t<button\n\t\t\t\n\t\t\tclass=\"wp-block-button__link wp-block-surecart-product-elementor-cart-button wp-element-button sc-button__link elementor-button elementor-button-link elementor-size-sm\" data-wp-bind--disabled=\"state.isUnavailable\" data-wp-class--sc-button__link--busy=\"context.busy\" data-wp-on--click=\"callbacks.redirectToCheckout\">\n\t\t\t<span class=\"elementor-button-content-wrapper\" data-wp-context=\"{&quot;checkoutUrl&quot;:&quot;https:\\\/\\\/hoerdesign.ch\\\/en\\\/bestellvorgang\\\/&quot;,&quot;buttonText&quot;:&quot;Zum Warenkorb hinzuf\\u00fcgen&quot;,&quot;outOfStockText&quot;:&quot;Sold Out&quot;,&quot;unavailableText&quot;:&quot;Unavailable&quot;,&quot;addToCart&quot;:false}\">\n\t\t\t\n\t\t\t\t\t\t\t\t\t\t\t\t<span class=\"sc-spinner\" aria-hidden=\"false\"><\/span>\n\t\t\t\t\t<span class=\"sc-button__link-text\" data-wp-text=\"state.buttonText\"><\/span>\n\t\t\t\t\t\t\t\t\t\t<\/span>\n\t\t<\/button>\n\n\t\t\t\t\t\t<\/div>\n\t\t\t\t<\/div>\n\t\t\t\t<\/div>\n\t\t\t\t\t<\/div>\n\t\t\t\t<\/div>\n\t\t<div class=\"elementor-element elementor-element-56457c0 e-flex e-con-boxed e-con e-parent\" data-id=\"56457c0\" data-element_type=\"container\" data-e-type=\"container\">\n\t\t\t\t\t<div class=\"e-con-inner\">\n\t\t<div class=\"elementor-element elementor-element-0a5c392 e-con-full e-flex e-con e-child\" data-id=\"0a5c392\" data-element_type=\"container\" data-e-type=\"container\">\n\t\t\t\t<div class=\"elementor-element elementor-element-8cdc4af elementor-widget elementor-widget-text-editor\" data-id=\"8cdc4af\" data-element_type=\"widget\" data-e-type=\"widget\" data-widget_type=\"text-editor.default\">\n\t\t\t\t<div class=\"elementor-widget-container\">\n\t\t\t\t\t\t\t\t\t<div id=\"tw-product-attributes\" class=\"tw-product-section\">\n<div class=\"tw-row\">\n<div class=\"tw-col\">\n<div class=\"accordian fusion-accordian\">\n<div id=\"accordion-58890-100\" class=\"panel-group fusion-toggle-icon-right\" role=\"tablist\">\n<div class=\"fusion-panel panel-default fusion-toggle-no-divider fusion-toggle-boxed-mode\" role=\"tabpanel\">\n<div class=\"panel-heading\">\n<h1 style=\"font-family: 'Univers LT 59 UltraCondensed'; font-weight: 400; line-height: 1.2; letter-spacing: 1.92px; text-transform: uppercase; color: #e50046; margin-bottom: 8px; font-size: inherit !important;\"><strong><span style=\"color: #28303d; font-family: -apple-system, BlinkMacSystemFont, 'Segoe UI', Roboto, Oxygen-Sans, Ubuntu, Cantarell, 'Helvetica Neue', sans-serif;\">Trocknen, Desinfizieren &amp; Laden &#8211; in einem Ger\u00e4t<\/span><\/strong><\/h1>\n<\/div>\n<div>&nbsp;<\/div>\n<div class=\"panel-heading\"><strong>Effizient &amp; schonend<\/strong><\/div>\n<\/div>\n<\/div>\n<\/div>\n<\/div>\n<\/div>\n<\/div>\n<div class=\"fusion-fullwidth fullwidth-box fusion-builder-row-2 fusion-flex-container nonhundred-percent-fullwidth non-hundred-percent-height-scrolling\">\n<div class=\"fusion-builder-row fusion-row fusion-flex-align-items-flex-start fusion-flex-content-wrap\">\n<div class=\"fusion-layout-column fusion_builder_column fusion-builder-column-12 fusion_builder_column_1_2 1_2 fusion-flex-column fusion-flex-align-self-center\">\n<div class=\"fusion-column-wrapper fusion-column-has-shadow fusion-flex-justify-content-flex-start fusion-content-layout-column\">\n<div class=\"fusion-text fusion-text-5\">\n<p>Der PerfectDome kombiniert eine Impulsbel\u00fcftung bei 35\u202f\u00b0C mit 5 UV-C-LEDs, die w\u00e4hrend des gesamten Zyklus arbeiten. So wird Feuchtigkeit effektiv entfernt und die Oberfl\u00e4che hygienisch desinfiziert \u2013 ganz ohne Chemie.<\/p>\n<p><strong>Laden w\u00e4hrend des Pflegezyklus<\/strong><br>Ein integrierter Anschluss erm\u00f6glicht das gleichzeitige Laden von H\u00f6rsystemen w\u00e4hrend des Trocknungs- und Desinfektionsprozesses. Ideal f\u00fcr moderne Ladestationen \u2013 platzsparend, praktisch und zeitsparend.<\/p><\/div><\/div><\/div>\n<\/div>\n<\/div>\t\t\t\t\t\t\t\t<\/div>\n\t\t\t\t<\/div>\n\t\t\t\t<\/div>\n\t\t<div class=\"elementor-element elementor-element-123b713 e-con-full e-flex e-con e-child\" data-id=\"123b713\" data-element_type=\"container\" data-e-type=\"container\">\n\t\t\t\t<\/div>\n\t\t\t\t\t<\/div>\n\t\t\t\t<\/div>\n\t\t<div class=\"elementor-element elementor-element-43c1ae8 e-flex e-con-boxed e-con e-parent\" data-id=\"43c1ae8\" data-element_type=\"container\" data-e-type=\"container\">\n\t\t\t\t\t<div class=\"e-con-inner\">\n\t\t\t\t<div class=\"elementor-element elementor-element-dbeb4ce elementor-widget elementor-widget-shortcode\" data-id=\"dbeb4ce\" data-element_type=\"widget\" data-e-type=\"widget\" data-widget_type=\"shortcode.default\">\n\t\t\t\t<div class=\"elementor-widget-container\">\n\t\t\t\t\t\t\t<div class=\"elementor-shortcode\"><sc-checkout\n\tclass=\"checkout\"\n\tid=\"sc-checkout-5663\"\n\tstyle=\"text-align: left;--sc-form-row-spacing: 25px;\"\n\tmodified=\"2026-03-26 20:34:25\"\n\talignment=\"\"\n\tsuccess-url=\"\"\n>\n\t<sc-form>\n\t\t\t\t\t<sc-checkbox name=\"get_feedback\" value=\"Feedback\" style=\"display: none !important;\"><\/sc-checkbox>\n\t\t\t\t\n<sc-price-choices\n\t\t\t\t\tclass=\"wp-block-surecart-price-choice\"\n\t\t\t\t\tlabel=\"W\u00e4hle ein Produkt\"\n\t\t\t\t\ttype=\"radio\"\n\t\t\t\t\tcolumns=\"1\"\n\t\t\t\t>\n\t\t<sc-price-choice\n\t\t\tid=\"sc-price-choice-1\"\n\t\t\tprice-id=\"d75ae059-e21e-457c-a222-65e7032b879d\"\n\t\t\ttype=\"radio\"\n\t\t\tlabel=\"\"\n\t\t\tdescription=\"\"\n\t\t\tchecked=\"true\"\n\t\t\tshow-label=\"true\"\n\t\t\tshow-price=\"true\"\n\t\t\tshow-control=\"false\"\n\t\t\tquantity=\"1\"\n\t\t><\/sc-price-choice>\n\t\t\n\n\t\t<sc-price-choice\n\t\t\tid=\"sc-price-choice-2\"\n\t\t\tprice-id=\"44be07b4-5a73-4f69-b021-d482b267970b\"\n\t\t\ttype=\"radio\"\n\t\t\tlabel=\"\"\n\t\t\tdescription=\"\"\n\t\t\tchecked=\"false\"\n\t\t\tshow-label=\"true\"\n\t\t\tshow-price=\"true\"\n\t\t\tshow-control=\"false\"\n\t\t\tquantity=\"1\"\n\t\t><\/sc-price-choice>\n\t\t\n\n\t\t<sc-price-choice\n\t\t\tid=\"sc-price-choice-3\"\n\t\t\tprice-id=\"26fa7e62-d1f5-413a-9019-759576ee689b\"\n\t\t\ttype=\"radio\"\n\t\t\tlabel=\"\"\n\t\t\tdescription=\"\"\n\t\t\tchecked=\"false\"\n\t\t\tshow-label=\"true\"\n\t\t\tshow-price=\"true\"\n\t\t\tshow-control=\"false\"\n\t\t\tquantity=\"1\"\n\t\t><\/sc-price-choice>\n\t\t\n\n\t\t<sc-price-choice\n\t\t\tid=\"sc-price-choice-4\"\n\t\t\tprice-id=\"18031f6b-0adc-4aa9-b950-f1466700bada\"\n\t\t\ttype=\"radio\"\n\t\t\tlabel=\"\"\n\t\t\tdescription=\"\"\n\t\t\tchecked=\"false\"\n\t\t\tshow-label=\"true\"\n\t\t\tshow-price=\"true\"\n\t\t\tshow-control=\"false\"\n\t\t\tquantity=\"1\"\n\t\t><\/sc-price-choice>\n\t\t\n<\/sc-price-choices>\n\n\n<div class=\"wp-block-surecart-columns is-layout-flex wp-block-surecart-columns-is-layout-flex\">\n<div class=\"wp-block-surecart-column\">\n<sc-customer-name label=\"Vorname\" required class=\"wp-block-surecart-name\"><\/sc-customer-name>\n\n\n\n<sc-customer-name label=\"Nachname\" required class=\"wp-block-surecart-name\"><\/sc-customer-name>\n\n\n\n<sc-customer-name label=\"Adresse\" required class=\"wp-block-surecart-name\"><\/sc-customer-name>\n<\/div>\n\n\n\n<div class=\"wp-block-surecart-column\">\n\t\t<sc-customer-email\n\t\t\tclass=\"\"\n\t\t\tlabel=\"Ort\"\n\t\t\t\t\t\t\t\t\t\t\t\ttracking-confirmation-message=\"Your email and cart are saved so we can send email reminders about this order.\"\t\t\trequired\n\t\t\tautocomplete='email'\n\t\t\tinputmode='email'\n\t\t>\n\t\t<\/sc-customer-email>\n\n\t\t\n\n\n\t\t<sc-customer-email\n\t\t\tclass=\"\"\n\t\t\tlabel=\"Postleitzahl\"\n\t\t\t\t\t\t\t\t\t\t\t\ttracking-confirmation-message=\"Your email and cart are saved so we can send email reminders about this order.\"\t\t\trequired\n\t\t\tautocomplete='email'\n\t\t\tinputmode='email'\n\t\t>\n\t\t<\/sc-customer-email>\n\n\t\t\n\n\n\t\t<sc-customer-email\n\t\t\tclass=\"\"\n\t\t\tlabel=\"Email\"\n\t\t\t\t\t\t\t\t\t\t\t\ttracking-confirmation-message=\"Your email and cart are saved so we can send email reminders about this order.\"\t\t\trequired\n\t\t\tautocomplete='email'\n\t\t\tinputmode='email'\n\t\t>\n\t\t<\/sc-customer-email>\n\n\t\t<\/div>\n<\/div>\n\n\n\n\t\t<sc-payment\n\t\t\tid=\"sc-payment-0\"\n\t\t\tclass=\"\"\n\t\t>\n\t\t\t\t\t\t\t<sc-stripe-payment-element slot=\"stripe\"><\/sc-stripe-payment-element>\n\t\t\t\n\t\t\t\t\t<\/sc-payment>\n\t\t\n\n\n<sc-order-summary collapsible=\"1\" order-summary-text=\"Bestell\u00fcbersicht\" invoice-summary-text=\"Rechnungs\u00fcbersicht\" class=\"wp-block-surecart-totals\">\n<sc-divider><\/sc-divider>\n\n\n\n<sc-line-items removable=\"1\" editable=\"1\" class=\"wp-block-surecart-line-items\"><\/sc-line-items>\n\n\n\n<sc-divider><\/sc-divider>\n\n\n\n<sc-line-item-total total=\"subtotal\" class=\"wp-block-surecart-subtotal\"><span slot=\"description\">Zwischensumme<\/span><span slot=\"total-payments-description\">Gesamtsumme der Raten<\/span><span slot=\"first-payment-subtotal-description\">Anzahlung<\/span><\/sc-line-item-total>\n\n\n<sc-line-item-trial class=\"wp-block-surecart-trial-line-item\" label=\"Testphase\"><\/sc-line-item-trial>\n\n\t\t<sc-order-coupon-form\n\t\t\tlabel=\"Gutscheincode eingeben\"\n\t\t\tplaceholder=\"Gutschein-Code eingeben\"\n\t\t\tbutton-text=\"Gutschein anwenden\"\n\t\t\tcollapsed>\n\t\t<\/sc-order-coupon-form>\n\t\t\n\n\n<sc-line-item-tax class=\"wp-block-surecart-tax-line-item\"><\/sc-line-item-tax>\n\n\n\n<sc-divider>Steuer<\/sc-divider>\n\n\n\n<sc-line-item-total total=\"total\" size=\"large\" show-currency=\"1\" class=\"wp-block-surecart-total\"><span slot=\"title\">Gesamtsumme<\/span><span slot=\"subscription-title\">F\u00e4lliger Betrag heute<\/span><span slot=\"first-payment-total-description\">Subtotal<\/span><span slot=\"free-trial-description\">Trial<\/span><span slot=\"due-amount-description\">Zu zahlender Betrag<\/span><\/sc-line-item-total>\n<\/sc-order-summary>\n\n\n\t\t<sc-order-submit\n\t\t\ttype=\"primary\"\n\t\t\tfull=\"true\"\n\t\t\tsize=\"large\"\n\t\t\ticon=\"lock\"\t\t\tshow-total=\"true\"\n\t\t\tsecure-notice=\"true\"\n\t\t\tsecure-notice-text=\"Dies ist eine sichere, verschl\u00fcsselte Zahlung\"\n\t\t\t\t\t\t\t\t\tclass=\"wp-block-surecart-submit\"\n\t\t>Jetzt kaufen<\/sc-order-submit>\n\t\t\n\t<\/sc-form>\n<\/sc-checkout>\n<\/div>\n\t\t\t\t\t\t<\/div>\n\t\t\t\t<\/div>\n\t\t\t\t\t<\/div>\n\t\t\t\t<\/div>\n\t\t\t\t<\/div>","protected":false},"excerpt":{"rendered":"<p>Audinell PerfectDome \u00a0 Elektronische Trockenstation mit UV-C-Licht Der Audinell PerfectDome ist ein fortschrittliches Trocknungssystem mit UV-C-Technologie zur t\u00e4glichen Pflege von H\u00f6rsystemen und deren Ladestationen. In nur 60 Minuten trocknet und desinfiziert das Ger\u00e4t zuverl\u00e4ssig \u2013 bei Bedarf auch w\u00e4hrend des Ladens. \u00a0 Lieferumfang: 1 \u00d7 PerfectDome Trocknungssystem 1 \u00d7 20-Watt-USB-Netzstecker 1 \u00d7 USB-C-Ladekabel (lang) 1&hellip; <a class=\"more-link\" href=\"https:\/\/hoerdesign.ch\/en\/shop\/\">Continue reading <span class=\"screen-reader-text\">Shop<\/span><\/a><\/p>","protected":false},"author":1,"featured_media":0,"parent":0,"menu_order":0,"comment_status":"closed","ping_status":"closed","template":"","meta":{"_surecart_dashboard_logo_width":"180px","_surecart_dashboard_show_logo":true,"_surecart_dashboard_navigation_orders":true,"_surecart_dashboard_navigation_invoices":true,"_surecart_dashboard_navigation_subscriptions":true,"_surecart_dashboard_navigation_downloads":true,"_surecart_dashboard_navigation_billing":true,"_surecart_dashboard_navigation_account":true,"footnotes":""},"class_list":["post-5544","page","type-page","status-publish","hentry","entry"],"yoast_head":"<!-- This site is optimized with the Yoast SEO plugin v27.5 - https:\/\/yoast.com\/product\/yoast-seo-wordpress\/ -->\n<title>Shop - H\u00f6rdesign GmbH<\/title>\n<meta name=\"robots\" content=\"index, follow, max-snippet:-1, max-image-preview:large, max-video-preview:-1\" \/>\n<link rel=\"canonical\" href=\"https:\/\/hoerdesign.ch\/en\/shop\/\" \/>\n<meta property=\"og:locale\" content=\"en_GB\" \/>\n<meta property=\"og:type\" content=\"article\" \/>\n<meta property=\"og:title\" content=\"Shop - H\u00f6rdesign GmbH\" \/>\n<meta property=\"og:description\" content=\"Audinell PerfectDome \u00a0 Elektronische Trockenstation mit UV-C-Licht Der Audinell PerfectDome ist ein fortschrittliches Trocknungssystem mit UV-C-Technologie zur t\u00e4glichen Pflege von H\u00f6rsystemen und deren Ladestationen. In nur 60 Minuten trocknet und desinfiziert das Ger\u00e4t zuverl\u00e4ssig \u2013 bei Bedarf auch w\u00e4hrend des Ladens. \u00a0 Lieferumfang: 1 \u00d7 PerfectDome Trocknungssystem 1 \u00d7 20-Watt-USB-Netzstecker 1 \u00d7 USB-C-Ladekabel (lang) 1&hellip; Continue reading Shop\" \/>\n<meta property=\"og:url\" content=\"https:\/\/hoerdesign.ch\/en\/shop\/\" \/>\n<meta property=\"og:site_name\" content=\"H\u00f6rdesign GmbH\" \/>\n<meta property=\"article:publisher\" content=\"https:\/\/www.facebook.com\/hoerdesigninzug\" \/>\n<meta property=\"article:modified_time\" content=\"2026-03-25T21:12:51+00:00\" \/>\n<meta name=\"twitter:card\" content=\"summary_large_image\" \/>\n<meta name=\"twitter:label1\" content=\"Estimated reading time\" \/>\n\t<meta name=\"twitter:data1\" content=\"1 minute\" \/>\n<script type=\"application\/ld+json\" class=\"yoast-schema-graph\">{\"@context\":\"https:\\\/\\\/schema.org\",\"@graph\":[{\"@type\":\"WebPage\",\"@id\":\"https:\\\/\\\/hoerdesign.ch\\\/shop\\\/\",\"url\":\"https:\\\/\\\/hoerdesign.ch\\\/shop\\\/\",\"name\":\"Shop - H\u00f6rdesign GmbH\",\"isPartOf\":{\"@id\":\"https:\\\/\\\/hoerdesign.ch\\\/#website\"},\"primaryImageOfPage\":{\"@id\":\"https:\\\/\\\/hoerdesign.ch\\\/shop\\\/#primaryimage\"},\"image\":{\"@id\":\"https:\\\/\\\/hoerdesign.ch\\\/shop\\\/#primaryimage\"},\"thumbnailUrl\":\"https:\\\/\\\/hoerdesign.ch\\\/wp-content\\\/uploads\\\/2026\\\/03\\\/PerfectDome-1024x1024.avif\",\"datePublished\":\"2026-03-09T19:49:00+00:00\",\"dateModified\":\"2026-03-25T21:12:51+00:00\",\"breadcrumb\":{\"@id\":\"https:\\\/\\\/hoerdesign.ch\\\/shop\\\/#breadcrumb\"},\"inLanguage\":\"en-GB\",\"potentialAction\":[{\"@type\":\"ReadAction\",\"target\":[\"https:\\\/\\\/hoerdesign.ch\\\/shop\\\/\"]}]},{\"@type\":\"ImageObject\",\"inLanguage\":\"en-GB\",\"@id\":\"https:\\\/\\\/hoerdesign.ch\\\/shop\\\/#primaryimage\",\"url\":\"https:\\\/\\\/hoerdesign.ch\\\/wp-content\\\/uploads\\\/2026\\\/03\\\/PerfectDome-1024x1024.avif\",\"contentUrl\":\"https:\\\/\\\/hoerdesign.ch\\\/wp-content\\\/uploads\\\/2026\\\/03\\\/PerfectDome-1024x1024.avif\"},{\"@type\":\"BreadcrumbList\",\"@id\":\"https:\\\/\\\/hoerdesign.ch\\\/shop\\\/#breadcrumb\",\"itemListElement\":[{\"@type\":\"ListItem\",\"position\":1,\"name\":\"Startseite\",\"item\":\"https:\\\/\\\/hoerdesign.ch\\\/\"},{\"@type\":\"ListItem\",\"position\":2,\"name\":\"Shop\"}]},{\"@type\":\"WebSite\",\"@id\":\"https:\\\/\\\/hoerdesign.ch\\\/#website\",\"url\":\"https:\\\/\\\/hoerdesign.ch\\\/\",\"name\":\"H\u00f6rdesign GmbH\",\"description\":\"Mehr h\u00f6ren. Mehr erleben\",\"publisher\":{\"@id\":\"https:\\\/\\\/hoerdesign.ch\\\/#organization\"},\"potentialAction\":[{\"@type\":\"SearchAction\",\"target\":{\"@type\":\"EntryPoint\",\"urlTemplate\":\"https:\\\/\\\/hoerdesign.ch\\\/?s={search_term_string}\"},\"query-input\":{\"@type\":\"PropertyValueSpecification\",\"valueRequired\":true,\"valueName\":\"search_term_string\"}}],\"inLanguage\":\"en-GB\"},{\"@type\":\"Organization\",\"@id\":\"https:\\\/\\\/hoerdesign.ch\\\/#organization\",\"name\":\"H\u00f6rdesign GmbH\",\"url\":\"https:\\\/\\\/hoerdesign.ch\\\/\",\"logo\":{\"@type\":\"ImageObject\",\"inLanguage\":\"en-GB\",\"@id\":\"https:\\\/\\\/hoerdesign.ch\\\/#\\\/schema\\\/logo\\\/image\\\/\",\"url\":\"https:\\\/\\\/hoerdesign.ch\\\/wp-content\\\/uploads\\\/2023\\\/10\\\/Logo-Hoerdesign-Hohe-Aufloesung.png\",\"contentUrl\":\"https:\\\/\\\/hoerdesign.ch\\\/wp-content\\\/uploads\\\/2023\\\/10\\\/Logo-Hoerdesign-Hohe-Aufloesung.png\",\"width\":730,\"height\":289,\"caption\":\"H\u00f6rdesign GmbH\"},\"image\":{\"@id\":\"https:\\\/\\\/hoerdesign.ch\\\/#\\\/schema\\\/logo\\\/image\\\/\"},\"sameAs\":[\"https:\\\/\\\/www.facebook.com\\\/hoerdesigninzug\",\"https:\\\/\\\/www.instagram.com\\\/hoerdesign_official\\\/\",\"https:\\\/\\\/www.linkedin.com\\\/company\\\/78306967\\\/admin\\\/feed\\\/posts\\\/?feedType=following\"]}]}<\/script>\n<!-- \/ Yoast SEO plugin. -->","yoast_head_json":{"title":"Shop - H\u00f6rdesign GmbH","robots":{"index":"index","follow":"follow","max-snippet":"max-snippet:-1","max-image-preview":"max-image-preview:large","max-video-preview":"max-video-preview:-1"},"canonical":"https:\/\/hoerdesign.ch\/en\/shop\/","og_locale":"en_GB","og_type":"article","og_title":"Shop - H\u00f6rdesign GmbH","og_description":"Audinell PerfectDome \u00a0 Elektronische Trockenstation mit UV-C-Licht Der Audinell PerfectDome ist ein fortschrittliches Trocknungssystem mit UV-C-Technologie zur t\u00e4glichen Pflege von H\u00f6rsystemen und deren Ladestationen. In nur 60 Minuten trocknet und desinfiziert das Ger\u00e4t zuverl\u00e4ssig \u2013 bei Bedarf auch w\u00e4hrend des Ladens. \u00a0 Lieferumfang: 1 \u00d7 PerfectDome Trocknungssystem 1 \u00d7 20-Watt-USB-Netzstecker 1 \u00d7 USB-C-Ladekabel (lang) 1&hellip; Continue reading Shop","og_url":"https:\/\/hoerdesign.ch\/en\/shop\/","og_site_name":"H\u00f6rdesign GmbH","article_publisher":"https:\/\/www.facebook.com\/hoerdesigninzug","article_modified_time":"2026-03-25T21:12:51+00:00","twitter_card":"summary_large_image","twitter_misc":{"Estimated reading time":"1 minute"},"schema":{"@context":"https:\/\/schema.org","@graph":[{"@type":"WebPage","@id":"https:\/\/hoerdesign.ch\/shop\/","url":"https:\/\/hoerdesign.ch\/shop\/","name":"Shop - H\u00f6rdesign GmbH","isPartOf":{"@id":"https:\/\/hoerdesign.ch\/#website"},"primaryImageOfPage":{"@id":"https:\/\/hoerdesign.ch\/shop\/#primaryimage"},"image":{"@id":"https:\/\/hoerdesign.ch\/shop\/#primaryimage"},"thumbnailUrl":"https:\/\/hoerdesign.ch\/wp-content\/uploads\/2026\/03\/PerfectDome-1024x1024.avif","datePublished":"2026-03-09T19:49:00+00:00","dateModified":"2026-03-25T21:12:51+00:00","breadcrumb":{"@id":"https:\/\/hoerdesign.ch\/shop\/#breadcrumb"},"inLanguage":"en-GB","potentialAction":[{"@type":"ReadAction","target":["https:\/\/hoerdesign.ch\/shop\/"]}]},{"@type":"ImageObject","inLanguage":"en-GB","@id":"https:\/\/hoerdesign.ch\/shop\/#primaryimage","url":"https:\/\/hoerdesign.ch\/wp-content\/uploads\/2026\/03\/PerfectDome-1024x1024.avif","contentUrl":"https:\/\/hoerdesign.ch\/wp-content\/uploads\/2026\/03\/PerfectDome-1024x1024.avif"},{"@type":"BreadcrumbList","@id":"https:\/\/hoerdesign.ch\/shop\/#breadcrumb","itemListElement":[{"@type":"ListItem","position":1,"name":"Startseite","item":"https:\/\/hoerdesign.ch\/"},{"@type":"ListItem","position":2,"name":"Shop"}]},{"@type":"WebSite","@id":"https:\/\/hoerdesign.ch\/#website","url":"https:\/\/hoerdesign.ch\/","name":"H\u00f6rdesign GmbH","description":"Mehr h\u00f6ren. Mehr erleben","publisher":{"@id":"https:\/\/hoerdesign.ch\/#organization"},"potentialAction":[{"@type":"SearchAction","target":{"@type":"EntryPoint","urlTemplate":"https:\/\/hoerdesign.ch\/?s={search_term_string}"},"query-input":{"@type":"PropertyValueSpecification","valueRequired":true,"valueName":"search_term_string"}}],"inLanguage":"en-GB"},{"@type":"Organization","@id":"https:\/\/hoerdesign.ch\/#organization","name":"H\u00f6rdesign GmbH","url":"https:\/\/hoerdesign.ch\/","logo":{"@type":"ImageObject","inLanguage":"en-GB","@id":"https:\/\/hoerdesign.ch\/#\/schema\/logo\/image\/","url":"https:\/\/hoerdesign.ch\/wp-content\/uploads\/2023\/10\/Logo-Hoerdesign-Hohe-Aufloesung.png","contentUrl":"https:\/\/hoerdesign.ch\/wp-content\/uploads\/2023\/10\/Logo-Hoerdesign-Hohe-Aufloesung.png","width":730,"height":289,"caption":"H\u00f6rdesign GmbH"},"image":{"@id":"https:\/\/hoerdesign.ch\/#\/schema\/logo\/image\/"},"sameAs":["https:\/\/www.facebook.com\/hoerdesigninzug","https:\/\/www.instagram.com\/hoerdesign_official\/","https:\/\/www.linkedin.com\/company\/78306967\/admin\/feed\/posts\/?feedType=following"]}]}},"_links":{"self":[{"href":"https:\/\/hoerdesign.ch\/en\/wp-json\/wp\/v2\/pages\/5544","targetHints":{"allow":["GET"]}}],"collection":[{"href":"https:\/\/hoerdesign.ch\/en\/wp-json\/wp\/v2\/pages"}],"about":[{"href":"https:\/\/hoerdesign.ch\/en\/wp-json\/wp\/v2\/types\/page"}],"author":[{"embeddable":true,"href":"https:\/\/hoerdesign.ch\/en\/wp-json\/wp\/v2\/users\/1"}],"replies":[{"embeddable":true,"href":"https:\/\/hoerdesign.ch\/en\/wp-json\/wp\/v2\/comments?post=5544"}],"version-history":[{"count":13,"href":"https:\/\/hoerdesign.ch\/en\/wp-json\/wp\/v2\/pages\/5544\/revisions"}],"predecessor-version":[{"id":5671,"href":"https:\/\/hoerdesign.ch\/en\/wp-json\/wp\/v2\/pages\/5544\/revisions\/5671"}],"wp:attachment":[{"href":"https:\/\/hoerdesign.ch\/en\/wp-json\/wp\/v2\/media?parent=5544"}],"curies":[{"name":"wp","href":"https:\/\/api.w.org\/{rel}","templated":true}]}}